{"id":42772,"date":"2025-06-18T11:03:47","date_gmt":"2025-06-18T11:03:47","guid":{"rendered":"https:\/\/zl.jewelry\/product\/earrings-diana-with-topaz\/"},"modified":"2025-10-30T15:23:34","modified_gmt":"2025-10-30T15:23:34","slug":"earrings-diana-with-topaz","status":"publish","type":"product","link":"https:\/\/zl.jewelry\/pl\/product\/earrings-diana-with-topaz\/","title":{"rendered":"Kolczyki \u201eDiana\u201d z topazami"},"content":{"rendered":"<p><span style=\"background-color: #ffffff; color: #1d2129; font-family: segoe ui historic,segoe ui,helvetica,arial,sans-serif; font-size: 14px;\">Kolczyki z bia\u0142ego z\u0142ota z delikatnym fianitem w kolorze chabrowym\u2013 idealny tandem, kt\u00f3ry harmonijnie po\u0142\u0105czy\u0142 zimny po\u0142ysk metalu szlachetnego i szlachetny blask kamieni.<\/span><br \/>\n<span style=\"background-color: #ffffff; color: #1d2129; font-family: segoe ui historic,segoe ui,helvetica,arial,sans-serif; font-size: 14px;\">Niesamowity g\u0142\u0119boki kolor fianitu, kt\u00f3rego pi\u0119kno podkre\u015bla blask ma\u0142ych fianit\u00f3w, nie mo\u017ce nie urzeka\u0107 od pierwszego wejrzenia.<\/span><\/p>\n","protected":false},"excerpt":{"rendered":"<p>Kolczyki z bia\u0142ego z\u0142ota z delikatnym fianitem w kolorze chabrowym\u2013 idealny tandem, kt\u00f3ry harmonijnie po\u0142\u0105czy\u0142 zimny po\u0142ysk metalu szlachetnego i szlachetny blask kamieni. Niesamowity g\u0142\u0119boki kolor fianitu, kt\u00f3rego pi\u0119kno podkre\u015bla blask ma\u0142ych fianit\u00f3w, nie mo\u017ce nie urzeka\u0107 od pierwszego wejrzenia.<\/p>\n","protected":false},"featured_media":14097,"template":"","meta":{"_acf_changed":false},"product_brand":[],"product_cat":[538,542,544,546,548,550],"product_tag":[],"class_list":{"0":"post-42772","1":"product","2":"type-product","3":"status-publish","4":"has-post-thumbnail","6":"product_cat-gold-earrings-pl","7":"product_cat-drop-earrings-pl","8":"product_cat-earrings-from-5gr-pl","9":"product_cat-earrings-with-diamonds-pl","10":"product_cat-earrings-with-stones-pl","11":"product_cat-with-cubic-zirkonia-pl","13":"first","14":"instock","15":"product-type-simple"},"acf":[],"_links":{"self":[{"href":"https:\/\/zl.jewelry\/pl\/wp-json\/wp\/v2\/product\/42772","targetHints":{"allow":["GET"]}}],"collection":[{"href":"https:\/\/zl.jewelry\/pl\/wp-json\/wp\/v2\/product"}],"about":[{"href":"https:\/\/zl.jewelry\/pl\/wp-json\/wp\/v2\/types\/product"}],"wp:featuredmedia":[{"embeddable":true,"href":"https:\/\/zl.jewelry\/pl\/wp-json\/wp\/v2\/media\/14097"}],"wp:attachment":[{"href":"https:\/\/zl.jewelry\/pl\/wp-json\/wp\/v2\/media?parent=42772"}],"wp:term":[{"taxonomy":"product_brand","embeddable":true,"href":"https:\/\/zl.jewelry\/pl\/wp-json\/wp\/v2\/product_brand?post=42772"},{"taxonomy":"product_cat","embeddable":true,"href":"https:\/\/zl.jewelry\/pl\/wp-json\/wp\/v2\/product_cat?post=42772"},{"taxonomy":"product_tag","embeddable":true,"href":"https:\/\/zl.jewelry\/pl\/wp-json\/wp\/v2\/product_tag?post=42772"}],"curies":[{"name":"wp","href":"https:\/\/api.w.org\/{rel}","templated":true}]}}