{"id":42766,"date":"2025-06-18T11:03:53","date_gmt":"2025-06-18T11:03:53","guid":{"rendered":"https:\/\/zl.jewelry\/product\/earrings-tear-of-venus-with-quartz\/"},"modified":"2025-10-30T09:11:39","modified_gmt":"2025-10-30T09:11:39","slug":"earrings-tear-of-venus-with-quartz","status":"publish","type":"product","link":"https:\/\/zl.jewelry\/pl\/product\/earrings-tear-of-venus-with-quartz\/","title":{"rendered":"Kolczyki &#8222;\u0141za Wenus&#8221; z kwarcem"},"content":{"rendered":"<p><span style=\"background-color: #ffffff; color: #1d2129; font-family: segoe ui historic,segoe ui,helvetica,arial,sans-serif; font-size: 14px;\">Kwarc jest jedn\u0105 z najbardziej rozpowszechnionych gplp kamieni na \u015bwiecie, z ponad 10 odmianami. Kolor kamienia zale\u017cy od sk\u0142adu minera\u0142u i ilo\u015bci r\u00f3\u017cnych zanieczyszcze\u0144 w nim zawartych. Taka r\u00f3\u017cnorodno\u015b\u0107 odcieni daje jubilerom pole do popisu dla wyobra\u017ani, pozwalaj\u0105c im tworzy\u0107 rzeczywiste i niezwyk\u0142e modele. Design jest teraz tylko w Twoich r\u0119kach! To Ty tworzysz w\u0142asn\u0105 bi\u017cuteri\u0119 i decydujesz, jak ma ona wygl\u0105da\u0107.\u00a0<\/span><span style=\"background-color: #ffffff; color: #1d2129; font-family: segoe ui historic,segoe ui,helvetica,arial,sans-serif; font-size: 14px;\">b\u0119d\u0105. Mo\u017cesz kupi\u0107 gotowe modele, a nast\u0119pnie doda\u0107 do nich wisiorki. Mo\u017cesz te\u017c \u0142\u0105czy\u0107 ze sob\u0105 r\u00f3\u017cne rodzaje bi\u017cuterii. Twoja wyobra\u017ania decyduje o wszystkim!<\/span><\/p>\n","protected":false},"excerpt":{"rendered":"<p>Kwarc jest jedn\u0105 z najbardziej rozpowszechnionych gplp kamieni na \u015bwiecie, z ponad 10 odmianami. Kolor kamienia zale\u017cy od sk\u0142adu minera\u0142u i ilo\u015bci r\u00f3\u017cnych zanieczyszcze\u0144 w nim zawartych. Taka r\u00f3\u017cnorodno\u015b\u0107 odcieni daje jubilerom pole do popisu dla wyobra\u017ani, pozwalaj\u0105c im tworzy\u0107 rzeczywiste i niezwyk\u0142e modele. Design jest teraz tylko w Twoich r\u0119kach! To Ty tworzysz w\u0142asn\u0105&#8230;<\/p>\n","protected":false},"featured_media":14105,"template":"","meta":{"_acf_changed":false},"product_brand":[],"product_cat":[538,542,545,546,548,550],"product_tag":[],"class_list":{"0":"post-42766","1":"product","2":"type-product","3":"status-publish","4":"has-post-thumbnail","6":"product_cat-gold-earrings-pl","7":"product_cat-drop-earrings-pl","8":"product_cat-earrings-up-to-5g-pl","9":"product_cat-earrings-with-diamonds-pl","10":"product_cat-earrings-with-stones-pl","11":"product_cat-with-cubic-zirkonia-pl","13":"first","14":"instock","15":"product-type-simple"},"acf":[],"_links":{"self":[{"href":"https:\/\/zl.jewelry\/pl\/wp-json\/wp\/v2\/product\/42766","targetHints":{"allow":["GET"]}}],"collection":[{"href":"https:\/\/zl.jewelry\/pl\/wp-json\/wp\/v2\/product"}],"about":[{"href":"https:\/\/zl.jewelry\/pl\/wp-json\/wp\/v2\/types\/product"}],"wp:featuredmedia":[{"embeddable":true,"href":"https:\/\/zl.jewelry\/pl\/wp-json\/wp\/v2\/media\/14105"}],"wp:attachment":[{"href":"https:\/\/zl.jewelry\/pl\/wp-json\/wp\/v2\/media?parent=42766"}],"wp:term":[{"taxonomy":"product_brand","embeddable":true,"href":"https:\/\/zl.jewelry\/pl\/wp-json\/wp\/v2\/product_brand?post=42766"},{"taxonomy":"product_cat","embeddable":true,"href":"https:\/\/zl.jewelry\/pl\/wp-json\/wp\/v2\/product_cat?post=42766"},{"taxonomy":"product_tag","embeddable":true,"href":"https:\/\/zl.jewelry\/pl\/wp-json\/wp\/v2\/product_tag?post=42766"}],"curies":[{"name":"wp","href":"https:\/\/api.w.org\/{rel}","templated":true}]}}