{"id":42763,"date":"2025-06-18T11:03:53","date_gmt":"2025-06-18T11:03:53","guid":{"rendered":"https:\/\/zl.jewelry\/product\/sunny-lane-ring\/"},"modified":"2025-10-30T14:48:56","modified_gmt":"2025-10-30T14:48:56","slug":"sunny-lane-ring","status":"publish","type":"product","link":"https:\/\/zl.jewelry\/pl\/product\/sunny-lane-ring\/","title":{"rendered":"Pier\u015bcionek &#8222;Sunny Lane&#8221;"},"content":{"rendered":"<p>Delikatny pier\u015bcionek w formie \u015bcie\u017cki kamieni, z bia\u0142ego z\u0142ota. Pier\u015bcionek jest rodowany, a na ca\u0142ej \u015brednicy znajduj\u0105 si\u0119 kamienie o \u015brednicy 3,00 mm. Waga jest proporcjonalna do rozmiaru, przy rozmiarze 16 waga z\u0142ota w bi\u017cuterii wynosi 4 gramy. Wz\u00f3r i wymiary mog\u0105 zosta\u0107 zmienione zgodnie z \u017cyczeniem klienta.<\/p>\n<p>_x000D_<\/p>\n","protected":false},"excerpt":{"rendered":"<p>Delikatny pier\u015bcionek w formie \u015bcie\u017cki kamieni, z bia\u0142ego z\u0142ota. Pier\u015bcionek jest rodowany, a na ca\u0142ej \u015brednicy znajduj\u0105 si\u0119 kamienie o \u015brednicy 3,00 mm. Waga jest proporcjonalna do rozmiaru, przy rozmiarze 16 waga z\u0142ota w bi\u017cuterii wynosi 4 gramy. Wz\u00f3r i wymiary mog\u0105 zosta\u0107 zmienione zgodnie z \u017cyczeniem klienta. _x000D_<\/p>\n","protected":false},"featured_media":42019,"template":"","meta":{"_acf_changed":false},"product_brand":[],"product_cat":[524,523,527],"product_tag":[],"class_list":{"0":"post-42763","1":"product","2":"type-product","3":"status-publish","4":"has-post-thumbnail","6":"product_cat-engagement-rings-with-diamonds-pl","7":"product_cat-engagement-rings-pl","8":"product_cat-white-gold-engagement-rings-pl","10":"first","11":"instock","12":"product-type-simple"},"acf":[],"_links":{"self":[{"href":"https:\/\/zl.jewelry\/pl\/wp-json\/wp\/v2\/product\/42763","targetHints":{"allow":["GET"]}}],"collection":[{"href":"https:\/\/zl.jewelry\/pl\/wp-json\/wp\/v2\/product"}],"about":[{"href":"https:\/\/zl.jewelry\/pl\/wp-json\/wp\/v2\/types\/product"}],"wp:featuredmedia":[{"embeddable":true,"href":"https:\/\/zl.jewelry\/pl\/wp-json\/wp\/v2\/media\/42019"}],"wp:attachment":[{"href":"https:\/\/zl.jewelry\/pl\/wp-json\/wp\/v2\/media?parent=42763"}],"wp:term":[{"taxonomy":"product_brand","embeddable":true,"href":"https:\/\/zl.jewelry\/pl\/wp-json\/wp\/v2\/product_brand?post=42763"},{"taxonomy":"product_cat","embeddable":true,"href":"https:\/\/zl.jewelry\/pl\/wp-json\/wp\/v2\/product_cat?post=42763"},{"taxonomy":"product_tag","embeddable":true,"href":"https:\/\/zl.jewelry\/pl\/wp-json\/wp\/v2\/product_tag?post=42763"}],"curies":[{"name":"wp","href":"https:\/\/api.w.org\/{rel}","templated":true}]}}