{"id":42762,"date":"2025-06-18T11:03:53","date_gmt":"2025-06-18T11:03:53","guid":{"rendered":"https:\/\/zl.jewelry\/product\/wild-patterns-ring\/"},"modified":"2025-10-30T14:39:02","modified_gmt":"2025-10-30T14:39:02","slug":"wild-patterns-ring","status":"publish","type":"product","link":"https:\/\/zl.jewelry\/pl\/product\/wild-patterns-ring\/","title":{"rendered":"Pier\u015bcionek &#8222;Strange Patterns&#8221;"},"content":{"rendered":"<section class=\"l-section wpb_row height_small\"><div class=\"l-section-h i-cf\"><div class=\"g-cols vc_row via_flex valign_top type_default stacking_default\"><div class=\"vc_col-sm-12 wpb_column vc_column_container\"><div class=\"vc_column-inner\"><div class=\"wpb_wrapper\"><div class=\"wpb_text_column\"><div class=\"wpb_wrapper\"><p>Ten wykwintny pier\u015bcionek z delikatnymi wzorami b\u0119dzie pi\u0119kn\u0105 bi\u017cuteri\u0105 dla Twoich palc\u00f3w. Pier\u015bcionek wykonany jest z po\u0142\u0105czenia czerwonego i bia\u0142ego z\u0142ota, rodowanej podstawy z bia\u0142ego z\u0142ota i nak\u0142adki z czerwonego z\u0142ota w formie wzor\u00f3w. W \u015brodku nak\u0142adki osadzony jest kamie\u0144 o \u015brednicy 2,00 mm. Waga jest w stosunku do rozmiaru, przy rozmiarze 16 waga bi\u017cuterii wynosi 4,3. Wz\u00f3r i wymiary mog\u0105 zosta\u0107 zmienione zgodnie z \u017cyczeniem klienta.<\/p>\n<p>&nbsp;<\/p>\n<div id=\"gtx-trans\" style=\"position: absolute; left: -4px; top: 103.25px;\">\n<div class=\"gtx-trans-icon\"><\/div>\n<\/div>\n<\/div><\/div><\/div><\/div><\/div><\/div><\/div><\/section>\n","protected":false},"excerpt":{"rendered":"Ten wykwintny pier\u015bcionek z delikatnymi wzorami b\u0119dzie pi\u0119kn\u0105 bi\u017cuteri\u0105 dla Twoich palc\u00f3w. Pier\u015bcionek wykonany jest z po\u0142\u0105czenia czerwonego i bia\u0142ego z\u0142ota, rodowanej podstawy z bia\u0142ego z\u0142ota i nak\u0142adki z czerwonego z\u0142ota w formie wzor\u00f3w. W \u015brodku nak\u0142adki osadzony jest kamie\u0144 o \u015brednicy 2,00 mm. Waga jest w stosunku do rozmiaru, przy rozmiarze 16 waga bi\u017cuterii...","protected":false},"featured_media":42017,"template":"","meta":{"_acf_changed":false},"product_brand":[],"product_cat":[519,522,514],"product_tag":[],"class_list":{"0":"post-42762","1":"product","2":"type-product","3":"status-publish","4":"has-post-thumbnail","6":"product_cat-rings-with-diamonds-pl","7":"product_cat-with-rocks-pl","8":"product_cat-golden-rings-pl","10":"first","11":"instock","12":"product-type-simple"},"acf":[],"_links":{"self":[{"href":"https:\/\/zl.jewelry\/pl\/wp-json\/wp\/v2\/product\/42762","targetHints":{"allow":["GET"]}}],"collection":[{"href":"https:\/\/zl.jewelry\/pl\/wp-json\/wp\/v2\/product"}],"about":[{"href":"https:\/\/zl.jewelry\/pl\/wp-json\/wp\/v2\/types\/product"}],"wp:featuredmedia":[{"embeddable":true,"href":"https:\/\/zl.jewelry\/pl\/wp-json\/wp\/v2\/media\/42017"}],"wp:attachment":[{"href":"https:\/\/zl.jewelry\/pl\/wp-json\/wp\/v2\/media?parent=42762"}],"wp:term":[{"taxonomy":"product_brand","embeddable":true,"href":"https:\/\/zl.jewelry\/pl\/wp-json\/wp\/v2\/product_brand?post=42762"},{"taxonomy":"product_cat","embeddable":true,"href":"https:\/\/zl.jewelry\/pl\/wp-json\/wp\/v2\/product_cat?post=42762"},{"taxonomy":"product_tag","embeddable":true,"href":"https:\/\/zl.jewelry\/pl\/wp-json\/wp\/v2\/product_tag?post=42762"}],"curies":[{"name":"wp","href":"https:\/\/api.w.org\/{rel}","templated":true}]}}