{"id":42761,"date":"2025-06-18T11:03:53","date_gmt":"2025-06-18T11:03:53","guid":{"rendered":"https:\/\/zl.jewelry\/product\/parallels-ring\/"},"modified":"2025-10-30T14:21:11","modified_gmt":"2025-10-30T14:21:11","slug":"parallels-ring","status":"publish","type":"product","link":"https:\/\/zl.jewelry\/pl\/product\/parallels-ring\/","title":{"rendered":"Pier\u015bcionek &#8222;Parallels&#8221;"},"content":{"rendered":"<section class=\"l-section wpb_row height_small\"><div class=\"l-section-h i-cf\"><div class=\"g-cols vc_row via_flex valign_top type_default stacking_default\"><div class=\"vc_col-sm-12 wpb_column vc_column_container\"><div class=\"vc_column-inner\"><div class=\"wpb_wrapper\"><div class=\"wpb_text_column\"><div class=\"wpb_wrapper\"><p>Oryginalny pier\u015bcionek, kt\u00f3ry wspaniale uzupe\u0142ni Tw\u00f3j styl. Pier\u015bcionek z czerwonego z\u0142ota, waga jest skorelowana z rozmiarem, przy rozmiarze 16 waga z\u0142ota w bi\u017cuterii wynosi 6,27 grama. Wz\u00f3r i wymiary mog\u0105 zosta\u0107 zmienione zgodnie z \u017cyczeniem klienta.<\/p>\n<p>&nbsp;<\/p>\n<div id=\"gtx-trans\" style=\"position: absolute; left: -11px; top: 55.2292px;\">\n<div class=\"gtx-trans-icon\"><\/div>\n<\/div>\n<\/div><\/div><\/div><\/div><\/div><\/div><\/div><\/section>\n","protected":false},"excerpt":{"rendered":"Oryginalny pier\u015bcionek, kt\u00f3ry wspaniale uzupe\u0142ni Tw\u00f3j styl. Pier\u015bcionek z czerwonego z\u0142ota, waga jest skorelowana z rozmiarem, przy rozmiarze 16 waga z\u0142ota w bi\u017cuterii wynosi 6,27 grama. Wz\u00f3r i wymiary mog\u0105 zosta\u0107 zmienione zgodnie z \u017cyczeniem klienta. &nbsp;","protected":false},"featured_media":42015,"template":"","meta":{"_acf_changed":false},"product_brand":[],"product_cat":[514,518],"product_tag":[],"class_list":{"0":"post-42761","1":"product","2":"type-product","3":"status-publish","4":"has-post-thumbnail","6":"product_cat-golden-rings-pl","7":"product_cat-red-gold-rings-pl","9":"first","10":"instock","11":"product-type-simple"},"acf":[],"_links":{"self":[{"href":"https:\/\/zl.jewelry\/pl\/wp-json\/wp\/v2\/product\/42761","targetHints":{"allow":["GET"]}}],"collection":[{"href":"https:\/\/zl.jewelry\/pl\/wp-json\/wp\/v2\/product"}],"about":[{"href":"https:\/\/zl.jewelry\/pl\/wp-json\/wp\/v2\/types\/product"}],"wp:featuredmedia":[{"embeddable":true,"href":"https:\/\/zl.jewelry\/pl\/wp-json\/wp\/v2\/media\/42015"}],"wp:attachment":[{"href":"https:\/\/zl.jewelry\/pl\/wp-json\/wp\/v2\/media?parent=42761"}],"wp:term":[{"taxonomy":"product_brand","embeddable":true,"href":"https:\/\/zl.jewelry\/pl\/wp-json\/wp\/v2\/product_brand?post=42761"},{"taxonomy":"product_cat","embeddable":true,"href":"https:\/\/zl.jewelry\/pl\/wp-json\/wp\/v2\/product_cat?post=42761"},{"taxonomy":"product_tag","embeddable":true,"href":"https:\/\/zl.jewelry\/pl\/wp-json\/wp\/v2\/product_tag?post=42761"}],"curies":[{"name":"wp","href":"https:\/\/api.w.org\/{rel}","templated":true}]}}