{"id":42760,"date":"2025-06-18T11:03:53","date_gmt":"2025-06-18T11:03:53","guid":{"rendered":"https:\/\/zl.jewelry\/product\/always-and-forever-wedding-rings\/"},"modified":"2025-10-30T14:12:58","modified_gmt":"2025-10-30T14:12:58","slug":"always-and-forever-wedding-rings","status":"publish","type":"product","link":"https:\/\/zl.jewelry\/pl\/product\/always-and-forever-wedding-rings\/","title":{"rendered":"&#8222;Always and Forever&#8221; obr\u0105czki \u015blubne"},"content":{"rendered":"<section class=\"l-section wpb_row height_small\"><div class=\"l-section-h i-cf\"><div class=\"g-cols vc_row via_flex valign_top type_default stacking_default\"><div class=\"vc_col-sm-12 wpb_column vc_column_container\"><div class=\"vc_column-inner\"><div class=\"wpb_wrapper\"><div class=\"wpb_text_column\"><div class=\"wpb_wrapper\"><p>Obr\u0105czki \u015alubne mog\u0105 by\u0107 nie tylko w klasycznym stylu, ale r\u00f3wnie\u017c w oryginalnym stylu i wzornictwie. Pier\u015bcionki te s\u0105 wykonane z czerwonego z\u0142ota i pokryte bia\u0142ym z\u0142otem, kt\u00f3re jest pokryte rodem. Pier\u015bcionki przedstawiaj\u0105 dwa wilki jako symbol wiecznej mi\u0142o\u015bci, ksi\u0119\u017cyc, w kt\u00f3rym osadzony jest kamie\u0144 o \u015brednicy 2,5 mm, a tak\u017ce modelowany las, kt\u00f3ry znajduje si\u0119 na ca\u0142ej \u015brednicy pier\u015bcionka. Obszar pod wilkami pokryty jest czarn\u0105 emali\u0105. Waga mo\u017ce by\u0107 zmieniona w zale\u017cno\u015bci od rozmiaru. Istnieje mo\u017cliwo\u015b\u0107 zmiany projektu i wymiar\u00f3w zgodnie z \u017cyczeniem klienta.<\/p>\n<div id=\"gtx-trans\" style=\"position: absolute; left: -49px; top: -16.7847px;\">\n<div class=\"gtx-trans-icon\"><\/div>\n<\/div>\n<\/div><\/div><\/div><\/div><\/div><\/div><\/div><\/section>\n","protected":false},"excerpt":{"rendered":"Obr\u0105czki \u015alubne mog\u0105 by\u0107 nie tylko w klasycznym stylu, ale r\u00f3wnie\u017c w oryginalnym stylu i wzornictwie. Pier\u015bcionki te s\u0105 wykonane z czerwonego z\u0142ota i pokryte bia\u0142ym z\u0142otem, kt\u00f3re jest pokryte rodem. Pier\u015bcionki przedstawiaj\u0105 dwa wilki jako symbol wiecznej mi\u0142o\u015bci, ksi\u0119\u017cyc, w kt\u00f3rym osadzony jest kamie\u0144 o \u015brednicy 2,5 mm, a tak\u017ce modelowany las, kt\u00f3ry znajduje...","protected":false},"featured_media":42013,"template":"","meta":{"_acf_changed":false},"product_brand":[],"product_cat":[535,531,528,533,537],"product_tag":[],"class_list":{"0":"post-42760","1":"product","2":"type-product","3":"status-publish","4":"has-post-thumbnail","6":"product_cat-wedding-rings-with-diamonds-pl","7":"product_cat-elite-wedding-rings-pl","8":"product_cat-wedding-rings-pl","9":"product_cat-red-gold-wedding-rings-pl","10":"product_cat-with-rocks-4-pl","12":"first","13":"instock","14":"product-type-simple"},"acf":[],"_links":{"self":[{"href":"https:\/\/zl.jewelry\/pl\/wp-json\/wp\/v2\/product\/42760","targetHints":{"allow":["GET"]}}],"collection":[{"href":"https:\/\/zl.jewelry\/pl\/wp-json\/wp\/v2\/product"}],"about":[{"href":"https:\/\/zl.jewelry\/pl\/wp-json\/wp\/v2\/types\/product"}],"wp:featuredmedia":[{"embeddable":true,"href":"https:\/\/zl.jewelry\/pl\/wp-json\/wp\/v2\/media\/42013"}],"wp:attachment":[{"href":"https:\/\/zl.jewelry\/pl\/wp-json\/wp\/v2\/media?parent=42760"}],"wp:term":[{"taxonomy":"product_brand","embeddable":true,"href":"https:\/\/zl.jewelry\/pl\/wp-json\/wp\/v2\/product_brand?post=42760"},{"taxonomy":"product_cat","embeddable":true,"href":"https:\/\/zl.jewelry\/pl\/wp-json\/wp\/v2\/product_cat?post=42760"},{"taxonomy":"product_tag","embeddable":true,"href":"https:\/\/zl.jewelry\/pl\/wp-json\/wp\/v2\/product_tag?post=42760"}],"curies":[{"name":"wp","href":"https:\/\/api.w.org\/{rel}","templated":true}]}}