{"id":42757,"date":"2025-06-18T11:03:53","date_gmt":"2025-06-18T11:03:53","guid":{"rendered":"https:\/\/zl.jewelry\/product\/wedding-ring-vine-with-sapphires\/"},"modified":"2025-10-30T13:39:30","modified_gmt":"2025-10-30T13:39:30","slug":"wedding-ring-vine-with-sapphires","status":"publish","type":"product","link":"https:\/\/zl.jewelry\/pl\/product\/wedding-ring-vine-with-sapphires\/","title":{"rendered":"Obr\u0105czka \u015blubna &#8222;Vine&#8221; z szafirami"},"content":{"rendered":"<section class=\"l-section wpb_row height_small\"><div class=\"l-section-h i-cf\"><div class=\"g-cols vc_row via_flex valign_top type_default stacking_default\"><div class=\"vc_col-sm-12 wpb_column vc_column_container\"><div class=\"vc_column-inner\"><div class=\"wpb_wrapper\"><div class=\"wpb_text_column\"><div class=\"wpb_wrapper\"><p>Pier\u015bcionki zar\u0119czynowe to nie tylko symbol mi\u0142o\u015bci, ale tak\u017ce bi\u017cuteria, kt\u00f3r\u0105 b\u0119dziesz nosi\u0107 ka\u017cdego dnia. Pier\u015bcionki s\u0105 wykonane z czerwonego z\u0142ota z motywem winoro\u015bli, kt\u00f3ry jest umieszczony po\u015brodku. R\u00f3wnie\u017c obszar pod winoro\u015bl\u0105 pokryty jest niebiesk\u0105 emali\u0105 w pier\u015bcionku m\u0119skim i czerwon\u0105 emali\u0105 w pier\u015bcionku damskim. Obr\u0105czki s\u0105 wysadzane kamieniami o \u015brednicy 1,75 mm i 2,00 mm. Waga jest skorelowana z rozmiarem. Wz\u00f3r i gad\u017cety mog\u0105 by\u0107 zmienione zgodnie z \u017cyczeniem klienta.<\/p>\n<p>&nbsp;<\/p>\n<div id=\"gtx-trans\" style=\"position: absolute; left: -5px; top: 103.25px;\">\n<div class=\"gtx-trans-icon\"><\/div>\n<\/div>\n<\/div><\/div><\/div><\/div><\/div><\/div><\/div><\/section>\n","protected":false},"excerpt":{"rendered":"Pier\u015bcionki zar\u0119czynowe to nie tylko symbol mi\u0142o\u015bci, ale tak\u017ce bi\u017cuteria, kt\u00f3r\u0105 b\u0119dziesz nosi\u0107 ka\u017cdego dnia. Pier\u015bcionki s\u0105 wykonane z czerwonego z\u0142ota z motywem winoro\u015bli, kt\u00f3ry jest umieszczony po\u015brodku. R\u00f3wnie\u017c obszar pod winoro\u015bl\u0105 pokryty jest niebiesk\u0105 emali\u0105 w pier\u015bcionku m\u0119skim i czerwon\u0105 emali\u0105 w pier\u015bcionku damskim. Obr\u0105czki s\u0105 wysadzane kamieniami o \u015brednicy 1,75 mm i 2,00...","protected":false},"featured_media":42007,"template":"","meta":{"_acf_changed":false},"product_brand":[],"product_cat":[528,533,537,531],"product_tag":[],"class_list":{"0":"post-42757","1":"product","2":"type-product","3":"status-publish","4":"has-post-thumbnail","6":"product_cat-wedding-rings-pl","7":"product_cat-red-gold-wedding-rings-pl","8":"product_cat-with-rocks-4-pl","9":"product_cat-elite-wedding-rings-pl","11":"first","12":"instock","13":"product-type-simple"},"acf":[],"_links":{"self":[{"href":"https:\/\/zl.jewelry\/pl\/wp-json\/wp\/v2\/product\/42757","targetHints":{"allow":["GET"]}}],"collection":[{"href":"https:\/\/zl.jewelry\/pl\/wp-json\/wp\/v2\/product"}],"about":[{"href":"https:\/\/zl.jewelry\/pl\/wp-json\/wp\/v2\/types\/product"}],"wp:featuredmedia":[{"embeddable":true,"href":"https:\/\/zl.jewelry\/pl\/wp-json\/wp\/v2\/media\/42007"}],"wp:attachment":[{"href":"https:\/\/zl.jewelry\/pl\/wp-json\/wp\/v2\/media?parent=42757"}],"wp:term":[{"taxonomy":"product_brand","embeddable":true,"href":"https:\/\/zl.jewelry\/pl\/wp-json\/wp\/v2\/product_brand?post=42757"},{"taxonomy":"product_cat","embeddable":true,"href":"https:\/\/zl.jewelry\/pl\/wp-json\/wp\/v2\/product_cat?post=42757"},{"taxonomy":"product_tag","embeddable":true,"href":"https:\/\/zl.jewelry\/pl\/wp-json\/wp\/v2\/product_tag?post=42757"}],"curies":[{"name":"wp","href":"https:\/\/api.w.org\/{rel}","templated":true}]}}