{"id":42756,"date":"2025-06-18T11:03:53","date_gmt":"2025-06-18T11:03:53","guid":{"rendered":"https:\/\/zl.jewelry\/product\/tango-of-light-ring\/"},"modified":"2025-10-30T13:23:07","modified_gmt":"2025-10-30T13:23:07","slug":"tango-of-light-ring","status":"publish","type":"product","link":"https:\/\/zl.jewelry\/pl\/product\/tango-of-light-ring\/","title":{"rendered":"Pier\u015bcionek &#8222;Tango \u015awiat\u0142a&#8221;"},"content":{"rendered":"<p>Pier\u015bcionek z czerwonego z\u0142ota z rozproszonymi kamieniami. Waga jest skorelowana z rozmiarem, przy rozmiarze 17 waga z\u0142ota w bi\u017cuterii wynosi 4,26 grama. Pier\u015bcionek jest wysadzany kamieniami o \u015brednicy 1,5 mm. Wz\u00f3r i wymiary mog\u0105 zosta\u0107 zmienione zgodnie z \u017cyczeniem klienta.<\/p>\n<p>&nbsp;<\/p>\n<div id=\"gtx-trans\" style=\"position: absolute; left: -14px; top: 65.316px;\">\n<div class=\"gtx-trans-icon\"><\/div>\n<\/div>\n","protected":false},"excerpt":{"rendered":"<p>Pier\u015bcionek z czerwonego z\u0142ota z rozproszonymi kamieniami. Waga jest skorelowana z rozmiarem, przy rozmiarze 17 waga z\u0142ota w bi\u017cuterii wynosi 4,26 grama. Pier\u015bcionek jest wysadzany kamieniami o \u015brednicy 1,5 mm. Wz\u00f3r i wymiary mog\u0105 zosta\u0107 zmienione zgodnie z \u017cyczeniem klienta. &nbsp;<\/p>\n","protected":false},"featured_media":42005,"template":"","meta":{"_acf_changed":false},"product_brand":[],"product_cat":[514,518,519,522],"product_tag":[],"class_list":{"0":"post-42756","1":"product","2":"type-product","3":"status-publish","4":"has-post-thumbnail","6":"product_cat-golden-rings-pl","7":"product_cat-red-gold-rings-pl","8":"product_cat-rings-with-diamonds-pl","9":"product_cat-with-rocks-pl","11":"first","12":"instock","13":"product-type-simple"},"acf":[],"_links":{"self":[{"href":"https:\/\/zl.jewelry\/pl\/wp-json\/wp\/v2\/product\/42756","targetHints":{"allow":["GET"]}}],"collection":[{"href":"https:\/\/zl.jewelry\/pl\/wp-json\/wp\/v2\/product"}],"about":[{"href":"https:\/\/zl.jewelry\/pl\/wp-json\/wp\/v2\/types\/product"}],"wp:featuredmedia":[{"embeddable":true,"href":"https:\/\/zl.jewelry\/pl\/wp-json\/wp\/v2\/media\/42005"}],"wp:attachment":[{"href":"https:\/\/zl.jewelry\/pl\/wp-json\/wp\/v2\/media?parent=42756"}],"wp:term":[{"taxonomy":"product_brand","embeddable":true,"href":"https:\/\/zl.jewelry\/pl\/wp-json\/wp\/v2\/product_brand?post=42756"},{"taxonomy":"product_cat","embeddable":true,"href":"https:\/\/zl.jewelry\/pl\/wp-json\/wp\/v2\/product_cat?post=42756"},{"taxonomy":"product_tag","embeddable":true,"href":"https:\/\/zl.jewelry\/pl\/wp-json\/wp\/v2\/product_tag?post=42756"}],"curies":[{"name":"wp","href":"https:\/\/api.w.org\/{rel}","templated":true}]}}