{"id":42754,"date":"2025-06-18T11:03:53","date_gmt":"2025-06-18T11:03:53","guid":{"rendered":"https:\/\/zl.jewelry\/product\/shining-classic-ring\/"},"modified":"2025-10-30T12:55:11","modified_gmt":"2025-10-30T12:55:11","slug":"shining-classic-ring","status":"publish","type":"product","link":"https:\/\/zl.jewelry\/pl\/product\/shining-classic-ring\/","title":{"rendered":"Pier\u015bcionek &#8222;Shining Classic&#8221;"},"content":{"rendered":"<p>Pier\u015bcionek z bia\u0142ego z\u0142ota z rozproszonymi kamieniami. Rozmiar jest proporcjonalny do rozmiaru, przy rozmiarze 17 przybli\u017cona waga z\u0142ota w bi\u017cuterii wynosi 3,25 grama. Pier\u015bcionek wysadzany jest kamieniami o przybli\u017conej \u015brednicy 3,5mm; 2,5mm.\u00a0 Wz\u00f3r i wymiary pier\u015bcionka mog\u0105 zosta\u0107 zmienione na \u017cyczenie klienta.<\/p>\n<p>&nbsp;<\/p>\n<div id=\"gtx-trans\" style=\"position: absolute; left: -5px; top: 65.316px;\">\n<div class=\"gtx-trans-icon\"><\/div>\n<\/div>\n","protected":false},"excerpt":{"rendered":"<p>Pier\u015bcionek z bia\u0142ego z\u0142ota z rozproszonymi kamieniami. Rozmiar jest proporcjonalny do rozmiaru, przy rozmiarze 17 przybli\u017cona waga z\u0142ota w bi\u017cuterii wynosi 3,25 grama. Pier\u015bcionek wysadzany jest kamieniami o przybli\u017conej \u015brednicy 3,5mm; 2,5mm.\u00a0 Wz\u00f3r i wymiary pier\u015bcionka mog\u0105 zosta\u0107 zmienione na \u017cyczenie klienta. &nbsp;<\/p>\n","protected":false},"featured_media":42001,"template":"","meta":{"_acf_changed":false},"product_brand":[],"product_cat":[524,523,527],"product_tag":[],"class_list":{"0":"post-42754","1":"product","2":"type-product","3":"status-publish","4":"has-post-thumbnail","6":"product_cat-engagement-rings-with-diamonds-pl","7":"product_cat-engagement-rings-pl","8":"product_cat-white-gold-engagement-rings-pl","10":"first","11":"instock","12":"product-type-simple"},"acf":[],"_links":{"self":[{"href":"https:\/\/zl.jewelry\/pl\/wp-json\/wp\/v2\/product\/42754","targetHints":{"allow":["GET"]}}],"collection":[{"href":"https:\/\/zl.jewelry\/pl\/wp-json\/wp\/v2\/product"}],"about":[{"href":"https:\/\/zl.jewelry\/pl\/wp-json\/wp\/v2\/types\/product"}],"wp:featuredmedia":[{"embeddable":true,"href":"https:\/\/zl.jewelry\/pl\/wp-json\/wp\/v2\/media\/42001"}],"wp:attachment":[{"href":"https:\/\/zl.jewelry\/pl\/wp-json\/wp\/v2\/media?parent=42754"}],"wp:term":[{"taxonomy":"product_brand","embeddable":true,"href":"https:\/\/zl.jewelry\/pl\/wp-json\/wp\/v2\/product_brand?post=42754"},{"taxonomy":"product_cat","embeddable":true,"href":"https:\/\/zl.jewelry\/pl\/wp-json\/wp\/v2\/product_cat?post=42754"},{"taxonomy":"product_tag","embeddable":true,"href":"https:\/\/zl.jewelry\/pl\/wp-json\/wp\/v2\/product_tag?post=42754"}],"curies":[{"name":"wp","href":"https:\/\/api.w.org\/{rel}","templated":true}]}}