{"id":42753,"date":"2025-06-18T11:03:53","date_gmt":"2025-06-18T11:03:53","guid":{"rendered":"https:\/\/zl.jewelry\/product\/strictly-classic-transformer-ring\/"},"modified":"2025-10-30T12:44:38","modified_gmt":"2025-10-30T12:44:38","slug":"strictly-classic-transformer-ring","status":"publish","type":"product","link":"https:\/\/zl.jewelry\/pl\/product\/strictly-classic-transformer-ring\/","title":{"rendered":"Pier\u015bcionek &#8222;Strict Classics&#8221; transformer"},"content":{"rendered":"<p>Pier\u015bcionek &#8211; obudowa lub pier\u015bcie\u0144 transformatorowy z bia\u0142ego z\u0142ota pokrytego rodem. Waga jest zwi\u0105zana z rozmiarem, przy rozmiarze 17 ca\u0142kowita waga z\u0142ota wynosi oko\u0142o 8 gram\u00f3w. Pier\u015bcionek mo\u017ce by\u0107 noszony z etui lub bez. Kamienie maj\u0105 przybli\u017con\u0105 \u015brednic\u0119 3,5 mm; 2,5 mm. Wz\u00f3r pier\u015bcionka oraz \u015brednica kamieni mog\u0105 zosta\u0107 zmienione na \u017cyczenie klienta.<\/p>\n<p>_x000D_<\/p>\n","protected":false},"excerpt":{"rendered":"<p>Pier\u015bcionek &#8211; obudowa lub pier\u015bcie\u0144 transformatorowy z bia\u0142ego z\u0142ota pokrytego rodem. Waga jest zwi\u0105zana z rozmiarem, przy rozmiarze 17 ca\u0142kowita waga z\u0142ota wynosi oko\u0142o 8 gram\u00f3w. Pier\u015bcionek mo\u017ce by\u0107 noszony z etui lub bez. Kamienie maj\u0105 przybli\u017con\u0105 \u015brednic\u0119 3,5 mm; 2,5 mm. Wz\u00f3r pier\u015bcionka oraz \u015brednica kamieni mog\u0105 zosta\u0107 zmienione na \u017cyczenie klienta. _x000D_<\/p>\n","protected":false},"featured_media":41999,"template":"","meta":{"_acf_changed":false},"product_brand":[],"product_cat":[528,536,537,535,531,534],"product_tag":[],"class_list":{"0":"post-42753","1":"product","2":"type-product","3":"status-publish","4":"has-post-thumbnail","6":"product_cat-wedding-rings-pl","7":"product_cat-white-gold-wedding-rings-pl","8":"product_cat-with-rocks-4-pl","9":"product_cat-wedding-rings-with-diamonds-pl","10":"product_cat-elite-wedding-rings-pl","11":"product_cat-transformer-pl","13":"first","14":"instock","15":"product-type-simple"},"acf":[],"_links":{"self":[{"href":"https:\/\/zl.jewelry\/pl\/wp-json\/wp\/v2\/product\/42753","targetHints":{"allow":["GET"]}}],"collection":[{"href":"https:\/\/zl.jewelry\/pl\/wp-json\/wp\/v2\/product"}],"about":[{"href":"https:\/\/zl.jewelry\/pl\/wp-json\/wp\/v2\/types\/product"}],"wp:featuredmedia":[{"embeddable":true,"href":"https:\/\/zl.jewelry\/pl\/wp-json\/wp\/v2\/media\/41999"}],"wp:attachment":[{"href":"https:\/\/zl.jewelry\/pl\/wp-json\/wp\/v2\/media?parent=42753"}],"wp:term":[{"taxonomy":"product_brand","embeddable":true,"href":"https:\/\/zl.jewelry\/pl\/wp-json\/wp\/v2\/product_brand?post=42753"},{"taxonomy":"product_cat","embeddable":true,"href":"https:\/\/zl.jewelry\/pl\/wp-json\/wp\/v2\/product_cat?post=42753"},{"taxonomy":"product_tag","embeddable":true,"href":"https:\/\/zl.jewelry\/pl\/wp-json\/wp\/v2\/product_tag?post=42753"}],"curies":[{"name":"wp","href":"https:\/\/api.w.org\/{rel}","templated":true}]}}