{"id":42752,"date":"2025-06-18T11:03:53","date_gmt":"2025-06-18T11:03:53","guid":{"rendered":"https:\/\/zl.jewelry\/product\/natures-gift-ring\/"},"modified":"2025-10-30T12:34:51","modified_gmt":"2025-10-30T12:34:51","slug":"natures-gift-ring","status":"publish","type":"product","link":"https:\/\/zl.jewelry\/pl\/product\/natures-gift-ring\/","title":{"rendered":"Pier\u015bcie\u0144 &#8222;Nature&#8217;s Gift&#8221;"},"content":{"rendered":"<section class=\"l-section wpb_row height_small\"><div class=\"l-section-h i-cf\"><div class=\"g-cols vc_row via_flex valign_top type_default stacking_default\"><div class=\"vc_col-sm-12 wpb_column vc_column_container\"><div class=\"vc_column-inner\"><div class=\"wpb_wrapper\"><div class=\"wpb_text_column\"><div class=\"wpb_wrapper\"><p>Oryginalny pier\u015bcionek w kszta\u0142cie kwiatu, wykonany z czerwonego z\u0142ota. Waga jest w stosunku do rozmiaru, przy przybli\u017conym rozmiarze 17, waga z\u0142ota wynosi oko\u0142o 5,5 grama. Pier\u015bcionek jest wysadzany kamieniami 1,5 mm; 2,5 mm. Wz\u00f3r i kamienie mog\u0105 by\u0107 zmienione zgodnie z \u017cyczeniem klienta.<\/p>\n<p>&nbsp;<\/p>\n<div id=\"gtx-trans\" style=\"position: absolute; left: -5px; top: 79.2396px;\">\n<div class=\"gtx-trans-icon\"><\/div>\n<\/div>\n<\/div><\/div><\/div><\/div><\/div><\/div><\/div><\/section>\n","protected":false},"excerpt":{"rendered":"Oryginalny pier\u015bcionek w kszta\u0142cie kwiatu, wykonany z czerwonego z\u0142ota. Waga jest w stosunku do rozmiaru, przy przybli\u017conym rozmiarze 17, waga z\u0142ota wynosi oko\u0142o 5,5 grama. Pier\u015bcionek jest wysadzany kamieniami 1,5 mm; 2,5 mm. Wz\u00f3r i kamienie mog\u0105 by\u0107 zmienione zgodnie z \u017cyczeniem klienta. &nbsp;","protected":false},"featured_media":41997,"template":"","meta":{"_acf_changed":false},"product_brand":[],"product_cat":[514,518,519,522],"product_tag":[],"class_list":{"0":"post-42752","1":"product","2":"type-product","3":"status-publish","4":"has-post-thumbnail","6":"product_cat-golden-rings-pl","7":"product_cat-red-gold-rings-pl","8":"product_cat-rings-with-diamonds-pl","9":"product_cat-with-rocks-pl","11":"first","12":"instock","13":"product-type-simple"},"acf":[],"_links":{"self":[{"href":"https:\/\/zl.jewelry\/pl\/wp-json\/wp\/v2\/product\/42752","targetHints":{"allow":["GET"]}}],"collection":[{"href":"https:\/\/zl.jewelry\/pl\/wp-json\/wp\/v2\/product"}],"about":[{"href":"https:\/\/zl.jewelry\/pl\/wp-json\/wp\/v2\/types\/product"}],"wp:featuredmedia":[{"embeddable":true,"href":"https:\/\/zl.jewelry\/pl\/wp-json\/wp\/v2\/media\/41997"}],"wp:attachment":[{"href":"https:\/\/zl.jewelry\/pl\/wp-json\/wp\/v2\/media?parent=42752"}],"wp:term":[{"taxonomy":"product_brand","embeddable":true,"href":"https:\/\/zl.jewelry\/pl\/wp-json\/wp\/v2\/product_brand?post=42752"},{"taxonomy":"product_cat","embeddable":true,"href":"https:\/\/zl.jewelry\/pl\/wp-json\/wp\/v2\/product_cat?post=42752"},{"taxonomy":"product_tag","embeddable":true,"href":"https:\/\/zl.jewelry\/pl\/wp-json\/wp\/v2\/product_tag?post=42752"}],"curies":[{"name":"wp","href":"https:\/\/api.w.org\/{rel}","templated":true}]}}