{"id":42751,"date":"2025-06-18T11:03:53","date_gmt":"2025-06-18T11:03:53","guid":{"rendered":"https:\/\/zl.jewelry\/product\/sweetheart-ring\/"},"modified":"2025-10-30T12:18:04","modified_gmt":"2025-10-30T12:18:04","slug":"sweetheart-ring","status":"publish","type":"product","link":"https:\/\/zl.jewelry\/pl\/product\/sweetheart-ring\/","title":{"rendered":"Pier\u015bcionek &#8222;Sweetheart&#8221;"},"content":{"rendered":"<p>Elegancki rodowany pier\u015bcionek z bia\u0142ego z\u0142ota. Waga jest w stosunku do rozmiaru, przy rozmiarze 16 waga z\u0142ota wynosi 3,5 grama. Kamie\u0144 jest osadzony, o przybli\u017conej \u015brednicy 5,00 mm. Wz\u00f3r mo\u017ce by\u0107 zmieniony zgodnie z \u017cyczeniem klienta.<\/p>\n<p>_x000D_<\/p>\n","protected":false},"excerpt":{"rendered":"<p>Elegancki rodowany pier\u015bcionek z bia\u0142ego z\u0142ota. Waga jest w stosunku do rozmiaru, przy rozmiarze 16 waga z\u0142ota wynosi 3,5 grama. Kamie\u0144 jest osadzony, o przybli\u017conej \u015brednicy 5,00 mm. Wz\u00f3r mo\u017ce by\u0107 zmieniony zgodnie z \u017cyczeniem klienta. _x000D_<\/p>\n","protected":false},"featured_media":41995,"template":"","meta":{"_acf_changed":false},"product_brand":[],"product_cat":[523,524,527],"product_tag":[],"class_list":{"0":"post-42751","1":"product","2":"type-product","3":"status-publish","4":"has-post-thumbnail","6":"product_cat-engagement-rings-pl","7":"product_cat-engagement-rings-with-diamonds-pl","8":"product_cat-white-gold-engagement-rings-pl","10":"first","11":"instock","12":"product-type-simple"},"acf":[],"_links":{"self":[{"href":"https:\/\/zl.jewelry\/pl\/wp-json\/wp\/v2\/product\/42751","targetHints":{"allow":["GET"]}}],"collection":[{"href":"https:\/\/zl.jewelry\/pl\/wp-json\/wp\/v2\/product"}],"about":[{"href":"https:\/\/zl.jewelry\/pl\/wp-json\/wp\/v2\/types\/product"}],"wp:featuredmedia":[{"embeddable":true,"href":"https:\/\/zl.jewelry\/pl\/wp-json\/wp\/v2\/media\/41995"}],"wp:attachment":[{"href":"https:\/\/zl.jewelry\/pl\/wp-json\/wp\/v2\/media?parent=42751"}],"wp:term":[{"taxonomy":"product_brand","embeddable":true,"href":"https:\/\/zl.jewelry\/pl\/wp-json\/wp\/v2\/product_brand?post=42751"},{"taxonomy":"product_cat","embeddable":true,"href":"https:\/\/zl.jewelry\/pl\/wp-json\/wp\/v2\/product_cat?post=42751"},{"taxonomy":"product_tag","embeddable":true,"href":"https:\/\/zl.jewelry\/pl\/wp-json\/wp\/v2\/product_tag?post=42751"}],"curies":[{"name":"wp","href":"https:\/\/api.w.org\/{rel}","templated":true}]}}