{"id":42750,"date":"2025-06-18T11:03:53","date_gmt":"2025-06-18T11:03:53","guid":{"rendered":"https:\/\/zl.jewelry\/product\/oriental-fairy-tale-ring-case\/"},"modified":"2025-10-30T12:08:24","modified_gmt":"2025-10-30T12:08:24","slug":"oriental-fairy-tale-ring-case","status":"publish","type":"product","link":"https:\/\/zl.jewelry\/pl\/product\/oriental-fairy-tale-ring-case\/","title":{"rendered":"Case &#8211; ring &#8222;Orientalna bajka&#8221;"},"content":{"rendered":"<p>Pier\u015bcionek transformatorowy z po\u0142\u0105czenia cytrynu i bia\u0142ego z\u0142ota. Pier\u015bcionek z wk\u0142adk\u0105 z bia\u0142ego z\u0142ota i rodowany. Obr\u0105czka z cytrynowego z\u0142ota z rozproszonymi kamieniami. Waga jest w stosunku do rozmiaru, przy rozmiarze 16 przybli\u017cona waga ca\u0142kowita wynosi 8,31 grama. Pier\u015bcionek jest wysadzany kamieniami o przybli\u017conych \u015brednicach 5,00 mm; 1,5 mm. Wz\u00f3r i rozmiar mo\u017cna zmieni\u0107 zgodnie z \u017cyczeniem klienta.<\/p>\n<p>_x000D_<\/p>\n","protected":false},"excerpt":{"rendered":"<p>Pier\u015bcionek transformatorowy z po\u0142\u0105czenia cytrynu i bia\u0142ego z\u0142ota. Pier\u015bcionek z wk\u0142adk\u0105 z bia\u0142ego z\u0142ota i rodowany. Obr\u0105czka z cytrynowego z\u0142ota z rozproszonymi kamieniami. Waga jest w stosunku do rozmiaru, przy rozmiarze 16 przybli\u017cona waga ca\u0142kowita wynosi 8,31 grama. Pier\u015bcionek jest wysadzany kamieniami o przybli\u017conych \u015brednicach 5,00 mm; 1,5 mm. Wz\u00f3r i rozmiar mo\u017cna zmieni\u0107 zgodnie&#8230;<\/p>\n","protected":false},"featured_media":41993,"template":"","meta":{"_acf_changed":false},"product_brand":[],"product_cat":[528,530,537,535,531,534],"product_tag":[],"class_list":{"0":"post-42750","1":"product","2":"type-product","3":"status-publish","4":"has-post-thumbnail","6":"product_cat-wedding-rings-pl","7":"product_cat-combined-wedding-rings-pl","8":"product_cat-with-rocks-4-pl","9":"product_cat-wedding-rings-with-diamonds-pl","10":"product_cat-elite-wedding-rings-pl","11":"product_cat-transformer-pl","13":"first","14":"instock","15":"product-type-simple"},"acf":[],"_links":{"self":[{"href":"https:\/\/zl.jewelry\/pl\/wp-json\/wp\/v2\/product\/42750","targetHints":{"allow":["GET"]}}],"collection":[{"href":"https:\/\/zl.jewelry\/pl\/wp-json\/wp\/v2\/product"}],"about":[{"href":"https:\/\/zl.jewelry\/pl\/wp-json\/wp\/v2\/types\/product"}],"wp:featuredmedia":[{"embeddable":true,"href":"https:\/\/zl.jewelry\/pl\/wp-json\/wp\/v2\/media\/41993"}],"wp:attachment":[{"href":"https:\/\/zl.jewelry\/pl\/wp-json\/wp\/v2\/media?parent=42750"}],"wp:term":[{"taxonomy":"product_brand","embeddable":true,"href":"https:\/\/zl.jewelry\/pl\/wp-json\/wp\/v2\/product_brand?post=42750"},{"taxonomy":"product_cat","embeddable":true,"href":"https:\/\/zl.jewelry\/pl\/wp-json\/wp\/v2\/product_cat?post=42750"},{"taxonomy":"product_tag","embeddable":true,"href":"https:\/\/zl.jewelry\/pl\/wp-json\/wp\/v2\/product_tag?post=42750"}],"curies":[{"name":"wp","href":"https:\/\/api.w.org\/{rel}","templated":true}]}}