{"id":42749,"date":"2025-06-18T11:03:53","date_gmt":"2025-06-18T11:03:53","guid":{"rendered":"https:\/\/zl.jewelry\/product\/spring-fairy-ring\/"},"modified":"2025-10-30T09:46:08","modified_gmt":"2025-10-30T09:46:08","slug":"spring-fairy-ring","status":"publish","type":"product","link":"https:\/\/zl.jewelry\/pl\/product\/spring-fairy-ring\/","title":{"rendered":"Pier\u015bcie\u0144 &#8222;Wiosennej Wr\u00f3\u017cki&#8221;"},"content":{"rendered":"<p>Pier\u015bcionek z po\u0142\u0105czenia cytrynowego i bia\u0142ego z\u0142ota, ogniwo z bia\u0142ego z\u0142ota, rodowany, centralny element to kwiat z cytrynowego z\u0142ota. Waga jest w stosunku do rozmiaru. Przy przybli\u017conym rozmiarze 16, waga pier\u015bcionka wynosi oko\u0142o 8,5 grama. Na obr\u0105czce osadzone\u00a0kamienie o \u015brednicy 1,00mm; 2,00mm, na \u017cyczenie klienta mo\u017cna osadzi\u0107 dowolne kamienie. R\u00f3wnie\u017c wz\u00f3r mo\u017ce by\u0107 modyfikowany.<\/p>\n<p>_x000D_<\/p>\n","protected":false},"excerpt":{"rendered":"<p>Pier\u015bcionek z po\u0142\u0105czenia cytrynowego i bia\u0142ego z\u0142ota, ogniwo z bia\u0142ego z\u0142ota, rodowany, centralny element to kwiat z cytrynowego z\u0142ota. Waga jest w stosunku do rozmiaru. Przy przybli\u017conym rozmiarze 16, waga pier\u015bcionka wynosi oko\u0142o 8,5 grama. Na obr\u0105czce osadzone\u00a0kamienie o \u015brednicy 1,00mm; 2,00mm, na \u017cyczenie klienta mo\u017cna osadzi\u0107 dowolne kamienie. R\u00f3wnie\u017c wz\u00f3r mo\u017ce by\u0107 modyfikowany. _x000D_<\/p>\n","protected":false},"featured_media":41991,"template":"","meta":{"_acf_changed":false},"product_brand":[],"product_cat":[514,519,522],"product_tag":[],"class_list":{"0":"post-42749","1":"product","2":"type-product","3":"status-publish","4":"has-post-thumbnail","6":"product_cat-golden-rings-pl","7":"product_cat-rings-with-diamonds-pl","8":"product_cat-with-rocks-pl","10":"first","11":"instock","12":"product-type-simple"},"acf":[],"_links":{"self":[{"href":"https:\/\/zl.jewelry\/pl\/wp-json\/wp\/v2\/product\/42749","targetHints":{"allow":["GET"]}}],"collection":[{"href":"https:\/\/zl.jewelry\/pl\/wp-json\/wp\/v2\/product"}],"about":[{"href":"https:\/\/zl.jewelry\/pl\/wp-json\/wp\/v2\/types\/product"}],"wp:featuredmedia":[{"embeddable":true,"href":"https:\/\/zl.jewelry\/pl\/wp-json\/wp\/v2\/media\/41991"}],"wp:attachment":[{"href":"https:\/\/zl.jewelry\/pl\/wp-json\/wp\/v2\/media?parent=42749"}],"wp:term":[{"taxonomy":"product_brand","embeddable":true,"href":"https:\/\/zl.jewelry\/pl\/wp-json\/wp\/v2\/product_brand?post=42749"},{"taxonomy":"product_cat","embeddable":true,"href":"https:\/\/zl.jewelry\/pl\/wp-json\/wp\/v2\/product_cat?post=42749"},{"taxonomy":"product_tag","embeddable":true,"href":"https:\/\/zl.jewelry\/pl\/wp-json\/wp\/v2\/product_tag?post=42749"}],"curies":[{"name":"wp","href":"https:\/\/api.w.org\/{rel}","templated":true}]}}