{"id":42746,"date":"2025-06-18T11:03:59","date_gmt":"2025-06-18T11:03:59","guid":{"rendered":"https:\/\/zl.jewelry\/product\/chain-ruchek-in-lemon-gold-color\/"},"modified":"2025-10-30T08:32:53","modified_gmt":"2025-10-30T08:32:53","slug":"chain-ruchek-in-lemon-gold-color","status":"publish","type":"product","link":"https:\/\/zl.jewelry\/pl\/product\/chain-ruchek-in-lemon-gold-color\/","title":{"rendered":"\u0141a\u0144cuszek &#8222;Stream&#8221; w kolorze cytrynowego z\u0142ota"},"content":{"rendered":"","protected":false},"excerpt":{"rendered":"","protected":false},"featured_media":41985,"template":"","meta":{"_acf_changed":false},"product_brand":[],"product_cat":[490,495,494],"product_tag":[],"class_list":{"0":"post-42746","1":"product","2":"type-product","3":"status-publish","4":"has-post-thumbnail","6":"product_cat-gold-chains","7":"product_cat-gold-chains-up-to-50-gr-pl","8":"product_cat-womens-chains-pl","10":"first","11":"instock","12":"product-type-simple"},"acf":[],"_links":{"self":[{"href":"https:\/\/zl.jewelry\/pl\/wp-json\/wp\/v2\/product\/42746","targetHints":{"allow":["GET"]}}],"collection":[{"href":"https:\/\/zl.jewelry\/pl\/wp-json\/wp\/v2\/product"}],"about":[{"href":"https:\/\/zl.jewelry\/pl\/wp-json\/wp\/v2\/types\/product"}],"wp:featuredmedia":[{"embeddable":true,"href":"https:\/\/zl.jewelry\/pl\/wp-json\/wp\/v2\/media\/41985"}],"wp:attachment":[{"href":"https:\/\/zl.jewelry\/pl\/wp-json\/wp\/v2\/media?parent=42746"}],"wp:term":[{"taxonomy":"product_brand","embeddable":true,"href":"https:\/\/zl.jewelry\/pl\/wp-json\/wp\/v2\/product_brand?post=42746"},{"taxonomy":"product_cat","embeddable":true,"href":"https:\/\/zl.jewelry\/pl\/wp-json\/wp\/v2\/product_cat?post=42746"},{"taxonomy":"product_tag","embeddable":true,"href":"https:\/\/zl.jewelry\/pl\/wp-json\/wp\/v2\/product_tag?post=42746"}],"curies":[{"name":"wp","href":"https:\/\/api.w.org\/{rel}","templated":true}]}}