{"id":42732,"date":"2025-06-18T11:03:59","date_gmt":"2025-06-18T11:03:59","guid":{"rendered":"https:\/\/zl.jewelry\/product\/brillant-weave-ring\/"},"modified":"2025-10-29T14:13:31","modified_gmt":"2025-10-29T14:13:31","slug":"brillant-weave-ring","status":"publish","type":"product","link":"https:\/\/zl.jewelry\/pl\/product\/brillant-weave-ring\/","title":{"rendered":"Pier\u015bcionek &#8222;Brillant weave&#8221;"},"content":{"rendered":"<p>Unikalny wzorzysty pier\u015bcionek z bia\u0142ego z\u0142ota. Na ca\u0142ym pier\u015bcionku osadzone kamienie o \u015brednicy 1.00 mm (280szt); 2.00 mm (7szt). Pier\u015bcionek jest rodowany. Waga jest w korelacji z rozmiarem, przy rozmiarze 17 waga z\u0142ota wynosi 4,23 grama. Wz\u00f3r mo\u017cna zmieni\u0107 zgodnie z \u017cyczeniem klienta.<\/p>\n<p>_x000D_<\/p>\n","protected":false},"excerpt":{"rendered":"<p>Unikalny wzorzysty pier\u015bcionek z bia\u0142ego z\u0142ota. Na ca\u0142ym pier\u015bcionku osadzone kamienie o \u015brednicy 1.00 mm (280szt); 2.00 mm (7szt). Pier\u015bcionek jest rodowany. Waga jest w korelacji z rozmiarem, przy rozmiarze 17 waga z\u0142ota wynosi 4,23 grama. Wz\u00f3r mo\u017cna zmieni\u0107 zgodnie z \u017cyczeniem klienta. _x000D_<\/p>\n","protected":false},"featured_media":41957,"template":"","meta":{"_acf_changed":false},"product_brand":[],"product_cat":[514,519,520,522],"product_tag":[],"class_list":{"0":"post-42732","1":"product","2":"type-product","3":"status-publish","4":"has-post-thumbnail","6":"product_cat-golden-rings-pl","7":"product_cat-rings-with-diamonds-pl","8":"product_cat-white-gold-rings-pl","9":"product_cat-with-rocks-pl","11":"first","12":"instock","13":"product-type-simple"},"acf":[],"_links":{"self":[{"href":"https:\/\/zl.jewelry\/pl\/wp-json\/wp\/v2\/product\/42732","targetHints":{"allow":["GET"]}}],"collection":[{"href":"https:\/\/zl.jewelry\/pl\/wp-json\/wp\/v2\/product"}],"about":[{"href":"https:\/\/zl.jewelry\/pl\/wp-json\/wp\/v2\/types\/product"}],"wp:featuredmedia":[{"embeddable":true,"href":"https:\/\/zl.jewelry\/pl\/wp-json\/wp\/v2\/media\/41957"}],"wp:attachment":[{"href":"https:\/\/zl.jewelry\/pl\/wp-json\/wp\/v2\/media?parent=42732"}],"wp:term":[{"taxonomy":"product_brand","embeddable":true,"href":"https:\/\/zl.jewelry\/pl\/wp-json\/wp\/v2\/product_brand?post=42732"},{"taxonomy":"product_cat","embeddable":true,"href":"https:\/\/zl.jewelry\/pl\/wp-json\/wp\/v2\/product_cat?post=42732"},{"taxonomy":"product_tag","embeddable":true,"href":"https:\/\/zl.jewelry\/pl\/wp-json\/wp\/v2\/product_tag?post=42732"}],"curies":[{"name":"wp","href":"https:\/\/api.w.org\/{rel}","templated":true}]}}