{"id":42731,"date":"2025-06-18T11:03:59","date_gmt":"2025-06-18T11:03:59","guid":{"rendered":"https:\/\/zl.jewelry\/product\/initials-ring\/"},"modified":"2025-10-29T14:01:06","modified_gmt":"2025-10-29T14:01:06","slug":"initials-ring","status":"publish","type":"product","link":"https:\/\/zl.jewelry\/pl\/product\/initials-ring\/","title":{"rendered":"Pier\u015bcionek &#8222;Inicja\u0142y&#8221;"},"content":{"rendered":"<p>Unikatowy pier\u015bcionek z inicja\u0142ami wed\u0142ug \u017cyczenia klienta. Pier\u015bcionek z czerwonego z\u0142ota z literami. W pier\u015bcionku osadzone s\u0105 kamienie o \u015brednicach 1,00mm; 1,25mm. Waga zale\u017cy od zmiany rozmiaru, przy rozmiarze 16 waga z\u0142ota w bi\u017cuterii wynosi 2,48. Wz\u00f3r i wymiary mog\u0105 zosta\u0107 zmienione zgodnie z \u017cyczeniem klienta..<\/p>\n<p>_x000D_<\/p>\n","protected":false},"excerpt":{"rendered":"<p>Unikatowy pier\u015bcionek z inicja\u0142ami wed\u0142ug \u017cyczenia klienta. Pier\u015bcionek z czerwonego z\u0142ota z literami. W pier\u015bcionku osadzone s\u0105 kamienie o \u015brednicach 1,00mm; 1,25mm. Waga zale\u017cy od zmiany rozmiaru, przy rozmiarze 16 waga z\u0142ota w bi\u017cuterii wynosi 2,48. Wz\u00f3r i wymiary mog\u0105 zosta\u0107 zmienione zgodnie z \u017cyczeniem klienta.. _x000D_<\/p>\n","protected":false},"featured_media":41955,"template":"","meta":{"_acf_changed":false},"product_brand":[],"product_cat":[514,518,519,522],"product_tag":[],"class_list":{"0":"post-42731","1":"product","2":"type-product","3":"status-publish","4":"has-post-thumbnail","6":"product_cat-golden-rings-pl","7":"product_cat-red-gold-rings-pl","8":"product_cat-rings-with-diamonds-pl","9":"product_cat-with-rocks-pl","11":"first","12":"instock","13":"product-type-simple"},"acf":[],"_links":{"self":[{"href":"https:\/\/zl.jewelry\/pl\/wp-json\/wp\/v2\/product\/42731","targetHints":{"allow":["GET"]}}],"collection":[{"href":"https:\/\/zl.jewelry\/pl\/wp-json\/wp\/v2\/product"}],"about":[{"href":"https:\/\/zl.jewelry\/pl\/wp-json\/wp\/v2\/types\/product"}],"wp:featuredmedia":[{"embeddable":true,"href":"https:\/\/zl.jewelry\/pl\/wp-json\/wp\/v2\/media\/41955"}],"wp:attachment":[{"href":"https:\/\/zl.jewelry\/pl\/wp-json\/wp\/v2\/media?parent=42731"}],"wp:term":[{"taxonomy":"product_brand","embeddable":true,"href":"https:\/\/zl.jewelry\/pl\/wp-json\/wp\/v2\/product_brand?post=42731"},{"taxonomy":"product_cat","embeddable":true,"href":"https:\/\/zl.jewelry\/pl\/wp-json\/wp\/v2\/product_cat?post=42731"},{"taxonomy":"product_tag","embeddable":true,"href":"https:\/\/zl.jewelry\/pl\/wp-json\/wp\/v2\/product_tag?post=42731"}],"curies":[{"name":"wp","href":"https:\/\/api.w.org\/{rel}","templated":true}]}}