{"id":42730,"date":"2025-06-18T11:03:59","date_gmt":"2025-06-18T11:03:59","guid":{"rendered":"https:\/\/zl.jewelry\/product\/athena-ring\/"},"modified":"2025-10-29T13:33:12","modified_gmt":"2025-10-29T13:33:12","slug":"athena-ring","status":"publish","type":"product","link":"https:\/\/zl.jewelry\/pl\/product\/athena-ring\/","title":{"rendered":"Pier\u015bcionek &#8222;Athena&#8221;"},"content":{"rendered":"<section class=\"l-section wpb_row height_small\"><div class=\"l-section-h i-cf\"><div class=\"g-cols vc_row via_flex valign_top type_default stacking_default\"><div class=\"vc_col-sm-12 wpb_column vc_column_container\"><div class=\"vc_column-inner\"><div class=\"wpb_wrapper\"><div class=\"wpb_text_column\"><div class=\"wpb_wrapper\"><p>Pier\u015bcionek z czerwonego z\u0142ota w formie trzech pask\u00f3w. \u015arodkowy pasek jest wysadzany kamieniami o \u015brednicy 1,5 mm. Waga zale\u017cy od rozmiaru, przy rozmiarze 17,2 waga z\u0142ota w bi\u017cuterii wynosi 6,15 grama.\u00a0 Projekt mo\u017ce zosta\u0107 zmieniony zgodnie z \u017cyczeniem klienta..<\/p>\n<p>&nbsp;<\/p>\n<div id=\"gtx-trans\" style=\"position: absolute; left: 1px; top: 102.007px;\">\n<div class=\"gtx-trans-icon\"><\/div>\n<\/div>\n<\/div><\/div><\/div><\/div><\/div><\/div><\/div><\/section>\n","protected":false},"excerpt":{"rendered":"Pier\u015bcionek z czerwonego z\u0142ota w formie trzech pask\u00f3w. \u015arodkowy pasek jest wysadzany kamieniami o \u015brednicy 1,5 mm. Waga zale\u017cy od rozmiaru, przy rozmiarze 17,2 waga z\u0142ota w bi\u017cuterii wynosi 6,15 grama.\u00a0 Projekt mo\u017ce zosta\u0107 zmieniony zgodnie z \u017cyczeniem klienta.. &nbsp;","protected":false},"featured_media":41953,"template":"","meta":{"_acf_changed":false},"product_brand":[],"product_cat":[514,518,519,522],"product_tag":[],"class_list":{"0":"post-42730","1":"product","2":"type-product","3":"status-publish","4":"has-post-thumbnail","6":"product_cat-golden-rings-pl","7":"product_cat-red-gold-rings-pl","8":"product_cat-rings-with-diamonds-pl","9":"product_cat-with-rocks-pl","11":"first","12":"instock","13":"product-type-simple"},"acf":[],"_links":{"self":[{"href":"https:\/\/zl.jewelry\/pl\/wp-json\/wp\/v2\/product\/42730","targetHints":{"allow":["GET"]}}],"collection":[{"href":"https:\/\/zl.jewelry\/pl\/wp-json\/wp\/v2\/product"}],"about":[{"href":"https:\/\/zl.jewelry\/pl\/wp-json\/wp\/v2\/types\/product"}],"wp:featuredmedia":[{"embeddable":true,"href":"https:\/\/zl.jewelry\/pl\/wp-json\/wp\/v2\/media\/41953"}],"wp:attachment":[{"href":"https:\/\/zl.jewelry\/pl\/wp-json\/wp\/v2\/media?parent=42730"}],"wp:term":[{"taxonomy":"product_brand","embeddable":true,"href":"https:\/\/zl.jewelry\/pl\/wp-json\/wp\/v2\/product_brand?post=42730"},{"taxonomy":"product_cat","embeddable":true,"href":"https:\/\/zl.jewelry\/pl\/wp-json\/wp\/v2\/product_cat?post=42730"},{"taxonomy":"product_tag","embeddable":true,"href":"https:\/\/zl.jewelry\/pl\/wp-json\/wp\/v2\/product_tag?post=42730"}],"curies":[{"name":"wp","href":"https:\/\/api.w.org\/{rel}","templated":true}]}}