{"id":42728,"date":"2025-06-18T11:04:04","date_gmt":"2025-06-18T11:04:04","guid":{"rendered":"https:\/\/zl.jewelry\/product\/wild-patterns-cross\/"},"modified":"2025-10-29T12:54:06","modified_gmt":"2025-10-29T12:54:06","slug":"wild-patterns-cross","status":"publish","type":"product","link":"https:\/\/zl.jewelry\/pl\/product\/wild-patterns-cross\/","title":{"rendered":"Krzy\u017c &#8222;Cudowne wzory&#8221;"},"content":{"rendered":"<section class=\"l-section wpb_row height_small\"><div class=\"l-section-h i-cf\"><div class=\"g-cols vc_row via_flex valign_top type_default stacking_default\"><div class=\"vc_col-sm-12 wpb_column vc_column_container\"><div class=\"vc_column-inner\"><div class=\"wpb_wrapper\"><div class=\"wpb_text_column\"><div class=\"wpb_wrapper\"><p>Unikalny krzy\u017cyk wykonany z czerwonego z\u0142ota na bazie agatu. Projekt tego krzy\u017ca zosta\u0142 wykonany zgodnie z \u017cyczeniem klienta i mo\u017ce zosta\u0107 zmieniony. Krzy\u017cyk ozdobiony jest diamentami o \u015brednicy 2 mm. Wysoko\u015b\u0107 krzy\u017cyka w uchu wynosi 55 mm.<\/p>\n<\/div><\/div><\/div><\/div><\/div><\/div><\/div><\/section>\n","protected":false},"excerpt":{"rendered":"Unikalny krzy\u017cyk wykonany z czerwonego z\u0142ota na bazie agatu. Projekt tego krzy\u017ca zosta\u0142 wykonany zgodnie z \u017cyczeniem klienta i mo\u017ce zosta\u0107 zmieniony. Krzy\u017cyk ozdobiony jest diamentami o \u015brednicy 2 mm. Wysoko\u015b\u0107 krzy\u017cyka w uchu wynosi 55 mm.","protected":false},"featured_media":41949,"template":"","meta":{"_acf_changed":false},"product_brand":[],"product_cat":[504,506,507,510,512,513],"product_tag":[],"class_list":{"0":"post-42728","1":"product","2":"type-product","3":"status-publish","4":"has-post-thumbnail","6":"product_cat-golden-crosses-pl","7":"product_cat-crosses-with-stones-pl","8":"product_cat-exclusive-golden-handmade-crosses-pl","9":"product_cat-mens-crosses-pl","10":"product_cat-with-diamonds-pl","11":"product_cat-womens-crosses-pl","13":"first","14":"instock","15":"product-type-simple"},"acf":[],"_links":{"self":[{"href":"https:\/\/zl.jewelry\/pl\/wp-json\/wp\/v2\/product\/42728","targetHints":{"allow":["GET"]}}],"collection":[{"href":"https:\/\/zl.jewelry\/pl\/wp-json\/wp\/v2\/product"}],"about":[{"href":"https:\/\/zl.jewelry\/pl\/wp-json\/wp\/v2\/types\/product"}],"wp:featuredmedia":[{"embeddable":true,"href":"https:\/\/zl.jewelry\/pl\/wp-json\/wp\/v2\/media\/41949"}],"wp:attachment":[{"href":"https:\/\/zl.jewelry\/pl\/wp-json\/wp\/v2\/media?parent=42728"}],"wp:term":[{"taxonomy":"product_brand","embeddable":true,"href":"https:\/\/zl.jewelry\/pl\/wp-json\/wp\/v2\/product_brand?post=42728"},{"taxonomy":"product_cat","embeddable":true,"href":"https:\/\/zl.jewelry\/pl\/wp-json\/wp\/v2\/product_cat?post=42728"},{"taxonomy":"product_tag","embeddable":true,"href":"https:\/\/zl.jewelry\/pl\/wp-json\/wp\/v2\/product_tag?post=42728"}],"curies":[{"name":"wp","href":"https:\/\/api.w.org\/{rel}","templated":true}]}}