{"id":42727,"date":"2025-06-18T11:04:04","date_gmt":"2025-06-18T11:04:04","guid":{"rendered":"https:\/\/zl.jewelry\/product\/gemini-chain-2\/"},"modified":"2025-10-29T12:31:57","modified_gmt":"2025-10-29T12:31:57","slug":"gemini-chain-2","status":"publish","type":"product","link":"https:\/\/zl.jewelry\/pl\/product\/gemini-chain-2\/","title":{"rendered":"\u0141a\u0144cuch &#8222;Gemini&#8221;"},"content":{"rendered":"<section class=\"l-section wpb_row height_small\"><div class=\"l-section-h i-cf\"><div class=\"g-cols vc_row via_flex valign_top type_default stacking_default\"><div class=\"vc_col-sm-12 wpb_column vc_column_container\"><div class=\"vc_column-inner\"><div class=\"wpb_wrapper\"><div class=\"wpb_text_column\"><div class=\"wpb_wrapper\"><p style=\"margin: 0px; font-style: normal; font-variant-caps: normal; font-stretch: normal; font-size: 13px; line-height: normal; font-family: 'Helvetica Neue'; font-size-adjust: none; font-kerning: auto; font-variant-alternates: normal; font-variant-ligatures: normal; font-variant-numeric: normal; font-variant-east-asian: normal; font-variant-position: normal; font-variant-emoji: normal; font-feature-settings: normal; font-optical-sizing: auto; font-variation-settings: normal;\"><b>Masywny z\u0142oty \u0142a\u0144cuch ze znakiem zodiaku Bli\u017ani\u0119ta \u2014 styl i indywidualno\u015b\u0107 w ka\u017cdym detalu! <\/b><\/p>\n<p style=\"margin: 0px; font-style: normal; font-variant-caps: normal; font-stretch: normal; font-size: 13px; line-height: normal; font-family: 'Helvetica Neue'; font-size-adjust: none; font-kerning: auto; font-variant-alternates: normal; font-variant-ligatures: normal; font-variant-numeric: normal; font-variant-east-asian: normal; font-variant-position: normal; font-variant-emoji: normal; font-feature-settings: normal; font-optical-sizing: auto; font-variation-settings: normal;\">Podkre\u015bl swoj\u0105 wyj\u0105tkowo\u015b\u0107 z naszym luksusowym z\u0142otym \u0142a\u0144cuszkiem, ozdobionym wyszukanym wisiorkiem ze znakiem zodiaku. W tej wersji prezentowany jest znak Bli\u017ani\u0105t, ale mo\u017cesz wybra\u0107 dowolny inny znak, aby \u0142a\u0144cuszek sta\u0142 si\u0119 prawdziwym odzwierciedleniem Twojej osobowo\u015bci.<\/p>\n<p style=\"margin: 0px; font-style: normal; font-variant-caps: normal; font-stretch: normal; font-size: 13px; line-height: normal; font-family: 'Helvetica Neue'; font-size-adjust: none; font-kerning: auto; font-variant-alternates: normal; font-variant-ligatures: normal; font-variant-numeric: normal; font-variant-east-asian: normal; font-variant-position: normal; font-variant-emoji: normal; font-feature-settings: normal; font-optical-sizing: auto; font-variation-settings: normal; min-height: 15px;\"><b>Masywne z\u0142oto <\/b>\u2014 \u0141a\u0144cuszek wykonany jest z wysokiej jako\u015bci z\u0142ota, podkre\u015blaj\u0105cego Tw\u00f3j status i wyrafinowany gust.<\/p>\n<p style=\"margin: 0px; font-style: normal; font-variant-caps: normal; font-stretch: normal; font-size: 13px; line-height: normal; font-family: 'Helvetica Neue'; font-size-adjust: none; font-kerning: auto; font-variant-alternates: normal; font-variant-ligatures: normal; font-variant-numeric: normal; font-variant-east-asian: normal; font-variant-position: normal; font-variant-emoji: normal; font-feature-settings: normal; font-optical-sizing: auto; font-variation-settings: normal;\"><b>Uniwersalny design <\/b>\u2014 Idealny zar\u00f3wno na co dzie\u0144, jak i na specjalne okazje.<\/p>\n<p style=\"margin: 0px; font-style: normal; font-variant-caps: normal; font-stretch: normal; font-size: 13px; line-height: normal; font-family: 'Helvetica Neue'; font-size-adjust: none; font-kerning: auto; font-variant-alternates: normal; font-variant-ligatures: normal; font-variant-numeric: normal; font-variant-east-asian: normal; font-variant-position: normal; font-variant-emoji: normal; font-feature-settings: normal; font-optical-sizing: auto; font-variation-settings: normal;\"><b>Indywidualny wyb\u00f3r <\/b>\u2014 Zam\u00f3w \u0142a\u0144cuszek ze swoim znakiem zodiaku lub jako prezent dla bliskiej osoby.<\/p>\n<p style=\"margin: 0px; font-style: normal; font-variant-caps: normal; font-stretch: normal; font-size: 13px; line-height: normal; font-family: 'Helvetica Neue'; font-size-adjust: none; font-kerning: auto; font-variant-alternates: normal; font-variant-ligatures: normal; font-variant-numeric: normal; font-variant-east-asian: normal; font-variant-position: normal; font-variant-emoji: normal; font-feature-settings: normal; font-optical-sizing: auto; font-variation-settings: normal;\">Podaruj sobie lub swoim bliskim nie tylko bi\u017cuteri\u0119, ale symbol stylu, harmonii i wyj\u0105tkowo\u015bci. Zam\u00f3w z\u0142oty \u0142a\u0144cuszek ze znakiem zodiaku ju\u017c dzi\u015b i spraw, aby Tw\u00f3j wygl\u0105d by\u0142 naprawd\u0119 niepowtarzalny!<\/p>\n<p style=\"margin: 0px; font-style: normal; font-variant-caps: normal; font-stretch: normal; font-size: 13px; line-height: normal; font-family: 'Helvetica Neue'; font-size-adjust: none; font-kerning: auto; font-variant-alternates: normal; font-variant-ligatures: normal; font-variant-numeric: normal; font-variant-east-asian: normal; font-variant-position: normal; font-variant-emoji: normal; font-feature-settings: normal; font-optical-sizing: auto; font-variation-settings: normal;\">\u2728<b> Wybierz sw\u00f3j znak. No\u015b z dum\u0105. <\/b>\u2728<\/p>\n<p>\u00a0<\/p>\n<\/div><\/div><\/div><\/div><\/div><\/div><\/div><\/section>\n","protected":false},"excerpt":{"rendered":"Masywny z\u0142oty \u0142a\u0144cuch ze znakiem zodiaku Bli\u017ani\u0119ta \u2014 styl i indywidualno\u015b\u0107 w ka\u017cdym detalu! Podkre\u015bl swoj\u0105 wyj\u0105tkowo\u015b\u0107 z naszym luksusowym z\u0142otym \u0142a\u0144cuszkiem, ozdobionym wyszukanym wisiorkiem ze znakiem zodiaku. W tej wersji prezentowany jest znak Bli\u017ani\u0105t, ale mo\u017cesz wybra\u0107 dowolny inny znak, aby \u0142a\u0144cuszek sta\u0142 si\u0119 prawdziwym odzwierciedleniem Twojej osobowo\u015bci. Masywne z\u0142oto \u2014 \u0141a\u0144cuszek wykonany jest...","protected":false},"featured_media":41947,"template":"","meta":{"_acf_changed":false},"product_brand":[],"product_cat":[490,492,493],"product_tag":[],"class_list":{"0":"post-42727","1":"product","2":"type-product","3":"status-publish","4":"has-post-thumbnail","6":"product_cat-gold-chains","7":"product_cat-gold-chain-from-50-gr-pl","8":"product_cat-mens-chains-pl","10":"first","11":"instock","12":"product-type-simple"},"acf":[],"_links":{"self":[{"href":"https:\/\/zl.jewelry\/pl\/wp-json\/wp\/v2\/product\/42727","targetHints":{"allow":["GET"]}}],"collection":[{"href":"https:\/\/zl.jewelry\/pl\/wp-json\/wp\/v2\/product"}],"about":[{"href":"https:\/\/zl.jewelry\/pl\/wp-json\/wp\/v2\/types\/product"}],"wp:featuredmedia":[{"embeddable":true,"href":"https:\/\/zl.jewelry\/pl\/wp-json\/wp\/v2\/media\/41947"}],"wp:attachment":[{"href":"https:\/\/zl.jewelry\/pl\/wp-json\/wp\/v2\/media?parent=42727"}],"wp:term":[{"taxonomy":"product_brand","embeddable":true,"href":"https:\/\/zl.jewelry\/pl\/wp-json\/wp\/v2\/product_brand?post=42727"},{"taxonomy":"product_cat","embeddable":true,"href":"https:\/\/zl.jewelry\/pl\/wp-json\/wp\/v2\/product_cat?post=42727"},{"taxonomy":"product_tag","embeddable":true,"href":"https:\/\/zl.jewelry\/pl\/wp-json\/wp\/v2\/product_tag?post=42727"}],"curies":[{"name":"wp","href":"https:\/\/api.w.org\/{rel}","templated":true}]}}