{"id":42723,"date":"2025-06-18T11:04:04","date_gmt":"2025-06-18T11:04:04","guid":{"rendered":"https:\/\/zl.jewelry\/product\/bracelet-motorcyclist-values\/"},"modified":"2025-10-29T11:49:04","modified_gmt":"2025-10-29T11:49:04","slug":"bracelet-motorcyclist-values","status":"publish","type":"product","link":"https:\/\/zl.jewelry\/pl\/product\/bracelet-motorcyclist-values\/","title":{"rendered":"Bransoletka  &#8222;Warto\u015bci motocyklisty&#8221;"},"content":{"rendered":"<p>Oryginalna bransoletka na sznurku, z czerwonego z\u0142ota. Projekt bransoletki zostanie wykonany zgodnie z \u017cyczeniem klienta. Na wk\u0142adkach zobrazhenom motocykl, oraz detale. Zamek jest pude\u0142ko z dwoma zamkami. Projekt mo\u017ce by\u0107 zmieniony.\u00a0 Waga z\u0142ota 50,96 gram\u00f3w, rozmiar 22.<\/p>\n<p>_x000D_<\/p>\n","protected":false},"excerpt":{"rendered":"<p>Oryginalna bransoletka na sznurku, z czerwonego z\u0142ota. Projekt bransoletki zostanie wykonany zgodnie z \u017cyczeniem klienta. Na wk\u0142adkach zobrazhenom motocykl, oraz detale. Zamek jest pude\u0142ko z dwoma zamkami. Projekt mo\u017ce by\u0107 zmieniony.\u00a0 Waga z\u0142ota 50,96 gram\u00f3w, rozmiar 22. _x000D_<\/p>\n","protected":false},"featured_media":41939,"template":"","meta":{"_acf_changed":false},"product_brand":[],"product_cat":[557,559,562],"product_tag":[],"class_list":{"0":"post-42723","1":"product","2":"type-product","3":"status-publish","4":"has-post-thumbnail","6":"product_cat-bracelets-pl","7":"product_cat-gold-bracelets-from-30-gr-pl","8":"product_cat-silk-bracelets-with-gold-inserts-pl","10":"first","11":"instock","12":"product-type-simple"},"acf":[],"_links":{"self":[{"href":"https:\/\/zl.jewelry\/pl\/wp-json\/wp\/v2\/product\/42723","targetHints":{"allow":["GET"]}}],"collection":[{"href":"https:\/\/zl.jewelry\/pl\/wp-json\/wp\/v2\/product"}],"about":[{"href":"https:\/\/zl.jewelry\/pl\/wp-json\/wp\/v2\/types\/product"}],"wp:featuredmedia":[{"embeddable":true,"href":"https:\/\/zl.jewelry\/pl\/wp-json\/wp\/v2\/media\/41939"}],"wp:attachment":[{"href":"https:\/\/zl.jewelry\/pl\/wp-json\/wp\/v2\/media?parent=42723"}],"wp:term":[{"taxonomy":"product_brand","embeddable":true,"href":"https:\/\/zl.jewelry\/pl\/wp-json\/wp\/v2\/product_brand?post=42723"},{"taxonomy":"product_cat","embeddable":true,"href":"https:\/\/zl.jewelry\/pl\/wp-json\/wp\/v2\/product_cat?post=42723"},{"taxonomy":"product_tag","embeddable":true,"href":"https:\/\/zl.jewelry\/pl\/wp-json\/wp\/v2\/product_tag?post=42723"}],"curies":[{"name":"wp","href":"https:\/\/api.w.org\/{rel}","templated":true}]}}