{"id":42721,"date":"2025-06-18T11:04:04","date_gmt":"2025-06-18T11:04:04","guid":{"rendered":"https:\/\/zl.jewelry\/product\/important-values-chain\/"},"modified":"2025-10-29T11:27:41","modified_gmt":"2025-10-29T11:27:41","slug":"important-values-chain","status":"publish","type":"product","link":"https:\/\/zl.jewelry\/pl\/product\/important-values-chain\/","title":{"rendered":"\u0141a\u0144cuch &#8222;Wa\u017cne warto\u015bci&#8221;"},"content":{"rendered":"<p>\u0141a\u0144cuszek jest modelowany, w czerwonym z\u0142ocie, zgodnie z \u017cyczeniem klienta. Ogniwa maj\u0105 inkrustowane 4,5 mm rubiny, a tak\u017ce ciekawe symbole, zgodnie z \u017cyczeniem klienta. D\u0142ugo\u015b\u0107 i wz\u00f3r mo\u017cna zmieni\u0107 zgodnie z \u017cyczeniem klienta. Przy d\u0142ugo\u015bci 60 cm, waga z\u0142ota w \u0142a\u0144cuszku wynosi 105,72 gram\u00f3w.<\/p>\n<p>_x000D_<\/p>\n","protected":false},"excerpt":{"rendered":"<p>\u0141a\u0144cuszek jest modelowany, w czerwonym z\u0142ocie, zgodnie z \u017cyczeniem klienta. Ogniwa maj\u0105 inkrustowane 4,5 mm rubiny, a tak\u017ce ciekawe symbole, zgodnie z \u017cyczeniem klienta. D\u0142ugo\u015b\u0107 i wz\u00f3r mo\u017cna zmieni\u0107 zgodnie z \u017cyczeniem klienta. Przy d\u0142ugo\u015bci 60 cm, waga z\u0142ota w \u0142a\u0144cuszku wynosi 105,72 gram\u00f3w. _x000D_<\/p>\n","protected":false},"featured_media":41935,"template":"","meta":{"_acf_changed":false},"product_brand":[],"product_cat":[493,490,492],"product_tag":[],"class_list":{"0":"post-42721","1":"product","2":"type-product","3":"status-publish","4":"has-post-thumbnail","6":"product_cat-mens-chains-pl","7":"product_cat-gold-chains","8":"product_cat-gold-chain-from-50-gr-pl","10":"first","11":"instock","12":"product-type-simple"},"acf":[],"_links":{"self":[{"href":"https:\/\/zl.jewelry\/pl\/wp-json\/wp\/v2\/product\/42721","targetHints":{"allow":["GET"]}}],"collection":[{"href":"https:\/\/zl.jewelry\/pl\/wp-json\/wp\/v2\/product"}],"about":[{"href":"https:\/\/zl.jewelry\/pl\/wp-json\/wp\/v2\/types\/product"}],"wp:featuredmedia":[{"embeddable":true,"href":"https:\/\/zl.jewelry\/pl\/wp-json\/wp\/v2\/media\/41935"}],"wp:attachment":[{"href":"https:\/\/zl.jewelry\/pl\/wp-json\/wp\/v2\/media?parent=42721"}],"wp:term":[{"taxonomy":"product_brand","embeddable":true,"href":"https:\/\/zl.jewelry\/pl\/wp-json\/wp\/v2\/product_brand?post=42721"},{"taxonomy":"product_cat","embeddable":true,"href":"https:\/\/zl.jewelry\/pl\/wp-json\/wp\/v2\/product_cat?post=42721"},{"taxonomy":"product_tag","embeddable":true,"href":"https:\/\/zl.jewelry\/pl\/wp-json\/wp\/v2\/product_tag?post=42721"}],"curies":[{"name":"wp","href":"https:\/\/api.w.org\/{rel}","templated":true}]}}