{"id":42680,"date":"2025-06-18T11:04:15","date_gmt":"2025-06-18T11:04:15","guid":{"rendered":"https:\/\/zl.jewelry\/product\/rope-with-shaped-inserts\/"},"modified":"2025-10-27T16:56:27","modified_gmt":"2025-10-27T16:56:27","slug":"rope-with-shaped-inserts","status":"publish","type":"product","link":"https:\/\/zl.jewelry\/pl\/product\/rope-with-shaped-inserts\/","title":{"rendered":"Lina z ukszta\u0142towanymi wk\u0142adkami"},"content":{"rendered":"<p>Z\u0142oty \u0142a\u0144cuszek jubilerski z ozdobnymi wstawkami to wykwintny element, kt\u00f3ry \u0142\u0105czy w sobie elegancj\u0119 i niepowtarzalny design. Ka\u017cde ogniwo \u0142a\u0144cuszka jest wykonane z precyzj\u0105, a ozdobne wstawki dodaj\u0105 mu wyj\u0105tkowego uroku i indywidualno\u015bci. To idealny dodatek dla tych, kt\u00f3rzy ceni\u0105 sobie luksus i dba\u0142o\u015b\u0107 o szczeg\u00f3\u0142y. Podnie\u015b sw\u00f3j styl dzi\u0119ki tej wyrafinowanej bi\u017cuterii, prawdziwej ozdobie do ka\u017cdej stylizacji!<\/p>\n","protected":false},"excerpt":{"rendered":"<p>Z\u0142oty \u0142a\u0144cuszek jubilerski z ozdobnymi wstawkami to wykwintny element, kt\u00f3ry \u0142\u0105czy w sobie elegancj\u0119 i niepowtarzalny design. Ka\u017cde ogniwo \u0142a\u0144cuszka jest wykonane z precyzj\u0105, a ozdobne wstawki dodaj\u0105 mu wyj\u0105tkowego uroku i indywidualno\u015bci. To idealny dodatek dla tych, kt\u00f3rzy ceni\u0105 sobie luksus i dba\u0142o\u015b\u0107 o szczeg\u00f3\u0142y. Podnie\u015b sw\u00f3j styl dzi\u0119ki tej wyrafinowanej bi\u017cuterii, prawdziwej ozdobie&#8230;<\/p>\n","protected":false},"featured_media":41847,"template":"","meta":{"_acf_changed":false},"product_brand":[],"product_cat":[499,496],"product_tag":[],"class_list":{"0":"post-42680","1":"product","2":"type-product","3":"status-publish","4":"has-post-thumbnail","6":"product_cat-nylon-mens-pl","7":"product_cat-jewelry-laces-pl","9":"first","10":"instock","11":"product-type-simple"},"acf":[],"_links":{"self":[{"href":"https:\/\/zl.jewelry\/pl\/wp-json\/wp\/v2\/product\/42680","targetHints":{"allow":["GET"]}}],"collection":[{"href":"https:\/\/zl.jewelry\/pl\/wp-json\/wp\/v2\/product"}],"about":[{"href":"https:\/\/zl.jewelry\/pl\/wp-json\/wp\/v2\/types\/product"}],"wp:featuredmedia":[{"embeddable":true,"href":"https:\/\/zl.jewelry\/pl\/wp-json\/wp\/v2\/media\/41847"}],"wp:attachment":[{"href":"https:\/\/zl.jewelry\/pl\/wp-json\/wp\/v2\/media?parent=42680"}],"wp:term":[{"taxonomy":"product_brand","embeddable":true,"href":"https:\/\/zl.jewelry\/pl\/wp-json\/wp\/v2\/product_brand?post=42680"},{"taxonomy":"product_cat","embeddable":true,"href":"https:\/\/zl.jewelry\/pl\/wp-json\/wp\/v2\/product_cat?post=42680"},{"taxonomy":"product_tag","embeddable":true,"href":"https:\/\/zl.jewelry\/pl\/wp-json\/wp\/v2\/product_tag?post=42680"}],"curies":[{"name":"wp","href":"https:\/\/api.w.org\/{rel}","templated":true}]}}