{"id":78033,"date":"2025-10-23T13:19:13","date_gmt":"2025-10-23T13:19:13","guid":{"rendered":"https:\/\/zl.jewelry\/?page_id=78033"},"modified":"2026-01-13T12:41:01","modified_gmt":"2026-01-13T12:41:01","slug":"contact-form","status":"publish","type":"page","link":"https:\/\/zl.jewelry\/pl\/contact-form\/","title":{"rendered":"Contact form"},"content":{"rendered":"<section class=\"l-section wpb_row height_medium\"><div class=\"l-section-overlay\" style=\"background:rgba(224,224,224,0.60)\"><\/div><div class=\"l-section-h i-cf\"><div class=\"g-cols vc_row via_flex valign_top type_default stacking_default\"><div class=\"vc_col-sm-12 wpb_column vc_column_container\"><div class=\"vc_column-inner\"><div class=\"wpb_wrapper\"><div class=\"wpb_text_column\"><div class=\"wpb_wrapper\"><h1 style=\"text-align: center;\">Zam\u00f3w u nas obr\u0105czki \u015blubne, kt\u00f3re stan\u0105 si\u0119 cz\u0119\u015bci\u0105 Waszej rodzinnej historii.<\/h1>\n<h2 style=\"text-align: center;\">Konsultacja i wycena \u2014 gratis!<\/h2>\n<\/div><\/div><div class=\"w-separator size_medium\"><\/div><div class=\"g-cols wpb_row via_flex valign_middle type_default stacking_default\"><div class=\"vc_col-sm-12 wpb_column vc_column_container\"><div class=\"vc_column-inner\"><div class=\"wpb_wrapper\"><div class=\"wpb_text_column\"><div class=\"wpb_wrapper\"><\/div><\/div><\/div><\/div><\/div><\/div><div class=\"w-separator size_medium\"><\/div><div class=\"wpb_text_column\"><div class=\"wpb_wrapper\"><h2 style=\"text-align: center;\">Indywidualna wycena zam\u00f3wienia<\/h2>\n<\/div><\/div><div class=\"g-cols wpb_row via_flex valign_top type_default stacking_default\"><div class=\"vc_col-sm-2 wpb_column vc_column_container\"><div class=\"vc_column-inner\"><div class=\"wpb_wrapper\"><\/div><\/div><\/div><div class=\"vc_col-sm-8 wpb_column vc_column_container\"><div class=\"vc_column-inner\"><div class=\"wpb_wrapper\"><div class=\"wpb_text_column\"><div class=\"wpb_wrapper\"><p><span><div class=\"wpforms-container wpforms-container-full wpforms-render-modern\" id=\"wpforms-78020\"><form id=\"wpforms-form-78020\" class=\"wpforms-validate wpforms-form wpforms-ajax-form\" data-formid=\"78020\" method=\"post\" enctype=\"multipart\/form-data\" action=\"\/pl\/wp-json\/wp\/v2\/pages\/78033?wpforms_form_id=78020\" data-token=\"b1fd8e61e376dbfe30d7cbbc9f2bd5c4\" data-token-time=\"1776050279\"><noscript class=\"wpforms-error-noscript\">Aby wype\u0142ni\u0107 ten formularz, w\u0142\u0105cz obs\u0142ug\u0119 JavaScript w przegl\u0105darce.<\/noscript><div class=\"wpforms-hidden\" id=\"wpforms-error-noscript\">Aby wype\u0142ni\u0107 ten formularz, w\u0142\u0105cz obs\u0142ug\u0119 JavaScript w przegl\u0105darce.<\/div><div class=\"wpforms-field-container\"><div id=\"wpforms-78020-field_11-container\" class=\"wpforms-field wpforms-field-layout\" data-field-id=\"11\"><label class=\"wpforms-field-label wpforms-label-hide\" aria-hidden=\"false\">\u041c\u0430\u043a\u0435\u0442<\/label><div class=\"wpforms-field-layout-rows\"><div class=\"wpforms-layout-row\"><div class=\"wpforms-layout-column wpforms-layout-column-25\"><div id=\"wpforms-78020-field_9-container\" class=\"wpforms-field wpforms-field-radio\" data-field-id=\"9\"><fieldset><legend class=\"wpforms-field-label\">Model<\/legend><ul id=\"wpforms-78020-field_9\"><li class=\"choice-1 depth-1 wpforms-selected\"><input type=\"radio\" id=\"wpforms-78020-field_9_1\" name=\"wpforms[fields][9]\" value=\"Klasyczne\" aria-errormessage=\"wpforms-78020-field_9_1-error\"   checked='checked'><label class=\"wpforms-field-label-inline\" for=\"wpforms-78020-field_9_1\">Klasyczne<\/label><\/li><li class=\"choice-2 depth-1\"><input type=\"radio\" id=\"wpforms-78020-field_9_2\" name=\"wpforms[fields][9]\" value=\"Ekskluzywne\" aria-errormessage=\"wpforms-78020-field_9_2-error\"  ><label class=\"wpforms-field-label-inline\" for=\"wpforms-78020-field_9_2\">Ekskluzywne<\/label><\/li><li class=\"choice-3 depth-1\"><input type=\"radio\" id=\"wpforms-78020-field_9_3\" name=\"wpforms[fields][9]\" value=\"Premium\" aria-errormessage=\"wpforms-78020-field_9_3-error\"  ><label class=\"wpforms-field-label-inline\" for=\"wpforms-78020-field_9_3\">Premium<\/label><\/li><\/ul><\/fieldset><\/div><\/div><div class=\"wpforms-layout-column wpforms-layout-column-25\"><div id=\"wpforms-78020-field_10-container\" class=\"wpforms-field wpforms-field-radio\" data-field-id=\"10\"><fieldset><legend class=\"wpforms-field-label\">Stop<\/legend><ul id=\"wpforms-78020-field_10\"><li class=\"choice-1 depth-1 wpforms-selected\"><input type=\"radio\" id=\"wpforms-78020-field_10_1\" name=\"wpforms[fields][10]\" value=\"Z\u0142oto\" aria-errormessage=\"wpforms-78020-field_10_1-error\"   checked='checked'><label class=\"wpforms-field-label-inline\" for=\"wpforms-78020-field_10_1\">Z\u0142oto<\/label><\/li><li class=\"choice-2 depth-1\"><input type=\"radio\" id=\"wpforms-78020-field_10_2\" name=\"wpforms[fields][10]\" value=\"Platyna\" aria-errormessage=\"wpforms-78020-field_10_2-error\"  ><label class=\"wpforms-field-label-inline\" for=\"wpforms-78020-field_10_2\">Platyna<\/label><\/li><li class=\"choice-3 depth-1\"><input type=\"radio\" id=\"wpforms-78020-field_10_3\" name=\"wpforms[fields][10]\" value=\"Srebro\" aria-errormessage=\"wpforms-78020-field_10_3-error\"  ><label class=\"wpforms-field-label-inline\" for=\"wpforms-78020-field_10_3\">Srebro<\/label><\/li><\/ul><\/fieldset><\/div><\/div><div class=\"wpforms-layout-column wpforms-layout-column-25\"><div id=\"wpforms-78020-field_14-container\" class=\"wpforms-field wpforms-field-radio wpforms-list-2-columns\" data-field-id=\"14\"><fieldset><legend class=\"wpforms-field-label\">Pr\u00f3ba<\/legend><ul id=\"wpforms-78020-field_14\"><li class=\"choice-1 depth-1\"><input type=\"radio\" id=\"wpforms-78020-field_14_1\" name=\"wpforms[fields][14]\" value=\"333\" aria-errormessage=\"wpforms-78020-field_14_1-error\"  ><label class=\"wpforms-field-label-inline\" for=\"wpforms-78020-field_14_1\">333<\/label><\/li><li class=\"choice-2 depth-1 wpforms-selected\"><input type=\"radio\" id=\"wpforms-78020-field_14_2\" name=\"wpforms[fields][14]\" value=\"585\" aria-errormessage=\"wpforms-78020-field_14_2-error\"   checked='checked'><label class=\"wpforms-field-label-inline\" for=\"wpforms-78020-field_14_2\">585<\/label><\/li><li class=\"choice-6 depth-1\"><input type=\"radio\" id=\"wpforms-78020-field_14_6\" name=\"wpforms[fields][14]\" value=\"750\" aria-errormessage=\"wpforms-78020-field_14_6-error\"  ><label class=\"wpforms-field-label-inline\" for=\"wpforms-78020-field_14_6\">750<\/label><\/li><li class=\"choice-5 depth-1\"><input type=\"radio\" id=\"wpforms-78020-field_14_5\" name=\"wpforms[fields][14]\" value=\"950\" aria-errormessage=\"wpforms-78020-field_14_5-error\"  ><label class=\"wpforms-field-label-inline\" for=\"wpforms-78020-field_14_5\">950<\/label><\/li><li class=\"choice-4 depth-1\"><input type=\"radio\" id=\"wpforms-78020-field_14_4\" name=\"wpforms[fields][14]\" value=\"925\" aria-errormessage=\"wpforms-78020-field_14_4-error\"  ><label class=\"wpforms-field-label-inline\" for=\"wpforms-78020-field_14_4\">925<\/label><\/li><\/ul><\/fieldset><\/div><\/div><div class=\"wpforms-layout-column wpforms-layout-column-25\"><div id=\"wpforms-78020-field_38-container\" class=\"wpforms-field wpforms-field-radio\" data-field-id=\"38\"><fieldset><legend class=\"wpforms-field-label\">Wstawki jubilerskie<\/legend><ul id=\"wpforms-78020-field_38\"><li class=\"choice-1 depth-1 wpforms-selected\"><input type=\"radio\" id=\"wpforms-78020-field_38_1\" name=\"wpforms[fields][38]\" value=\"Bez kamieni\" aria-errormessage=\"wpforms-78020-field_38_1-error\"   checked='checked'><label class=\"wpforms-field-label-inline\" for=\"wpforms-78020-field_38_1\">Bez kamieni<\/label><\/li><li class=\"choice-2 depth-1\"><input type=\"radio\" id=\"wpforms-78020-field_38_2\" name=\"wpforms[fields][38]\" value=\"Cyrkonia\" aria-errormessage=\"wpforms-78020-field_38_2-error\"  ><label class=\"wpforms-field-label-inline\" for=\"wpforms-78020-field_38_2\">Cyrkonia<\/label><\/li><li class=\"choice-3 depth-1\"><input type=\"radio\" id=\"wpforms-78020-field_38_3\" name=\"wpforms[fields][38]\" value=\"Diamenty\" aria-errormessage=\"wpforms-78020-field_38_3-error\"  ><label class=\"wpforms-field-label-inline\" for=\"wpforms-78020-field_38_3\">Diamenty<\/label><\/li><\/ul><\/fieldset><\/div><\/div><\/div><div class=\"wpforms-layout-row\"><div class=\"wpforms-layout-column wpforms-layout-column-25\"><\/div><div class=\"wpforms-layout-column wpforms-layout-column-25\"><div id=\"wpforms-78020-field_50-container\" class=\"wpforms-field wpforms-field-number\" data-field-id=\"50\"><label class=\"wpforms-field-label\" for=\"wpforms-78020-field_50\">Rozmiar m\u0119skiej obr\u0105czki (mm)<\/label><input type=\"number\" id=\"wpforms-78020-field_50\" class=\"wpforms-field-medium\" name=\"wpforms[fields][50]\" aria-errormessage=\"wpforms-78020-field_50-error\" ><\/div><\/div><div class=\"wpforms-layout-column wpforms-layout-column-25\"><div id=\"wpforms-78020-field_49-container\" class=\"wpforms-field wpforms-field-number\" data-field-id=\"49\"><label class=\"wpforms-field-label\" for=\"wpforms-78020-field_49\">Rozmiar damskiej obr\u0105czki (mm)<\/label><input type=\"number\" id=\"wpforms-78020-field_49\" class=\"wpforms-field-medium\" name=\"wpforms[fields][49]\" aria-errormessage=\"wpforms-78020-field_49-error\" ><\/div><\/div><div class=\"wpforms-layout-column wpforms-layout-column-25\"><\/div><\/div><\/div><\/div><div id=\"wpforms-78020-field_30-container\" class=\"wpforms-field wpforms-field-divider\" data-field-id=\"30\"><h3 id=\"wpforms-78020-field_30\" aria-errormessage=\"wpforms-78020-field_30-error\">Twoje dane<\/h3><\/div><div id=\"wpforms-78020-field_32-container\" class=\"wpforms-field wpforms-field-layout\" data-field-id=\"32\"><label class=\"wpforms-field-label wpforms-label-hide\" aria-hidden=\"false\">\u041c\u0430\u043a\u0435\u0442<\/label><div class=\"wpforms-field-layout-rows\"><div class=\"wpforms-layout-row\"><div class=\"wpforms-layout-column wpforms-layout-column-33\"><div id=\"wpforms-78020-field_1-container\" class=\"wpforms-field wpforms-field-name\" data-field-id=\"1\"><label class=\"wpforms-field-label\" for=\"wpforms-78020-field_1\">Imi\u0119 i nazwisko <span class=\"wpforms-required-label\" aria-hidden=\"true\">*<\/span><\/label><input type=\"text\" id=\"wpforms-78020-field_1\" class=\"wpforms-field-medium wpforms-field-required\" name=\"wpforms[fields][1]\" aria-errormessage=\"wpforms-78020-field_1-error\" required><\/div><\/div><div class=\"wpforms-layout-column wpforms-layout-column-33\"><div id=\"wpforms-78020-field_2-container\" class=\"wpforms-field wpforms-field-email\" data-field-id=\"2\"><label class=\"wpforms-field-label\" for=\"wpforms-78020-field_2\">E-mail <span class=\"wpforms-required-label\" aria-hidden=\"true\">*<\/span><\/label><input type=\"email\" id=\"wpforms-78020-field_2\" class=\"wpforms-field-medium wpforms-field-required\" name=\"wpforms[fields][2]\" spellcheck=\"false\" aria-errormessage=\"wpforms-78020-field_2-error\" required><\/div><\/div><div class=\"wpforms-layout-column wpforms-layout-column-33\"><div id=\"wpforms-78020-field_3-container\" class=\"wpforms-field wpforms-field-phone\" data-field-id=\"3\"><label class=\"wpforms-field-label\" for=\"wpforms-78020-field_3\">Telefon <span class=\"wpforms-required-label\" aria-hidden=\"true\">*<\/span><\/label><input type=\"tel\" id=\"wpforms-78020-field_3\" class=\"wpforms-field-medium wpforms-field-required\" data-rule-int-phone-field=\"true\" name=\"wpforms[fields][3]\" value=\"+\" placeholder=\"+\" aria-errormessage=\"wpforms-78020-field_3-error\" required><\/div><\/div><\/div><\/div><\/div><div id=\"wpforms-78020-field_28-container\" class=\"wpforms-field wpforms-field-checkbox wpforms-list-3-columns\" data-field-id=\"28\"><fieldset><legend class=\"wpforms-field-label\"><\/legend><ul id=\"wpforms-78020-field_28\"><li class=\"choice-3 depth-1\"><input type=\"checkbox\" id=\"wpforms-78020-field_28_3\" name=\"wpforms[fields][28][]\" value=\"Tak, WhatsApp\" aria-errormessage=\"wpforms-78020-field_28_3-error\"  ><label class=\"wpforms-field-label-inline\" for=\"wpforms-78020-field_28_3\">Tak, WhatsApp<\/label><\/li><li class=\"choice-2 depth-1\"><input type=\"checkbox\" id=\"wpforms-78020-field_28_2\" name=\"wpforms[fields][28][]\" value=\"Tak, Telegram\" aria-errormessage=\"wpforms-78020-field_28_2-error\"  ><label class=\"wpforms-field-label-inline\" for=\"wpforms-78020-field_28_2\">Tak, Telegram<\/label><\/li><li class=\"choice-1 depth-1\"><input type=\"checkbox\" id=\"wpforms-78020-field_28_1\" name=\"wpforms[fields][28][]\" value=\"Tak, Viber\" aria-errormessage=\"wpforms-78020-field_28_1-error\"  ><label class=\"wpforms-field-label-inline\" for=\"wpforms-78020-field_28_1\">Tak, Viber<\/label><\/li><\/ul><\/fieldset><\/div><div id=\"wpforms-78020-field_7-container\" class=\"wpforms-field wpforms-field-file-upload\" data-field-id=\"7\"><label class=\"wpforms-field-label\" for=\"wpforms-78020-field_7\">Zdj\u0119cia (mo\u017cesz przes\u0142a\u0107 przyk\u0142ad po\u017c\u0105danego pier\u015bcionka)<\/label><div\n\t\tclass=\"wpforms-uploader\"\n\t\tdata-field-id=\"7\"\n\t\tdata-form-id=\"78020\"\n\t\tdata-input-name=\"wpforms_78020_7\"\n\t\tdata-extensions=\"jpg,jpeg,jpe,gif,png,bmp,tiff,tif,webp,avif,ico,heic,heif,heics,heifs,asf,asx,wmv,wmx,wm,avi,divx,mov,qt,mpeg,mpg,mpe,mp4,m4v,ogv,webm,mkv,3gp,3gpp,3g2,3gp2,txt,asc,c,cc,h,srt,csv,tsv,ics,rtx,css,vtt,mp3,m4a,m4b,aac,ra,ram,wav,x-wav,ogg,oga,flac,mid,midi,wma,wax,mka,rtf,pdf,class,tar,zip,gz,gzip,rar,7z,psd,xcf,doc,pot,pps,ppt,wri,xla,xls,xlt,xlw,mpp,docx,docm,dotx,dotm,xlsx,xlsm,xlsb,xltx,xltm,xlam,pptx,pptm,ppsx,ppsm,potx,potm,ppam,sldx,sldm,onetoc,onetoc2,onepkg,oxps,xps,odt,odp,ods,odg,odc,odb,odf,wp,wpd,key,numbers,pages,svg,woff,woff2\"\n\t\tdata-max-size=\"2147483648\"\n\t\tdata-max-file-number=\"5\"\n\t\tdata-post-max-size=\"2147483648\"\n\t\tdata-max-parallel-uploads=\"4\"\n\t\tdata-parallel-uploads=\"true\"\n\t\tdata-file-chunk-size=\"2097152\">\n\t<div class=\"dz-message\">\n\t\t<svg viewBox=\"0 0 1024 1024\" focusable=\"false\" data-icon=\"inbox\" width=\"50px\" height=\"50px\" fill=\"currentColor\" aria-hidden=\"true\">\n\t\t\t<path d=\"M885.2 446.3l-.2-.8-112.2-285.1c-5-16.1-19.9-27.2-36.8-27.2H281.2c-17 0-32.1 11.3-36.9 27.6L139.4 443l-.3.7-.2.8c-1.3 4.9-1.7 9.9-1 14.8-.1 1.6-.2 3.2-.2 4.8V830a60.9 60.9 0 0 0 60.8 60.8h627.2c33.5 0 60.8-27.3 60.9-60.8V464.1c0-1.3 0-2.6-.1-3.7.4-4.9 0-9.6-1.3-14.1zm-295.8-43l-.3 15.7c-.8 44.9-31.8 75.1-77.1 75.1-22.1 0-41.1-7.1-54.8-20.6S436 441.2 435.6 419l-.3-15.7H229.5L309 210h399.2l81.7 193.3H589.4zm-375 76.8h157.3c24.3 57.1 76 90.8 140.4 90.8 33.7 0 65-9.4 90.3-27.2 22.2-15.6 39.5-37.4 50.7-63.6h156.5V814H214.4V480.1z\"><\/path>\n\t\t<\/svg>\n\t\t<span class=\"modern-title\">Kliknij lub przeci\u0105gnij do tego obszaru pliki przeznaczone do przes\u0142ania.<\/span>\n\n\t\t\t\t\t<span class=\"modern-hint\">You can upload up to 5 files.<\/span>\n\t\t\t<\/div>\n<\/div>\n<input\n\t\ttype=\"text\"\n\t\tautocomplete=\"off\"\n\t\treadonly\n\t\tclass=\"dropzone-input\"\n\t\tstyle=\"position:absolute!important;clip:rect(0,0,0,0)!important;height:1px!important;width:1px!important;border:0!important;overflow:hidden!important;padding:0!important;margin:0!important;\"\n\t\tid=\"wpforms-78020-field_7\"\n\t\tname=\"wpforms_78020_7\" \t\tvalue=\"\">\n<div id=\"wpforms-78020-field_7-description\" class=\"wpforms-field-description\">png, .jpg<\/div><\/div><div id=\"wpforms-78020-field_31-container\" class=\"wpforms-field wpforms-field-checkbox\" data-field-id=\"31\"><fieldset><legend class=\"wpforms-field-label\"> <span class=\"wpforms-required-label\" aria-hidden=\"true\">*<\/span><\/legend><ul id=\"wpforms-78020-field_31\" class=\"wpforms-field-required\"><li class=\"choice-1 depth-1 wpforms-selected\"><input type=\"checkbox\" id=\"wpforms-78020-field_31_1\" name=\"wpforms[fields][31][]\" value=\"Akceptuj\u0119 regulamin sklepu internetowego i informacje o produkcie Z\u0142ota Lilia sp. z o.o.\" aria-errormessage=\"wpforms-78020-field_31_1-error\" required  checked='checked'><label class=\"wpforms-field-label-inline\" for=\"wpforms-78020-field_31_1\">Akceptuj\u0119 regulamin sklepu internetowego i informacje o produkcie Z\u0142ota Lilia sp. z o.o.<\/label><\/li><\/ul><\/fieldset><\/div><\/div><!-- .wpforms-field-container --><div class=\"wpforms-submit-container\" ><input type=\"hidden\" name=\"wpforms[id]\" value=\"78020\"><input type=\"hidden\" name=\"page_title\" value=\"\"><input type=\"hidden\" name=\"page_url\" value=\"https:\/\/zl.jewelry\/pl\/wp-json\/wp\/v2\/pages\/78033\"><button type=\"submit\" name=\"wpforms[submit]\" id=\"wpforms-submit-78020\" class=\"wpforms-submit\" data-alt-text=\"Wysy\u0142anie...\" data-submit-text=\"WY\u015aLIJ\" aria-live=\"assertive\" value=\"wpforms-submit\">WY\u015aLIJ<\/button><img loading=\"lazy\" decoding=\"async\" src=\"https:\/\/zl.jewelry\/wp-content\/plugins\/wpforms\/assets\/images\/submit-spin.svg\" class=\"wpforms-submit-spinner\" style=\"display: none;\" width=\"26\" height=\"26\" alt=\"Wczytywanie\"><\/div><\/form><\/div>  <!-- .wpforms-container --><\/span><\/p>\n<\/div><\/div><\/div><\/div><\/div><div class=\"vc_col-sm-2 wpb_column vc_column_container\"><div class=\"vc_column-inner\"><div class=\"wpb_wrapper\"><\/div><\/div><\/div><\/div><div class=\"w-separator size_medium\"><\/div><\/div><\/div><\/div><\/div><\/div><\/section>\n","protected":false},"excerpt":{"rendered":"Zam\u00f3w u nas obr\u0105czki \u015blubne, kt\u00f3re stan\u0105 si\u0119 cz\u0119\u015bci\u0105 Waszej rodzinnej historii. Konsultacja i wycena \u2014 gratis! Indywidualna wycena zam\u00f3wienia Aby wype\u0142ni\u0107 ten formularz, w\u0142\u0105cz obs\u0142ug\u0119 JavaScript w przegl\u0105darce.Aby wype\u0142ni\u0107 ten formularz, w\u0142\u0105cz obs\u0142ug\u0119 JavaScript w przegl\u0105darce.\u041c\u0430\u043a\u0435\u0442ModelKlasyczneEkskluzywnePremiumStopZ\u0142otoPlatynaSrebroPr\u00f3ba333585750950925Wstawki jubilerskieBez kamieniCyrkoniaDiamentyRozmiar m\u0119skiej obr\u0105czki (mm)Rozmiar damskiej obr\u0105czki (mm)Twoje dane\u041c\u0430\u043a\u0435\u0442Imi\u0119 i nazwisko *E-mail *Telefon *Tak, WhatsAppTak, TelegramTak, ViberZdj\u0119cia (mo\u017cesz...","protected":false},"author":1,"featured_media":0,"parent":0,"menu_order":0,"comment_status":"closed","ping_status":"closed","template":"","meta":{"_acf_changed":false,"footnotes":""},"class_list":["post-78033","page","type-page","status-publish","hentry"],"acf":[],"_links":{"self":[{"href":"https:\/\/zl.jewelry\/pl\/wp-json\/wp\/v2\/pages\/78033","targetHints":{"allow":["GET"]}}],"collection":[{"href":"https:\/\/zl.jewelry\/pl\/wp-json\/wp\/v2\/pages"}],"about":[{"href":"https:\/\/zl.jewelry\/pl\/wp-json\/wp\/v2\/types\/page"}],"author":[{"embeddable":true,"href":"https:\/\/zl.jewelry\/pl\/wp-json\/wp\/v2\/users\/1"}],"replies":[{"embeddable":true,"href":"https:\/\/zl.jewelry\/pl\/wp-json\/wp\/v2\/comments?post=78033"}],"version-history":[{"count":6,"href":"https:\/\/zl.jewelry\/pl\/wp-json\/wp\/v2\/pages\/78033\/revisions"}],"predecessor-version":[{"id":93212,"href":"https:\/\/zl.jewelry\/pl\/wp-json\/wp\/v2\/pages\/78033\/revisions\/93212"}],"wp:attachment":[{"href":"https:\/\/zl.jewelry\/pl\/wp-json\/wp\/v2\/media?parent=78033"}],"curies":[{"name":"wp","href":"https:\/\/api.w.org\/{rel}","templated":true}]}}