{"id":35139,"date":"2025-06-03T12:50:51","date_gmt":"2025-06-03T12:50:51","guid":{"rendered":"https:\/\/zl.jewelry\/shipping-and-payment\/"},"modified":"2026-01-13T12:49:32","modified_gmt":"2026-01-13T12:49:32","slug":"shipping-and-payment","status":"publish","type":"page","link":"https:\/\/zl.jewelry\/pl\/shipping-and-payment\/","title":{"rendered":"Dostawa i p\u0142atno\u015b\u0107"},"content":{"rendered":"<section class=\"l-section wpb_row height_small\"><div class=\"l-section-h i-cf\"><div class=\"g-cols vc_row via_flex valign_top type_default stacking_default\"><div class=\"vc_col-sm-12 wpb_column vc_column_container\"><div class=\"vc_column-inner\"><div class=\"wpb_wrapper\"><div class=\"wpb_text_column\"><div class=\"wpb_wrapper\"><h1 style=\"text-align: center;\">Dostawa i p\u0142atno\u015b\u0107<\/h1>\n<\/div><\/div><\/div><\/div><\/div><\/div><\/div><\/section><section class=\"l-section wpb_row height_small\"><div class=\"l-section-h i-cf\"><div class=\"g-cols vc_row via_flex valign_top type_default stacking_default\"><div class=\"vc_col-sm-12 wpb_column vc_column_container\"><div class=\"vc_column-inner\"><div class=\"wpb_wrapper\"><div class=\"wpb_text_column\"><div class=\"wpb_wrapper\"><ul>\n<li><strong>Dostawa na terenie Polski i Europ\u0443<\/strong><span> odbywa si\u0119 na dwa sposoby: za po\u015brednictwem firmy kurierskiej <strong data-start=\"323\" data-end=\"330\">DPD<\/strong> lub <strong data-start=\"335\" data-end=\"342\">UPS<\/strong>.<\/span><\/li>\n<li>Koszt ponownej dostawy wynikaj\u0105cy z op\u00f3\u017anionego lub nieodebranego odbioru towaru ponosi Kupuj\u0105cy.<\/li>\n<li>Je\u015bli tak zdecydujesz, towar zostanie dostarczony do Ciebie osobi\u015bcie na adres wskazany w zam\u00f3wieniu.<\/li>\n<li>Termin dostawy zam\u00f3wienia zale\u017cy od dost\u0119pno\u015bci zam\u00f3wionego przez Kupuj\u0105cego towaru, a tak\u017ce od termin\u00f3w zatwierdzenia w Pa\u0144stwowym Urz\u0119dzie Probierczym oraz wybranej przez niego formy p\u0142atno\u015bci i dostawy zam\u00f3wienia.<\/li>\n<li>Klient rozumie, mog\u0105 wyst\u0105pi\u0107 sytuacje, w kt\u00f3rych dostawa b\u0119dzie wymaga\u0142a wi\u0119cej czasu ni\u017c ustalono z mened\u017cerem ds. sprzeda\u017cy (op\u00f3\u017anienia po stronie firm kurierskich, awarie system\u00f3w bankowych przy realizacji przelew\u00f3w itp.). W takim przypadku Organizacja nie ponosi odpowiedzialno\u015bci za jakiekolwiek straty Klienta zwi\u0105zane z op\u00f3\u017anion\u0105 dostaw\u0105 zam\u00f3wienia.<\/li>\n<li>Ze swojej strony Klient zobowi\u0105zuje si\u0119 do odbiopl towapu pod adresem wskazanym w zam\u00f3wieniu w ustalonym terminie lub do przekazania odbioru zam\u00f3wienia osobie upowa\u017cnionej. W ka\u017cdym przypadku kierownik sklepu internetowego ZL Jewelry oraz Klient uzgadniaj\u0105 mi\u0119dzy sob\u0105 termin dostawy i dok\u0142adaj\u0105 wszelkich stara\u0144, aby zrealizowa\u0107 zam\u00f3wienie w ustalonym czasie.<\/li>\n<li>W trakcie wydania zam\u00f3wionego towaru Kupuj\u0105cemu obie strony zobowi\u0105zane s\u0105 do sprawdzenia zgodno\u015bci dostarczonego towaru z danymi wskazanymi na paragonie: nazwy, opisu, ilo\u015bci oraz ceny ka\u017cdej jednostki towaru.<\/li>\n<\/ul>\n<p>Wszystkie produkty s\u0105 dostarczane w markowych opakowaniach.<\/p>\n<p><span>Formy p\u0142atno\u015bci<\/span><\/p>\n<ul>\n<li>P\u0142atno\u015b\u0107 got\u00f3wk\u0105 mo\u017cliwa jest w Warszawie w sklepie\u00a0\u00abZL Jewelry\u00bb.<\/li>\n<li>P\u0142atno\u015b\u0107 przelewem na rachunek bankowy sp\u00f3\u0142ki.<\/li>\n<li>Western Union<\/li>\n<li>Inne metody p\u0142atno\u015bci (nale\u017cy uzgodni\u0107 indywidualnie z mened\u017cerem)<\/li>\n<\/ul>\n<\/div><\/div><\/div><\/div><\/div><\/div><\/div><\/section><section class=\"l-section wpb_row height_small\"><div class=\"l-section-h i-cf\"><div class=\"g-cols vc_row via_flex valign_top type_default stacking_default\"><div class=\"vc_col-sm-6 wpb_column vc_column_container\"><div class=\"vc_column-inner\"><div class=\"wpb_wrapper\"><div class=\"wpb_text_column\"><div class=\"wpb_wrapper\"><h4 style=\"text-align: center;\"><strong>Cennik Mi\u0119dzynarodowy DPD Pickup<\/strong><\/h4>\n<div id=\"gtx-trans\" style=\"position: absolute; left: 308px; top: -17px;\">\n<div class=\"gtx-trans-icon\"><\/div>\n<\/div>\n<\/div><\/div><\/div><\/div><\/div><div class=\"vc_col-sm-6 wpb_column vc_column_container\"><div class=\"vc_column-inner\"><div class=\"wpb_wrapper\"><div class=\"wpb_text_column\"><div class=\"wpb_wrapper\"><h4 style=\"text-align: center;\"><strong>Cennik dostawy za po\u015brednictwem<span>\u00a0<\/span><\/strong><strong>Nova Post<\/strong><\/h4>\n<p style=\"text-align: left;\">Na terenie Polski &#8211; 15 PLN.<\/p>\n<div id=\"gtx-trans\" style=\"position: absolute; left: 314px; top: -17px;\">\n<div class=\"gtx-trans-icon\"><\/div>\n<\/div>\n<\/div><\/div><\/div><\/div><\/div><\/div><\/div><\/section><section class=\"l-section wpb_row height_small\"><div class=\"l-section-h i-cf\"><div class=\"g-cols vc_row via_flex valign_top type_default stacking_default\"><div class=\"vc_col-sm-6 wpb_column vc_column_container\"><div class=\"vc_column-inner\"><div class=\"wpb_wrapper\"><div class=\"w-image align_none\"><div class=\"w-image-h\"><img decoding=\"async\" width=\"335\" height=\"476\" src=\"https:\/\/zl.jewelry\/wp-content\/uploads\/2025\/10\/screenshot_12.webp\" class=\"attachment-woocommerce_single size-woocommerce_single\" alt=\"\" loading=\"lazy\" srcset=\"https:\/\/zl.jewelry\/wp-content\/uploads\/2025\/10\/screenshot_12.webp 335w, https:\/\/zl.jewelry\/wp-content\/uploads\/2025\/10\/screenshot_12-211x300.webp 211w\" sizes=\"auto, (max-width: 335px) 100vw, 335px\" \/><\/div><\/div><\/div><\/div><\/div><div class=\"vc_col-sm-6 wpb_column vc_column_container\"><div class=\"vc_column-inner\"><div class=\"wpb_wrapper\"><div class=\"w-image align_none\"><div class=\"w-image-h\"><img decoding=\"async\" width=\"343\" height=\"511\" src=\"https:\/\/zl.jewelry\/wp-content\/uploads\/2025\/10\/screenshot_1.webp\" class=\"attachment-woocommerce_single size-woocommerce_single\" alt=\"\" loading=\"lazy\" srcset=\"https:\/\/zl.jewelry\/wp-content\/uploads\/2025\/10\/screenshot_1.webp 343w, https:\/\/zl.jewelry\/wp-content\/uploads\/2025\/10\/screenshot_1-201x300.webp 201w\" sizes=\"auto, (max-width: 343px) 100vw, 343px\" \/><\/div><\/div><\/div><\/div><\/div><\/div><\/div><\/section>\n","protected":false},"excerpt":{"rendered":"Dostawa i p\u0142atno\u015b\u0107 Dostawa na terenie Polski i Europ\u0443 odbywa si\u0119 na dwa sposoby: za po\u015brednictwem firmy kurierskiej DPD lub UPS. Koszt ponownej dostawy wynikaj\u0105cy z op\u00f3\u017anionego lub nieodebranego odbioru towaru ponosi Kupuj\u0105cy. Je\u015bli tak zdecydujesz, towar zostanie dostarczony do Ciebie osobi\u015bcie na adres wskazany w zam\u00f3wieniu. Termin dostawy zam\u00f3wienia zale\u017cy od dost\u0119pno\u015bci zam\u00f3wionego przez...","protected":false},"author":1,"featured_media":0,"parent":0,"menu_order":0,"comment_status":"closed","ping_status":"closed","template":"","meta":{"_acf_changed":false,"footnotes":""},"class_list":["post-35139","page","type-page","status-publish","hentry"],"acf":[],"_links":{"self":[{"href":"https:\/\/zl.jewelry\/pl\/wp-json\/wp\/v2\/pages\/35139","targetHints":{"allow":["GET"]}}],"collection":[{"href":"https:\/\/zl.jewelry\/pl\/wp-json\/wp\/v2\/pages"}],"about":[{"href":"https:\/\/zl.jewelry\/pl\/wp-json\/wp\/v2\/types\/page"}],"author":[{"embeddable":true,"href":"https:\/\/zl.jewelry\/pl\/wp-json\/wp\/v2\/users\/1"}],"replies":[{"embeddable":true,"href":"https:\/\/zl.jewelry\/pl\/wp-json\/wp\/v2\/comments?post=35139"}],"version-history":[{"count":7,"href":"https:\/\/zl.jewelry\/pl\/wp-json\/wp\/v2\/pages\/35139\/revisions"}],"predecessor-version":[{"id":93213,"href":"https:\/\/zl.jewelry\/pl\/wp-json\/wp\/v2\/pages\/35139\/revisions\/93213"}],"wp:attachment":[{"href":"https:\/\/zl.jewelry\/pl\/wp-json\/wp\/v2\/media?parent=35139"}],"curies":[{"name":"wp","href":"https:\/\/api.w.org\/{rel}","templated":true}]}}