{"id":35131,"date":"2025-06-03T12:11:30","date_gmt":"2025-06-03T12:11:30","guid":{"rendered":"https:\/\/zl.jewelry\/about-us\/"},"modified":"2026-01-24T08:37:39","modified_gmt":"2026-01-24T08:37:39","slug":"about-us","status":"publish","type":"page","link":"https:\/\/zl.jewelry\/pl\/about-us\/","title":{"rendered":"O nas"},"content":{"rendered":"<section class=\"l-section wpb_row height_small\"><div class=\"l-section-h i-cf\"><div class=\"g-cols vc_row via_flex valign_top type_default stacking_default\"><div class=\"vc_col-sm-12 wpb_column vc_column_container\"><div class=\"vc_column-inner\"><div class=\"wpb_wrapper\"><div class=\"w-image align_center\"><div class=\"w-image-h\"><img decoding=\"async\" width=\"1280\" height=\"960\" src=\"https:\/\/zl.jewelry\/wp-content\/uploads\/2026\/01\/photo_2026-01-23_16-03-33.jpg\" class=\"attachment-full size-full\" alt=\"\" loading=\"lazy\" srcset=\"https:\/\/zl.jewelry\/wp-content\/uploads\/2026\/01\/photo_2026-01-23_16-03-33.jpg 1280w, https:\/\/zl.jewelry\/wp-content\/uploads\/2026\/01\/photo_2026-01-23_16-03-33-300x225.jpg 300w, https:\/\/zl.jewelry\/wp-content\/uploads\/2026\/01\/photo_2026-01-23_16-03-33-1024x768.jpg 1024w, https:\/\/zl.jewelry\/wp-content\/uploads\/2026\/01\/photo_2026-01-23_16-03-33-600x450.jpg 600w, https:\/\/zl.jewelry\/wp-content\/uploads\/2026\/01\/photo_2026-01-23_16-03-33-64x48.jpg 64w\" sizes=\"auto, (max-width: 1280px) 100vw, 1280px\" \/><\/div><\/div><\/div><\/div><\/div><\/div><\/div><\/section><section class=\"l-section wpb_row height_small\"><div class=\"l-section-h i-cf\"><div class=\"g-cols vc_row via_flex valign_top type_default stacking_default\"><div class=\"vc_col-sm-12 wpb_column vc_column_container\"><div class=\"vc_column-inner\"><div class=\"wpb_wrapper\"><div class=\"wpb_text_column\"><div class=\"wpb_wrapper\"><h1 style=\"text-align: center;\">O nas<\/h1>\n<\/div><\/div><\/div><\/div><\/div><\/div><\/div><\/section><section class=\"l-section wpb_row height_small\"><div class=\"l-section-h i-cf\"><div class=\"g-cols vc_row via_flex valign_top type_default stacking_default\"><div class=\"vc_col-sm-12 wpb_column vc_column_container\"><div class=\"vc_column-inner\"><div class=\"wpb_wrapper\"><div class=\"wpb_text_column\"><div class=\"wpb_wrapper\"><p><strong>Historia marki jubilerskiej &#8222;ZL Jewelry&#8221; narodzi\u0142a si\u0119 w 2000 roku w Chersoniu na Ukrainie<\/strong><span> <\/span>z marze\u0144 zwyk\u0142ego licealisty Romana. Marzy\u0142 on o tym, \u017ce pewnego dnia b\u0119dzie mia\u0142 w\u0142asny sklep jubilerski &#8211; NAJLEPSZY w mie\u015bcie!<\/p>\n<p>Pod koniec 2005 roku podj\u0119to pierwsz\u0105 pr\u00f3b\u0119 otwarcia w\u0142asnego biznesu. Pocz\u0105tkowo, bez oficjalnej nazwy, z pomoc\u0105 &#8222;poczty pantoflowej&#8221; klienci otrzymywali produkty pod mark\u0105 &#8222;From Roman&#8221;.<\/p>\n<p><strong>Narodziny c\u00f3rki w 2006 r.<\/strong><span> sta\u0142y si\u0119<\/span> kamieniem milowym i punktem wyj\u015bcia do narodzin stworzenia sklepu jubilerskiego pod nazw\u0105 &#8222;<strong>Zolotaya Liliya<\/strong>&#8222;.<\/p>\n<p>W latach 2008\u20132009, w czasie kryzysu rodzinnego i gospodarczego \u2014 tej &#8222;dziewi\u0105tej fali\u201d, kt\u00f3ra dotkn\u0119\u0142a niemal wszystkich przedstawicieli ma\u0142ych i \u015brednich przedsi\u0119biorstw \u2014 sklep zosta\u0142 zamkni\u0119ty. W rzeczywisto\u015bci ca\u0142y kraj, zar\u00f3wno biznes, jak i spo\u0142ecze\u0144stwo, nie wiedzia\u0142, co przyniesie kolejny rok, a nawet najbli\u017csze miesi\u0105ce. Jednak tylko ci, kt\u00f3rzy nie maj\u0105 cel\u00f3w i marze\u0144, potrafi\u0105 si\u0119 podda\u0107\u2026<\/p>\n<p><strong>W 2012<\/strong>, roku, odzyskuj\u0105c si\u0142y i z ogromnym pragnieniem dalszego rozwoju, Roman postanowi\u0142 o\u017cywi\u0107 mark\u0119 &#8222;Zolotaya Liliya&#8221; po czteroletniej przerwie, otwieraj\u0105c niewielk\u0105 wysp\u0119 zajmuj\u0105c\u0105 si\u0119 napraw\u0105 i produkcj\u0105 bi\u017cuterii w najwi\u0119kszym centrum handlowym w Chersoniu &#8211; &#8222;Fabrika&#8221;.<\/p>\n<p><strong>W 2016 roku<\/strong>, nap\u0142yw nowych klient\u00f3w oraz rosn\u0105ce ambicje pozwoli\u0142y przybli\u017cy\u0107 si\u0119 do realizacji dawnego marzenia &#8211; otwarcia &#8222;manufaktury bi\u017cuterii&#8221;. To w\u0142a\u015bnie manufaktura, oparta na r\u0119cznym rzemio\u015ble, a nie jedynie sklep, radykalnie wyr\u00f3\u017cni\u0142a mark\u0119 na tle innych salon\u00f3w jubilerskich w Chersoniu.<\/p>\n<p><strong>Manufaktura bi\u017cuterii &#8222;Golden Lily&#8221; w Chersoniu otworzy\u0142a swoje podwoje w 2016 roku.<\/strong><\/p>\n<p><strong>Od 2017 roku, <\/strong>marka posiada certyfikat rejestracji znaku towarowego &#8222;Zolotaya Liliya&#8221;, a tak\u017ce skr\u00f3conego znaku &#8211; &#8222;ZL&#8221;.<\/p>\n<p>Praca ca\u0142ego \u017cycia znalaz\u0142a swoj\u0105 kontynuowana w narodzinach nowej dynastii jubilerskiej. Pasj\u0119 do zawodu Roman przekaza\u0142 swojej \u017conie, Julii. Zafascynowana pi\u0119knem i natur\u0105 kamieni szlachetnych, Julia w ci\u0105gu dw\u00f3ch lat zdoby\u0142a profesjonalne wykszta\u0142cenie gemmologiczne i zosta\u0142a etatowym gemmologiem w manufakturze.<\/p>\n<p><strong>W 2020 roku otwarto sklep oraz produkcj\u0119 w Odessie<\/strong>, kt\u00f3re funkcjonuj\u0105 do dzi\u015b.<\/p>\n<p>Obecnie zesp\u00f3\u0142 manufaktury tworz\u0105: o\u015bmiu mistrz\u00f3w jubilerskich, gemmolog, projektanci, operator maszyny 3D, fotograf, operator wideo, ksi\u0119gowy oraz pe\u0142ny zesp\u00f3\u0142 mened\u017cer\u00f3w ds. obs\u0142ugi klienta i sprzeda\u017cy.<\/p>\n<p><strong>W 2022 roku<\/strong>, w zwi\u0105zku z rozpocz\u0119ciem pe\u0142noskalowej wojny mi\u0119dzy Rosj\u0105 a Ukrain\u0105, marka zosta\u0142a zmuszona do przeniesienia manufaktury z Chersonia do Warszawy. Z rado\u015bci\u0105 informujemy, \u017ce nasza marka jubilerska jest obecnie reprezentowana w Polsce. Wchodzimy na rynek europejski pod nazw\u0105<a href=\"\/pl\/\"><br \/>\n<strong data-end=\"263\" data-start=\"249\">ZL JEWELRY<\/strong><\/a>, zachowuj\u0105c niezmiennie najwy\u017csz\u0105 jako\u015b\u0107, styl oraz indywidualne podej\u015bcie do ka\u017cdego projektu.<\/p>\n<p data-end=\"524\" data-start=\"348\">W Warszawie otworzyli\u015bmy r\u00f3wnie\u017c<a href=\"\/pl\/contacts\/\"><strong data-end=\"404\" data-start=\"368\"> salon stacjonarnyizyczny <\/strong><\/a>, w kt\u00f3rym mo\u017cna osobi\u015bcie zapozna\u0107 si\u0119 z naszymi kolekcjami, przymierzy\u0107 wybrane modele oraz skorzysta\u0107 ze spersonalizowanej konsultacji.<\/p>\n<p>A ta historia wci\u0105\u017c si\u0119 pisze\u2026<\/p>\n<p>Nie zamierzamy na tym poprzesta\u0107. Wprowadzamy nowe technologie i procesy, poniewa\u017c chcemy rosn\u0105\u0107 i rozwija\u0107 si\u0119 razem z Tob\u0105!<\/p>\n<p>A co najwa\u017cniejsze &#8211; bez Was, naszych klient\u00f3w, nie istnieliby\u015bmy! Dzi\u0119ki Waszej lojalno\u015bci i dok\u0142adno\u015bci, Waszym komentarzom i entuzjastycznym opiniom, krytyce i kreatywno\u015bci staramy si\u0119 rozwija\u0107 i ulepsza\u0107, poprawia\u0107, a je\u015bli jest w tym nasza wina, przeprasza\u0107, rozwija\u0107 si\u0119 i doskonali\u0107!<\/p>\n<p>Co najwa\u017cniejsze, pod\u0105\u017caj za swoimi marzeniami!<\/p>\n<p style=\"text-align: right;\"><em>W odniesieniu do ciebie<span> <\/span><strong>ZL Jewelry<\/strong><span> <\/span>zesp\u00f3\u0142 i za\u0142o\u017cyciel &#8211; Roman Syadnev.<\/em><\/p>\n<\/div><\/div><\/div><\/div><\/div><\/div><\/div><\/section>\n","protected":false},"excerpt":{"rendered":"O nas Historia marki jubilerskiej &#8222;ZL Jewelry&#8221; narodzi\u0142a si\u0119 w 2000 roku w Chersoniu na Ukrainie z marze\u0144 zwyk\u0142ego licealisty Romana. Marzy\u0142 on o tym, \u017ce pewnego dnia b\u0119dzie mia\u0142 w\u0142asny sklep jubilerski &#8211; NAJLEPSZY w mie\u015bcie! Pod koniec 2005 roku podj\u0119to pierwsz\u0105 pr\u00f3b\u0119 otwarcia w\u0142asnego biznesu. Pocz\u0105tkowo, bez oficjalnej nazwy, z pomoc\u0105 &#8222;poczty pantoflowej&#8221;...","protected":false},"author":1,"featured_media":0,"parent":0,"menu_order":0,"comment_status":"closed","ping_status":"closed","template":"","meta":{"_acf_changed":false,"footnotes":""},"class_list":["post-35131","page","type-page","status-publish","hentry"],"acf":[],"_links":{"self":[{"href":"https:\/\/zl.jewelry\/pl\/wp-json\/wp\/v2\/pages\/35131","targetHints":{"allow":["GET"]}}],"collection":[{"href":"https:\/\/zl.jewelry\/pl\/wp-json\/wp\/v2\/pages"}],"about":[{"href":"https:\/\/zl.jewelry\/pl\/wp-json\/wp\/v2\/types\/page"}],"author":[{"embeddable":true,"href":"https:\/\/zl.jewelry\/pl\/wp-json\/wp\/v2\/users\/1"}],"replies":[{"embeddable":true,"href":"https:\/\/zl.jewelry\/pl\/wp-json\/wp\/v2\/comments?post=35131"}],"version-history":[{"count":15,"href":"https:\/\/zl.jewelry\/pl\/wp-json\/wp\/v2\/pages\/35131\/revisions"}],"predecessor-version":[{"id":93319,"href":"https:\/\/zl.jewelry\/pl\/wp-json\/wp\/v2\/pages\/35131\/revisions\/93319"}],"wp:attachment":[{"href":"https:\/\/zl.jewelry\/pl\/wp-json\/wp\/v2\/media?parent=35131"}],"curies":[{"name":"wp","href":"https:\/\/api.w.org\/{rel}","templated":true}]}}