{"id":35130,"date":"2025-06-03T12:08:46","date_gmt":"2025-06-03T12:08:46","guid":{"rendered":"https:\/\/zl.jewelry\/contacts\/"},"modified":"2026-01-13T13:29:01","modified_gmt":"2026-01-13T13:29:01","slug":"contacts","status":"publish","type":"page","link":"https:\/\/zl.jewelry\/pl\/contacts\/","title":{"rendered":"Kontakty"},"content":{"rendered":"<section class=\"l-section wpb_row height_small\"><div class=\"l-section-h i-cf\"><div class=\"g-cols vc_row via_flex valign_top type_default stacking_default\"><div class=\"vc_col-sm-12 wpb_column vc_column_container\"><div class=\"vc_column-inner\"><div class=\"wpb_wrapper\"><div class=\"wpb_text_column\"><div class=\"wpb_wrapper\"><h3>Kontakty<\/h3>\n<\/div><\/div><\/div><\/div><\/div><\/div><\/div><\/section><section class=\"l-section wpb_row height_auto\"><div class=\"l-section-h i-cf\"><div class=\"g-cols vc_row via_flex valign_top type_default stacking_default\"><div class=\"vc_col-sm-3 wpb_column vc_column_container\"><div class=\"vc_column-inner\"><div class=\"wpb_wrapper\"><div class=\"wpb_text_column\"><div class=\"wpb_wrapper\"><h5>Adres<\/h5>\n<\/div><\/div><div class=\"w-separator size_custom\" style=\"height:6px\"><\/div><div class=\"wpb_text_column\"><div class=\"wpb_wrapper\"><p>Polska, Warszawa<br \/>\n00-544 ul. Marsza\u0142kowska 64<\/p>\n<\/div><\/div><div class=\"w-separator size_small\"><\/div><div class=\"wpb_text_column\"><div class=\"wpb_wrapper\"><h5><strong data-start=\"173\" data-end=\"198\">Media spo\u0142eczno\u015bciowe<\/strong><\/h5>\n<\/div><\/div><div class=\"w-separator size_custom\" style=\"height:6px\"><\/div><div class=\"w-hwrapper valign_top align_none\" style=\"--hwrapper-gap:0.7rem\"><div class=\"w-iconbox iconpos_top style_default color_primary align_center no_text no_title\"><a target=\"_blank\" href=\"https:\/\/www.instagram.com\/zl_ua\/\" class=\"w-iconbox-link\" aria-label=\"fab|instagram\"><div class=\"w-iconbox-icon\" style=\"font-size:2rem;\"><i class=\"fab fa-instagram\"><\/i><\/div><\/a><div class=\"w-iconbox-meta\"><\/div><\/div><div class=\"w-iconbox iconpos_top style_default color_primary align_center no_text no_title\"><a target=\"_blank\" href=\"https:\/\/www.facebook.com\/LiliyaZolotaya\/?ref=aymt_homepage_panel\" class=\"w-iconbox-link\" aria-label=\"fab|facebook\"><div class=\"w-iconbox-icon\" style=\"font-size:2rem;\"><i class=\"fab fa-facebook\"><\/i><\/div><\/a><div class=\"w-iconbox-meta\"><\/div><\/div><div class=\"w-iconbox iconpos_top style_default color_primary align_center no_text no_title\"><a target=\"_blank\" href=\"https:\/\/www.pinterest.com\/zl_ua\/\" class=\"w-iconbox-link\" aria-label=\"fab|pinterest\"><div class=\"w-iconbox-icon\" style=\"font-size:2rem;\"><i class=\"fab fa-pinterest\"><\/i><\/div><\/a><div class=\"w-iconbox-meta\"><\/div><\/div><div class=\"w-iconbox iconpos_top style_default color_primary align_center no_text no_title\"><a target=\"_blank\" href=\"https:\/\/www.youtube.com\/channel\/UCsPwz8CNeJFszstjRHfJCeQ?view_as=subscriber\" class=\"w-iconbox-link\" aria-label=\"fab|youtube\"><div class=\"w-iconbox-icon\" style=\"font-size:2rem;\"><i class=\"fab fa-youtube\"><\/i><\/div><\/a><div class=\"w-iconbox-meta\"><\/div><\/div><div class=\"w-iconbox iconpos_top style_default color_primary align_center no_text no_title\"><a target=\"_blank\" href=\"https:\/\/www.tiktok.com\/@zl.jewelry?_t=8k4PskAbzA8&amp;_r=1\" class=\"w-iconbox-link\" aria-label=\"fab|tiktok\"><div class=\"w-iconbox-icon\" style=\"font-size:2rem;\"><i class=\"fab fa-tiktok\"><\/i><\/div><\/a><div class=\"w-iconbox-meta\"><\/div><\/div><\/div><div class=\"w-separator size_small\"><\/div><div class=\"wpb_text_column\"><div class=\"wpb_wrapper\"><h5>Telefony<\/h5>\n<\/div><\/div><div class=\"w-separator size_custom\" style=\"height:6px\"><\/div><div class=\"w-hwrapper valign_bottom align_none\" style=\"--hwrapper-gap:0.5rem\"><div class=\"wpb_text_column\"><div class=\"wpb_wrapper\"><p><span>Warszawa, sklep:\u00a0<\/span><br \/>\n<strong><a href=\"tel:+48730434000\">+48 730 430 000\u00a0<\/a><\/strong><\/p>\n<\/div><\/div><div class=\"w-iconbox iconpos_top style_default color_primary align_center no_text no_title\"><div class=\"w-iconbox-icon\" style=\"font-size:1rem;\"><i class=\"fab fa-whatsapp\"><\/i><\/div><div class=\"w-iconbox-meta\"><\/div><\/div><div class=\"w-iconbox iconpos_top style_default color_primary align_center no_text no_title\"><div class=\"w-iconbox-icon\" style=\"font-size:1rem;\"><i class=\"fab fa-viber\"><\/i><\/div><div class=\"w-iconbox-meta\"><\/div><\/div><div class=\"w-iconbox iconpos_top style_default color_primary align_center no_text no_title\"><div class=\"w-iconbox-icon\" style=\"font-size:1rem;\"><i class=\"fab fa-telegram\"><\/i><\/div><div class=\"w-iconbox-meta\"><\/div><\/div><\/div><div class=\"w-hwrapper valign_bottom align_none\" style=\"--hwrapper-gap:0.5rem\"><div class=\"wpb_text_column\"><div class=\"wpb_wrapper\"><div class=\"phone-title\">Kierownik projektu:<\/div>\n<div class=\"phone-title\">\u00a0<strong><a href=\"tel:+48730440000\">+48 730 440 000<\/a><\/strong><\/div>\n<\/div><\/div><div class=\"w-iconbox iconpos_top style_default color_primary align_center no_text no_title\"><div class=\"w-iconbox-icon\" style=\"font-size:1rem;\"><i class=\"fab fa-whatsapp\"><\/i><\/div><div class=\"w-iconbox-meta\"><\/div><\/div><div class=\"w-iconbox iconpos_top style_default color_primary align_center no_text no_title\"><div class=\"w-iconbox-icon\" style=\"font-size:1rem;\"><i class=\"fab fa-viber\"><\/i><\/div><div class=\"w-iconbox-meta\"><\/div><\/div><div class=\"w-iconbox iconpos_top style_default color_primary align_center no_text no_title\"><div class=\"w-iconbox-icon\" style=\"font-size:1rem;\"><i class=\"fab fa-telegram\"><\/i><\/div><div class=\"w-iconbox-meta\"><\/div><\/div><\/div><div class=\"w-separator size_small\"><\/div><div class=\"wpb_text_column\"><div class=\"wpb_wrapper\"><h3>Email<\/h3>\n<\/div><\/div><div class=\"w-separator size_custom\" style=\"height:6px\"><\/div><div class=\"wpb_text_column\"><div class=\"wpb_wrapper\"><div class=\"contact-item\">\n<div class=\"text\">www.zl.jewelry@gmail.com<\/div>\n<\/div>\n<div class=\"contact-item\"><\/div>\n<\/div><\/div><\/div><\/div><\/div><div class=\"vc_col-sm-9 wpb_column vc_column_container\"><div class=\"vc_column-inner\"><div class=\"wpb_wrapper\"><div class=\"wpb_text_column\"><div class=\"wpb_wrapper\"><p><iframe loading=\"lazy\" style=\"border: 0;\" src=\"https:\/\/www.google.com\/maps\/embed?pb=!1m18!1m12!1m3!1d9776.30225820851!2d21.009573887651495!3d52.22384492874239!2m3!1f0!2f0!3f0!3m2!1i1024!2i768!4f13.1!3m3!1m2!1s0x471eccee39df3fad%3A0xca006407093a1ef!2zTWFyc3phxYJrb3dza2EgNjQsIDAwLTU0NSBXYXJzemF3YSwg0J_QvtC70YzRiNCw!5e0!3m2!1sru!2sua!4v1759923228779!5m2!1sru!2sua\" width=\"100%\" height=\"450\" allowfullscreen=\"allowfullscreen\"><\/iframe><\/p>\n<\/div><\/div><div class=\"w-separator size_medium\"><\/div><div class=\"g-cols wpb_row via_flex valign_top type_default stacking_default\"><div class=\"vc_col-sm-6 wpb_column vc_column_container\"><div class=\"vc_column-inner\"><div class=\"wpb_wrapper\"><div class=\"wpb_text_column\"><div class=\"wpb_wrapper\"><p><span>ZLOTA LILIA . SP\u00d3LKA Z o. \u043e.<\/span><\/p>\n<p><span>NIP 5213968596<\/span><br \/>\n<span>REGON 522052926<\/span><br \/>\n<span>KRS 0000971710<\/span><\/p>\n<p><span>Correspondence address<\/span><br \/>\n<span>Wilcza 33, 00-544 WARSZAWA,<\/span><\/p>\n<\/div><\/div><\/div><\/div><\/div><div class=\"vc_col-sm-6 wpb_column vc_column_container\"><div class=\"vc_column-inner\"><div class=\"wpb_wrapper\"><div class=\"wpb_text_column\"><div class=\"wpb_wrapper\"><p><span>PLN 61 1940 1076 3236 0657 0000 0000<\/span><\/p>\n<p><span>EUR 86 1940 1076 3236 0673 0000 0000<\/span><\/p>\n<p><span>USD 76 1940 1076 3236 0686 0000 0000<\/span><\/p>\n<\/div><\/div><\/div><\/div><\/div><\/div><\/div><\/div><\/div><\/div><\/div><\/section><section class=\"l-section wpb_row height_small\"><div class=\"l-section-h i-cf\"><div class=\"g-cols vc_row via_flex valign_top type_default stacking_default\"><div class=\"vc_col-sm-12 wpb_column vc_column_container\"><div class=\"vc_column-inner\"><div class=\"wpb_wrapper\"><\/div><\/div><\/div><\/div><\/div><\/section>\n","protected":false},"excerpt":{"rendered":"Kontakty Adres Polska, Warszawa 00-544 ul. Marsza\u0142kowska 64 Media spo\u0142eczno\u015bciowe Telefony Warszawa, sklep:\u00a0 +48 730 430 000\u00a0 Kierownik projektu: \u00a0+48 730 440 000 Email www.zl.jewelry@gmail.com ZLOTA LILIA . SP\u00d3LKA Z o. \u043e. NIP 5213968596 REGON 522052926 KRS 0000971710 Correspondence address Wilcza 33, 00-544 WARSZAWA, PLN 61 1940 1076 3236 0657 0000 0000 EUR 86 1940...","protected":false},"author":1,"featured_media":0,"parent":0,"menu_order":0,"comment_status":"closed","ping_status":"closed","template":"","meta":{"_acf_changed":false,"footnotes":""},"class_list":["post-35130","page","type-page","status-publish","hentry"],"acf":[],"_links":{"self":[{"href":"https:\/\/zl.jewelry\/pl\/wp-json\/wp\/v2\/pages\/35130","targetHints":{"allow":["GET"]}}],"collection":[{"href":"https:\/\/zl.jewelry\/pl\/wp-json\/wp\/v2\/pages"}],"about":[{"href":"https:\/\/zl.jewelry\/pl\/wp-json\/wp\/v2\/types\/page"}],"author":[{"embeddable":true,"href":"https:\/\/zl.jewelry\/pl\/wp-json\/wp\/v2\/users\/1"}],"replies":[{"embeddable":true,"href":"https:\/\/zl.jewelry\/pl\/wp-json\/wp\/v2\/comments?post=35130"}],"version-history":[{"count":10,"href":"https:\/\/zl.jewelry\/pl\/wp-json\/wp\/v2\/pages\/35130\/revisions"}],"predecessor-version":[{"id":93218,"href":"https:\/\/zl.jewelry\/pl\/wp-json\/wp\/v2\/pages\/35130\/revisions\/93218"}],"wp:attachment":[{"href":"https:\/\/zl.jewelry\/pl\/wp-json\/wp\/v2\/media?parent=35130"}],"curies":[{"name":"wp","href":"https:\/\/api.w.org\/{rel}","templated":true}]}}