{"id":35067,"date":"2025-06-08T20:45:02","date_gmt":"2025-06-08T20:45:02","guid":{"rendered":"https:\/\/zl.jewelry\/customer-loyalty-system\/"},"modified":"2025-10-24T13:27:30","modified_gmt":"2025-10-24T13:27:30","slug":"customer-loyalty-system","status":"publish","type":"page","link":"https:\/\/zl.jewelry\/pl\/customer-loyalty-system\/","title":{"rendered":"System lojalno\u015bciowy dla klient\u00f3w"},"content":{"rendered":"<section class=\"l-section wpb_row height_small\"><div class=\"l-section-h i-cf\"><div class=\"g-cols vc_row via_flex valign_top type_default stacking_default\"><div class=\"vc_col-sm-12 wpb_column vc_column_container\"><div class=\"vc_column-inner\"><div class=\"wpb_wrapper\"><div class=\"wpb_text_column\"><div class=\"wpb_wrapper\"><h1 style=\"text-align: center;\">System lojalno\u015bciowy dla klient\u00f3w<\/h1>\n<\/div><\/div><\/div><\/div><\/div><\/div><\/div><\/section><section class=\"l-section wpb_row height_small\"><div class=\"l-section-h i-cf\"><div class=\"g-cols vc_row via_flex valign_top type_default stacking_default\"><div class=\"vc_col-sm-12 wpb_column vc_column_container\"><div class=\"vc_column-inner\"><div class=\"wpb_wrapper\"><div class=\"wpb_text_column\"><div class=\"wpb_wrapper\"><p><span>\u00a0-to spos\u00f3b na pokazanie klientom, \u017ce ich wybory i zaufanie s\u0105 cenione.<\/span><\/p>\n<table border=\"1\" cellspacing=\"1\" cellpadding=\"1\">\n<tbody>\n<tr>\n<td colspan=\"2\">Wszyscy klienci, potencjalni i faktyczni<\/td>\n<\/tr>\n<tr>\n<td>Warto\u015b\u0107 nominalna karty<\/td>\n<td><span>Bez karty 0%<\/span><\/td>\n<\/tr>\n<tr>\n<td>Materia\u0142<\/td>\n<td><\/td>\n<\/tr>\n<tr>\n<td><span>Kana\u0142 Telegram (liczba publikacji tygodniowo)<\/span><\/td>\n<td><span>7 publikacje, nowa standardowa cena bi\u017cuterii<\/span><\/td>\n<\/tr>\n<tr>\n<td>Podstawa wszystkich rozmiar\u00f3w palc\u00f3w<\/td>\n<td>Samodzielne wprowadzanie wszystkich rozmiar\u00f3w<\/td>\n<\/tr>\n<tr>\n<td>Zni\u017cka na prac\u0119<\/td>\n<td><\/td>\n<\/tr>\n<tr>\n<td>Zni\u017cka na kamienie szlachetne<\/td>\n<td><span>5% zni\u017cka na kamienie szlachetne z wyj\u0105tkiem diament\u00f3w<\/span><\/td>\n<\/tr>\n<tr>\n<td>Naprawa bi\u017cuterii<\/td>\n<td><\/td>\n<\/tr>\n<tr>\n<td>Diagnostyka kamieni szlachetnych<\/td>\n<td><\/td>\n<\/tr>\n<tr>\n<td>Projektowanie 3D<\/td>\n<td><\/td>\n<\/tr>\n<tr>\n<td>Praca poza kolejno\u015bci\u0105<\/td>\n<td><\/td>\n<\/tr>\n<tr>\n<td>Losowanie prezent\u00f3w w\u015br\u00f3d posiadaczy kart<\/td>\n<td>Losowanie z\u0142otych upomink\u00f3w w\u015br\u00f3d abonent\u00f3w TC w Sylwestra<\/td>\n<\/tr>\n<tr>\n<td>Pakowanie<\/td>\n<td><\/td>\n<\/tr>\n<tr>\n<td>Dodatkowa zni\u017cka w dniu urodzin<\/td>\n<td><span>5% zni\u017cka z okazji urodzin za okazaniem paszportu<\/span><\/td>\n<\/tr>\n<tr>\n<td>Rejestracja na wystawy<\/td>\n<td><\/td>\n<\/tr>\n<tr>\n<td>Zakupy na wystawy<\/td>\n<td><\/td>\n<\/tr>\n<\/tbody>\n<\/table>\n<table border=\"1\" cellspacing=\"1\" cellpadding=\"1\">\n<tbody>\n<tr>\n<td colspan=\"2\">Klient dokona\u0142 zakupu o warto\u015bci do 1000 USD lub 15 gram\u00f3w z\u0142ota.<\/td>\n<\/tr>\n<tr>\n<td>Nomina\u0142 karty<\/td>\n<td><span>Czarna karta 3%<\/span><\/td>\n<\/tr>\n<tr>\n<td>Materia\u0142<\/td>\n<td>Aluminium<\/td>\n<\/tr>\n<tr>\n<td>Kana\u0142 Telegram (liczba publikacji tygodniowo)<\/td>\n<td><span>7 publikacje, bi\u017cuteria niepublikowana w sieciach spo\u0142eczno\u015bciowych &#8211; 3%<\/span><\/td>\n<\/tr>\n<tr>\n<td>Podstawa wszystkich rozmiar\u00f3w palc\u00f3w<\/td>\n<td>Wszystkie rozmiary wprowadzamy do bazy samodzielnie<\/td>\n<\/tr>\n<tr>\n<td>Zni\u017cka na prac\u0119<\/td>\n<td>Rabat (naliczanie pieni\u0119dzy do nast\u0119pnego zam\u00f3wienia) na prac\u0119 mistrz\u00f3w manufaktury 3%<\/td>\n<\/tr>\n<tr>\n<td>Zni\u017cka na kamienie szlachetne<\/td>\n<td>10% zni\u017cki na kamienie inne ni\u017c diamenty<\/td>\n<\/tr>\n<tr>\n<td>Naprawa bi\u017cuterii<\/td>\n<td>Bezp\u0142atna naprawa dowolnej bi\u017cuterii w ci\u0105gu roku za kwot\u0119 50 USD lub 3 przedmioty<\/td>\n<\/tr>\n<tr>\n<td>Diagnostyka kamieni szlachetnych<\/td>\n<td><\/td>\n<\/tr>\n<tr>\n<td>Projektowanie 3D<\/td>\n<td><\/td>\n<\/tr>\n<tr>\n<td>Praca poza kolejno\u015bci\u0105<\/td>\n<td><\/td>\n<\/tr>\n<tr>\n<td>Losowanie prezent\u00f3w w\u015br\u00f3d posiadaczy kart<\/td>\n<td><\/td>\n<\/tr>\n<tr>\n<td>Pakowanie<\/td>\n<td><\/td>\n<\/tr>\n<tr>\n<td>Dodatkowa zni\u017cka z okazji urodzin<\/td>\n<td><\/td>\n<\/tr>\n<tr>\n<td>Rejestracja na wystawy<\/td>\n<td><\/td>\n<\/tr>\n<tr>\n<td>Zakupy na wystawy<\/td>\n<td><\/td>\n<\/tr>\n<\/tbody>\n<\/table>\n<table border=\"1\" cellspacing=\"1\" cellpadding=\"1\">\n<tbody>\n<tr>\n<td colspan=\"2\">Klient dokona\u0142 zakupu 3000 USD lub 40 gram\u00f3w z\u0142ota.<\/td>\n<\/tr>\n<tr>\n<td>Nomina\u0142 karty<\/td>\n<td>Czarna karta 5%<\/td>\n<\/tr>\n<tr>\n<td>Materia\u0142<\/td>\n<td>Materia\u0142<\/td>\n<\/tr>\n<tr>\n<td>Kana\u0142 Telegram (liczba publikacji tygodniowo)<\/td>\n<td><span>5 \u0441razy w tygodniu publikowana bi\u017cuteria marki i niepublikowana w sieciach spo\u0142eczno\u015bciowych &#8211; 5%<\/span><\/td>\n<\/tr>\n<tr>\n<td>Podstawa wszystkich rozmiar\u00f3w palc\u00f3w<\/td>\n<td>Wszystkie rozmiary wprowadzamy do bazy samodzielnie<\/td>\n<\/tr>\n<tr>\n<td>Zni\u017cka na prac\u0119<\/td>\n<td><span>\u00a0Rabat (naliczanie pieni\u0119dzy do nast\u0119pnego zam\u00f3wienia) na prac\u0119 mistrz\u00f3w manufaktury 5%<\/span><\/td>\n<\/tr>\n<tr>\n<td>Zni\u017cka na kamienie szlachetne<\/td>\n<td><span>15% zni\u017cka na inne kamienie na diamentach 3% taniej<\/span><\/td>\n<\/tr>\n<tr>\n<td>Naprawa bi\u017cuterii<\/td>\n<td>Bezp\u0142atna naprawa dowolnej bi\u017cuterii w ci\u0105gu roku za kwot\u0119 100 USD lub 5 przedmiot\u00f3w.<\/td>\n<\/tr>\n<tr>\n<td>Diagnostyka kamieni szlachetnych<\/td>\n<td>Bezp\u0142atna diagnostyka kamieni szlachetnych 3 razy w roku<\/td>\n<\/tr>\n<tr>\n<td>Projektowanie 3D<\/td>\n<td><\/td>\n<\/tr>\n<tr>\n<td>Praca poza kolejno\u015bci\u0105<\/td>\n<td><\/td>\n<\/tr>\n<tr>\n<td>Losowanie prezent\u00f3w w\u015br\u00f3d posiadaczy kart<\/td>\n<td><\/td>\n<\/tr>\n<tr>\n<td>Pakowanie<\/td>\n<td><\/td>\n<\/tr>\n<tr>\n<td>Dodatkowa zni\u017cka z okazji urodzin<\/td>\n<td><\/td>\n<\/tr>\n<tr>\n<td>Rejestracja na wystawy<\/td>\n<td><\/td>\n<\/tr>\n<tr>\n<td>Zakupy na wystawy<\/td>\n<td><\/td>\n<\/tr>\n<\/tbody>\n<\/table>\n<table border=\"1\" cellspacing=\"1\" cellpadding=\"1\">\n<tbody>\n<tr>\n<td colspan=\"2\">Klient dokona\u0142 zakupu o warto\u015bci 5000 USD lub 65 gram\u00f3w z\u0142ota.<\/td>\n<\/tr>\n<tr>\n<td>Nomina\u0142 karty<\/td>\n<td>Czarna karta 7%<\/td>\n<\/tr>\n<tr>\n<td>Materia\u0142<\/td>\n<td>Aluminium<\/td>\n<\/tr>\n<tr>\n<td>Kana\u0142 Telegram (liczba publikacji tygodniowo)<\/td>\n<td>5 publikacji markowej bi\u017cuterii i niepublikowanych w sieciach spo\u0142eczno\u015bciowych + inne kamienie &#8211; 7%<\/td>\n<\/tr>\n<tr>\n<td>Baza rozmiar\u00f3w wszystkich palc\u00f3w<\/td>\n<td>Samodzielnie wprowadzamy wszystkie rozmiary do bazy, wysy\u0142amy pomiary<\/td>\n<\/tr>\n<tr>\n<td>Zni\u017cka na prac\u0119<\/td>\n<td>Rabat (naliczanie pieni\u0119dzy do nast\u0119pnego zam\u00f3wienia) na prac\u0119 mistrz\u00f3w manufaktury 7% taniej<\/td>\n<\/tr>\n<tr>\n<td>Zni\u017cka na kamienie szlachetne<\/td>\n<td>Rabat 20% na inne kamienie na diamentach 5%<\/td>\n<\/tr>\n<tr>\n<td>Naprawa bi\u017cuterii<\/td>\n<td>Bezp\u0142atna naprawa dowolnej bi\u017cuterii w ci\u0105gu roku za kwot\u0119 200 USD lub 7 przedmiot\u00f3w<\/td>\n<\/tr>\n<tr>\n<td>Diagnostyka kamieni szlachetnych<\/td>\n<td>Bezp\u0142atna diagnostyka kamieni szlachetnych 5 razy w roku<\/td>\n<\/tr>\n<tr>\n<td>Projektowanie 3D<\/td>\n<td>Bezp\u0142atny projekt 3D w ci\u0105gu roku 1 raz<\/td>\n<\/tr>\n<tr>\n<td>Praca poza kolejno\u015bci\u0105<\/td>\n<td>Produkcja zam\u00f3wienia poza kolejno\u015bci\u0105 1 raz w roku<\/td>\n<\/tr>\n<tr>\n<td>Losowanie prezent\u00f3w w\u015br\u00f3d posiadaczy kart<\/td>\n<td><\/td>\n<\/tr>\n<tr>\n<td>Pakowanie<\/td>\n<td><\/td>\n<\/tr>\n<tr>\n<td>Dodatkowa zni\u017cka z okazji urodzin<\/td>\n<td><\/td>\n<\/tr>\n<tr>\n<td>Rejestracja na wystawy<\/td>\n<td><\/td>\n<\/tr>\n<tr>\n<td>Zakupy na wystawy<\/td>\n<td><\/td>\n<\/tr>\n<\/tbody>\n<\/table>\n<table border=\"1\" cellspacing=\"1\" cellpadding=\"1\">\n<tbody>\n<tr>\n<td colspan=\"2\">Klient dokona\u0142 zakupu 10000 $ lub 130 gram\u00f3w z\u0142ota<\/td>\n<\/tr>\n<tr>\n<td>Nomina\u0142 karty<\/td>\n<td>Z\u0142ota karta 10%<\/td>\n<\/tr>\n<tr>\n<td>Materia\u0142<\/td>\n<td>Aluminium<\/td>\n<\/tr>\n<tr>\n<td>Kana\u0142 Telegram (liczba publikacji tygodniowo)<\/td>\n<td><span> 3 publikacje, najlepsza bi\u017cuteria tygodnia + inne kamienie &#8211; 10%<\/span><\/td>\n<\/tr>\n<tr>\n<td>Baza rozmiar\u00f3w wszystkich palc\u00f3w<\/td>\n<td>Niezale\u017cnie wprowadzamy wszystkie rozmiary do bazy, wysy\u0142amy pomiary<\/td>\n<\/tr>\n<tr>\n<td>Zni\u017cka na prac\u0119<\/td>\n<td><span>Rabat (naliczenie pieni\u0119dzy do nast\u0119pnego zam\u00f3wienia) na prac\u0119 mistrz\u00f3w manufaktury 10% <\/span><\/td>\n<\/tr>\n<tr>\n<td>Zni\u017cka na kamienie szlachetne<\/td>\n<td>Rabat 25% na inne kamienie na diamentach 7%<\/td>\n<\/tr>\n<tr>\n<td>Naprawa bi\u017cuterii<\/td>\n<td>Bezp\u0142atna naprawa dowolnej bi\u017cuterii w ci\u0105gu roku za kwot\u0119 300 USD lub 10 przedmiot\u00f3w<\/td>\n<\/tr>\n<tr>\n<td>Diagnostyka kamieni szlachetnych<\/td>\n<td>Bezp\u0142atna diagnostyka kamieni szlachetnych 7 razy w roku<\/td>\n<\/tr>\n<tr>\n<td>Projektowanie 3D<\/td>\n<td>Bezp\u0142atny projekt 3D 2 razy w ci\u0105gu roku<\/td>\n<\/tr>\n<tr>\n<td>Praca poza kolejno\u015bci\u0105<\/td>\n<td>Sk\u0142adanie zam\u00f3wie\u0144 poza kolejno\u015bci\u0105 3 razy w roku<\/td>\n<\/tr>\n<tr>\n<td>Losowanie prezent\u00f3w w\u015br\u00f3d posiadaczy kart<\/td>\n<td>Losowanie z\u0142otych upomink\u00f3w w\u015br\u00f3d posiadaczy z\u0142otych kart w Sylwestra<\/td>\n<\/tr>\n<tr>\n<td>Pakowanie<\/td>\n<td>Najlepsze opakowanie gratis dla ca\u0142ej bi\u017cuterii<\/td>\n<\/tr>\n<tr>\n<td>Dodatkowa zni\u017cka z okazji urodzin<\/td>\n<td>\u017byczenia urodzinowe i dodatkowy rabat + 3%<\/td>\n<\/tr>\n<tr>\n<td>Rejestracja na wystawy<\/td>\n<td><\/td>\n<\/tr>\n<tr>\n<td>Zakupy na wystawy<\/td>\n<td><\/td>\n<\/tr>\n<\/tbody>\n<\/table>\n<table border=\"1\" cellspacing=\"1\" cellpadding=\"1\">\n<tbody>\n<tr>\n<td colspan=\"2\">Karta klubowa. Subskrypcja 1000 USD rocznie. Mo\u017cliwo\u015b\u0107 zakupu jako prezent.<\/td>\n<\/tr>\n<tr>\n<td>Warto\u015b\u0107 nominalna karty<\/td>\n<td>Karta klubowa 15%<\/td>\n<\/tr>\n<tr>\n<td>Materia\u0142<\/td>\n<td>Srebro pr\u00f3by 925*<\/td>\n<\/tr>\n<tr>\n<td>Kana\u0142 Telegram (liczba publikacji tygodniowo)<\/td>\n<td>Og\u00f3lny czat osobi\u015bcie opublikowa\u0107. 1 publikacja, najlepsza bi\u017cuteria tygodnia + ekskluzywny diament &#8211; 15%<\/td>\n<\/tr>\n<tr>\n<td>Baza rozmiar\u00f3w wszystkich palc\u00f3w<\/td>\n<td>Samodzielnie wprowad\u017a wszystkie rozmiary do bazy, wy\u015blij miary<\/td>\n<\/tr>\n<tr>\n<td>Zni\u017cka na prac\u0119<\/td>\n<td>Zni\u017cka na prac\u0119 mistrz\u00f3w manufaktury 15%<\/td>\n<\/tr>\n<tr>\n<td>Zni\u017cka na kamienie szlachetne<\/td>\n<td><span>40% discount on other stones on diamonds 15% off<\/span><\/td>\n<\/tr>\n<tr>\n<td><span>Jewelry repair<\/span><\/td>\n<td>Bezp\u0142atna naprawa dowolnej bi\u017cuterii w ci\u0105gu roku za kwot\u0119 500 USD lub 20 sztuk.<\/td>\n<\/tr>\n<tr>\n<td>Diagnostyka kamieni szlachetnych<\/td>\n<td>Bezp\u0142atna diagnostyka kamieni szlachetnych 20 razy w roku<\/td>\n<\/tr>\n<tr>\n<td>Projektowanie 3D<\/td>\n<td>Bezp\u0142atne projektowanie 3D w ci\u0105gu roku 5 razy<\/td>\n<\/tr>\n<tr>\n<td>Praca poza kolejno\u015bci\u0105<\/td>\n<td>Produkcja wszystkich zam\u00f3wie\u0144 poza kolejno\u015bci\u0105<\/td>\n<\/tr>\n<tr>\n<td>Losowanie prezent\u00f3w w\u015br\u00f3d posiadaczy kart<\/td>\n<td>Losowanie z\u0142otych prezent\u00f3w z diamentem w\u015br\u00f3d posiadaczy z\u0142otych kart w Sylwestra<\/td>\n<\/tr>\n<tr>\n<td>Pakowanie<\/td>\n<td>Ekskluzywne bezp\u0142atne opakowanie dla ca\u0142ej bi\u017cuterii<\/td>\n<\/tr>\n<tr>\n<td>Dodatkowa zni\u017cka z okazji urodzin<\/td>\n<td>\u017byczenia urodzinowe i dodatkowy rabat + 5%<\/td>\n<\/tr>\n<tr>\n<td>Rejestracja na wystawy<\/td>\n<td>Wsp\u00f3lne wycieczki na wystawy bi\u017cuterii<\/td>\n<\/tr>\n<tr>\n<td>Zakupy na wystawach<\/td>\n<td>Spersonalizowana zawarto\u015b\u0107 i udzia\u0142 w wystawach bi\u017cuterii<\/td>\n<\/tr>\n<\/tbody>\n<\/table>\n<table style=\"height: 235px;\" border=\"1\" width=\"490\" cellspacing=\"1\" cellpadding=\"1\">\n<tbody>\n<tr>\n<td>Przypomnienie<\/td>\n<\/tr>\n<tr>\n<td>W dniu urodzin posiadacza karty<\/td>\n<\/tr>\n<tr>\n<td>14 dni przed urodzinami bliskich os\u00f3b wymienionych w formularzu<\/td>\n<\/tr>\n<tr>\n<td>1 grudnia Urodziny Z\u0142otej Lilii<\/td>\n<\/tr>\n<tr>\n<td>20 grudnia losowanie prezent\u00f3w od Golden Lily<\/td>\n<\/tr>\n<tr>\n<td>Zerowanie karty po up\u0142ywie roku od ostatniej interakcji<\/td>\n<\/tr>\n<tr>\n<td>28,02 dla m\u0119\u017cczyzn z dodatkow\u0105 zni\u017ck\u0105<\/td>\n<\/tr>\n<tr>\n<td>9,03 dla kobiet z dodatkow\u0105 zni\u017ck\u0105<\/td>\n<\/tr>\n<\/tbody>\n<\/table>\n<div id=\"gtx-trans\" style=\"position: absolute; left: 330px; top: 3544px;\">\n<div class=\"gtx-trans-icon\"><\/div>\n<\/div>\n<\/div><\/div><\/div><\/div><\/div><\/div><\/div><\/section>\n","protected":false},"excerpt":{"rendered":"System lojalno\u015bciowy dla klient\u00f3w \u00a0-to spos\u00f3b na pokazanie klientom, \u017ce ich wybory i zaufanie s\u0105 cenione. Wszyscy klienci, potencjalni i faktyczni Warto\u015b\u0107 nominalna karty Bez karty 0% Materia\u0142 Kana\u0142 Telegram (liczba publikacji tygodniowo) 7 publikacje, nowa standardowa cena bi\u017cuterii Podstawa wszystkich rozmiar\u00f3w palc\u00f3w Samodzielne wprowadzanie wszystkich rozmiar\u00f3w Zni\u017cka na prac\u0119 Zni\u017cka na kamienie szlachetne 5%...","protected":false},"author":1,"featured_media":0,"parent":0,"menu_order":0,"comment_status":"closed","ping_status":"closed","template":"","meta":{"_acf_changed":false,"footnotes":""},"class_list":["post-35067","page","type-page","status-publish","hentry"],"acf":[],"_links":{"self":[{"href":"https:\/\/zl.jewelry\/pl\/wp-json\/wp\/v2\/pages\/35067","targetHints":{"allow":["GET"]}}],"collection":[{"href":"https:\/\/zl.jewelry\/pl\/wp-json\/wp\/v2\/pages"}],"about":[{"href":"https:\/\/zl.jewelry\/pl\/wp-json\/wp\/v2\/types\/page"}],"author":[{"embeddable":true,"href":"https:\/\/zl.jewelry\/pl\/wp-json\/wp\/v2\/users\/1"}],"replies":[{"embeddable":true,"href":"https:\/\/zl.jewelry\/pl\/wp-json\/wp\/v2\/comments?post=35067"}],"version-history":[{"count":5,"href":"https:\/\/zl.jewelry\/pl\/wp-json\/wp\/v2\/pages\/35067\/revisions"}],"predecessor-version":[{"id":78057,"href":"https:\/\/zl.jewelry\/pl\/wp-json\/wp\/v2\/pages\/35067\/revisions\/78057"}],"wp:attachment":[{"href":"https:\/\/zl.jewelry\/pl\/wp-json\/wp\/v2\/media?parent=35067"}],"curies":[{"name":"wp","href":"https:\/\/api.w.org\/{rel}","templated":true}]}}