{"id":35066,"date":"2025-06-08T20:45:12","date_gmt":"2025-06-08T20:45:12","guid":{"rendered":"https:\/\/zl.jewelry\/jewelry-repair\/"},"modified":"2026-01-13T13:40:43","modified_gmt":"2026-01-13T13:40:43","slug":"jewelry-repair","status":"publish","type":"page","link":"https:\/\/zl.jewelry\/pl\/jewelry-repair\/","title":{"rendered":"Naprawa bi\u017cuterii"},"content":{"rendered":"<section class=\"l-section wpb_row height_small\"><div class=\"l-section-h i-cf\"><div class=\"g-cols vc_row via_flex valign_top type_default stacking_default\"><div class=\"vc_col-sm-12 wpb_column vc_column_container\"><div class=\"vc_column-inner\"><div class=\"wpb_wrapper\"><div class=\"wpb_text_column\"><div class=\"wpb_wrapper\"><h1 style=\"text-align: center;\">Naprawa bi\u017cuterii<\/h1>\n<\/div><\/div><\/div><\/div><\/div><\/div><\/div><\/section><section class=\"l-section wpb_row height_small\"><div class=\"l-section-h i-cf\"><div class=\"g-cols vc_row via_flex valign_top type_default stacking_default\"><div class=\"vc_col-sm-12 wpb_column vc_column_container\"><div class=\"vc_column-inner\"><div class=\"wpb_wrapper\"><div class=\"wpb_text_column\"><div class=\"wpb_wrapper\"><ul>\n<li>Lutowanie \u0142a\u0144cuszka lub bransoletki w jednym miejscu (odlewane elementy)<\/li>\n<\/ul>\n<p>Od 60 PLN<\/p>\n<ul>\n<li>Lutowanie \u0142a\u0144cuszka lub bransoletki w jednym miejscu<\/li>\n<\/ul>\n<p>Od 80 PLN<\/p>\n<ul>\n<li>Naprawa p\u0119kni\u0119\u0107, por\u00f3w, ubytk\u00f3w (wyroby bez kamieni)<\/li>\n<\/ul>\n<p>Od 75 PLN<\/p>\n<ul>\n<li>Naprawa p\u0119kni\u0119\u0107, por\u00f3w, ubytk\u00f3w (wyroby z kamieniami syntetycznymi) \u2014 jeden punkt lutowniczy<\/li>\n<\/ul>\n<p>Od 85 PLN<\/p>\n<ul>\n<li>Naprawa p\u0119kni\u0119\u0107, por\u00f3w, ubytk\u00f3w (wyroby z kamieniami p\u00f3\u0142szlachetnymi lub szlachetnymi) \u2014 jeden punkt lutowniczy<\/li>\n<\/ul>\n<p>Od\u00a0 110 PLN<\/p>\n<ul>\n<li>Lutowanie pier\u015bcionk\u00f3w, kolczyk\u00f3w, zawieszek bez kamieni w jednym miejscu<\/li>\n<\/ul>\n<p>Od 75 PLN<\/p>\n<ul>\n<li>Lutowanie pier\u015bcionk\u00f3w, kolczyk\u00f3w, zawieszek z kamieniami w jednym miejscu<\/li>\n<\/ul>\n<p>Od\u00a0 80 PLN<\/p>\n<ul>\n<li>Powi\u0119kszenie lub zmniejszenie obr\u0105czki do 1 rozmiaru (bez kamieni)<\/li>\n<\/ul>\n<p>Od 70 PLN<\/p>\n<ul>\n<li>Zmniejszenie rozmiaru pier\u015bcionka poprzez ci\u0119cie (bez kamieni, do 1,5 rozmiaru)<\/li>\n<\/ul>\n<p>Od 90 PLN<\/p>\n<ul>\n<li>Zmniejszenie rozmiaru pier\u015bcionka poprzez modelowanie przy kamieniach (do 1,5 rozmiaru)<\/li>\n<\/ul>\n<p>Od 110 PLN<\/p>\n<ul>\n<li>Powi\u0119kszenie rozmiaru pier\u015bcionka (do 1 rozmiaru) poprzez wlutowanie wk\u0142adki<\/li>\n<\/ul>\n<p>Od 120 z\u0142 + koszt z\u0142omu<\/p>\n<ul>\n<li>Zmiana rozmiaru powy\u017cej 1 rozmiaru<\/li>\n<\/ul>\n<p>Od 130 PLN + koszt z\u0142omowania<\/p>\n<ul>\n<li>Prostowanie obr\u0105czki klasycznej (bez kamieni)<\/li>\n<\/ul>\n<p>Od 70 PLN<\/p>\n<ul>\n<li>Prostowanie obr\u0105czki \u015blubnej (z wzorem lub kamieniami)<\/li>\n<\/ul>\n<p>Od 90 PLN<\/p>\n<ul>\n<li>Prostowanie jednego elementu kolczyka<\/li>\n<\/ul>\n<p>Od 70 PLN<\/p>\n<ul>\n<li>Prostowanie pier\u015bcionka (z kamieniami lub bez \u2014 w zale\u017cno\u015bci od stopnia trudno\u015bci)<\/li>\n<\/ul>\n<p>Od 40 PLN<\/p>\n<ul>\n<li>Podniesienie oprawy kamienia (w zale\u017cno\u015bci od stopnia trudno\u015bci)<\/li>\n<\/ul>\n<p>Od 70 PLN<\/p>\n<ul>\n<li>Renowacja kolczyk\u00f3w lub pier\u015bcionka<\/li>\n<\/ul>\n<p>Od 110 PLN<\/p>\n<ul>\n<li>Wymiana szyny pier\u015bcionka<\/li>\n<\/ul>\n<p>Od 120 PLN<\/p>\n<ul>\n<li>Wymiana trzpienia w kolczyku lub bransoletce bez lutowania<\/li>\n<\/ul>\n<p>Od 70 z\u0142 + koszt z\u0142omu<\/p>\n<ul>\n<li>Wymiana trzpienia w kolczyku lub bransoletce bez lutowania<\/li>\n<\/ul>\n<p>Od 70 z\u0142 + koszt z\u0142omu<\/p>\n<ul>\n<li>Wymiana trzpienia w kolczyku lub bransoletce (z u\u017cyciem dw\u00f3ch lut\u00f3w)<\/li>\n<\/ul>\n<p>Od 120 z\u0142 + koszt z\u0142omu<\/p>\n<ul>\n<li>Wymiana zapi\u0119cia w bransoletce lub \u0142a\u0144cuszku<\/li>\n<\/ul>\n<p>Od 90 z\u0142 + koszt z\u0142omu<\/p>\n<ul>\n<li>Wymiana zapi\u0119cia karabi\u0144czyk na zapi\u0119cie skrzynkowe<\/li>\n<\/ul>\n<p>Od 450 PLN + koszt z\u0142omowania<\/p>\n<ul>\n<li>Wymiana spr\u0119\u017cyny w zapi\u0119ciu<\/li>\n<\/ul>\n<p>Od 40 PLN<\/p>\n<ul>\n<li>Wymiana linki (bez monta\u017cu zapi\u0119\u0107)<\/li>\n<\/ul>\n<p>Od 90 PLN<\/p>\n<ul>\n<li>Osadzenie jednego kamienia nieszlachetnego (w zale\u017cno\u015bci od rozmiaru)<\/li>\n<\/ul>\n<p>Od 30 PLN<\/p>\n<ul>\n<li>Osadzenie jednego kamienia syntetycznego lub p\u00f3\u0142szlachetnego<\/li>\n<\/ul>\n<p>indywidualnie<\/p>\n<ul>\n<li>Osadzenie jednego kamienia szlachetnego<\/li>\n<\/ul>\n<p>indywidualnie<\/p>\n<ul>\n<li>Osadzanie kamieni (Swarovski)<\/li>\n<\/ul>\n<p>&#8211; do 5 mm<\/p>\n<p>Od 10 z\u0142\/szt.<\/p>\n<p>&#8211; od 5 mm<\/p>\n<p>Od 15 z\u0142\/szt.<\/p>\n<ul>\n<li>Demonta\u017c kamieni syntetycznych<\/li>\n<\/ul>\n<p>Od 10 z\u0142\/szt.<\/p>\n<ul>\n<li>Demonta\u017c kamieni szlachetnych do 0,05 ct<\/li>\n<\/ul>\n<p>Od 15 z\u0142\/szt.<\/p>\n<ul>\n<li>Demonta\u017c kamieni szlachetnych powy\u017cej 0,05 ct<\/li>\n<\/ul>\n<p>Od 30 z\u0142\/szt.<\/p>\n<ul>\n<li>Wykonanie jednego ogniwa do \u0142a\u0144cuszka (proste)<\/li>\n<\/ul>\n<p>Od 140 PLN + koszt z\u0142omowania<\/p>\n<ul>\n<li>Wykonanie jednego ogniwa do \u0142a\u0144cuszka (z\u0142o\u017cone)<\/li>\n<\/ul>\n<p>Od 250 PLN + koszt z\u0142omowania<\/p>\n<ul>\n<li>Wykonanie jednej stopy do odlewu pier\u015bcionka<\/li>\n<\/ul>\n<p>Od 140 PLN + koszt z\u0142omowania<\/p>\n<p>Polerowanie<\/p>\n<ul>\n<li>Obr\u0105czka \u015blubna<\/li>\n<\/ul>\n<p>Od 40 PLN<\/p>\n<ul>\n<li>Pier\u015bcionek z kamieniami i bez kamieni<\/li>\n<\/ul>\n<p>Od 50 PLN<\/p>\n<ul>\n<li>Zawieszenie<\/li>\n<\/ul>\n<p>Od 60 z\u0142 do 210 z\u0142<\/p>\n<ul>\n<li>Bransoletka<\/li>\n<\/ul>\n<p>Od 60 z\u0142 do 210 z\u0142<\/p>\n<ul>\n<li>\u0141a\u0144cuch<\/li>\n<\/ul>\n<p>Od 60 z\u0142 do 210 z\u0142<\/p>\n<ul>\n<li>Kolczyki (para)<\/li>\n<\/ul>\n<p>Od 50 PLN<\/p>\n<ul>\n<li>Rodowanie<\/li>\n<\/ul>\n<p>Od 30 z\u0142\/gr<\/p>\n<ul>\n<li>Galwanizacja<\/li>\n<\/ul>\n<p>indywidualnie<\/p>\n<ul>\n<li>Pokrycie emali\u0105<\/li>\n<\/ul>\n<p>Od 100 PLN<\/p>\n<ul>\n<li>Wy\u017carzanie<\/li>\n<\/ul>\n<p>Od 30 z\u0142\/szt.<\/p>\n<ul>\n<li>Naprawa wyrob\u00f3w niestandardowych i ekskluzywnych<\/li>\n<\/ul>\n<p>indywidualnie<\/p>\n<div id=\"gtx-trans\" style=\"position: absolute; left: 112px; top: 4711px;\">\n<div class=\"gtx-trans-icon\"><\/div>\n<\/div>\n<\/div><\/div><\/div><\/div><\/div><\/div><\/div><\/section>\n","protected":false},"excerpt":{"rendered":"Naprawa bi\u017cuterii Lutowanie \u0142a\u0144cuszka lub bransoletki w jednym miejscu (odlewane elementy) Od 60 PLN Lutowanie \u0142a\u0144cuszka lub bransoletki w jednym miejscu Od 80 PLN Naprawa p\u0119kni\u0119\u0107, por\u00f3w, ubytk\u00f3w (wyroby bez kamieni) Od 75 PLN Naprawa p\u0119kni\u0119\u0107, por\u00f3w, ubytk\u00f3w (wyroby z kamieniami syntetycznymi) \u2014 jeden punkt lutowniczy Od 85 PLN Naprawa p\u0119kni\u0119\u0107, por\u00f3w, ubytk\u00f3w (wyroby z...","protected":false},"author":1,"featured_media":0,"parent":0,"menu_order":0,"comment_status":"closed","ping_status":"closed","template":"","meta":{"_acf_changed":false,"footnotes":""},"class_list":["post-35066","page","type-page","status-publish","hentry"],"acf":[],"_links":{"self":[{"href":"https:\/\/zl.jewelry\/pl\/wp-json\/wp\/v2\/pages\/35066","targetHints":{"allow":["GET"]}}],"collection":[{"href":"https:\/\/zl.jewelry\/pl\/wp-json\/wp\/v2\/pages"}],"about":[{"href":"https:\/\/zl.jewelry\/pl\/wp-json\/wp\/v2\/types\/page"}],"author":[{"embeddable":true,"href":"https:\/\/zl.jewelry\/pl\/wp-json\/wp\/v2\/users\/1"}],"replies":[{"embeddable":true,"href":"https:\/\/zl.jewelry\/pl\/wp-json\/wp\/v2\/comments?post=35066"}],"version-history":[{"count":9,"href":"https:\/\/zl.jewelry\/pl\/wp-json\/wp\/v2\/pages\/35066\/revisions"}],"predecessor-version":[{"id":93219,"href":"https:\/\/zl.jewelry\/pl\/wp-json\/wp\/v2\/pages\/35066\/revisions\/93219"}],"wp:attachment":[{"href":"https:\/\/zl.jewelry\/pl\/wp-json\/wp\/v2\/media?parent=35066"}],"curies":[{"name":"wp","href":"https:\/\/api.w.org\/{rel}","templated":true}]}}