{"id":35062,"date":"2025-06-08T20:45:47","date_gmt":"2025-06-08T20:45:47","guid":{"rendered":"https:\/\/zl.jewelry\/expert-evaluation-of-diamonds\/"},"modified":"2026-01-13T13:09:49","modified_gmt":"2026-01-13T13:09:49","slug":"expert-evaluation-of-diamonds","status":"publish","type":"page","link":"https:\/\/zl.jewelry\/pl\/expert-evaluation-of-diamonds\/","title":{"rendered":"Ekspercka ocena diament\u00f3w"},"content":{"rendered":"<section class=\"l-section wpb_row height_small\"><div class=\"l-section-h i-cf\"><div class=\"g-cols vc_row via_flex valign_top type_default stacking_default\"><div class=\"vc_col-sm-12 wpb_column vc_column_container\"><div class=\"vc_column-inner\"><div class=\"wpb_wrapper\"><div class=\"wpb_text_column\"><div class=\"wpb_wrapper\"><h1 style=\"text-align: center;\">Ekspercka ocena diament\u00f3w<\/h1>\n<\/div><\/div><\/div><\/div><\/div><\/div><\/div><\/section><section class=\"l-section wpb_row height_small\"><div class=\"l-section-h i-cf\"><div class=\"g-cols vc_row via_flex valign_top type_default stacking_default\"><div class=\"vc_col-sm-12 wpb_column vc_column_container\"><div class=\"vc_column-inner\"><div class=\"wpb_wrapper\"><div class=\"wpb_text_column\"><div class=\"wpb_wrapper\"><p>ZL Jewelry specjalizuje si\u0119 w eksperckiej wycenie diament\u00f3w.<\/p>\n<p>Wiemy, \u017ce ka\u017cdy diament jest wyj\u0105tkowy, dlatego oferujemy indywidualne podej\u015bcie do ka\u017cdego klienta. Nasz wewn\u0119trzny gemmolog posiada wieloletnie do\u015bwiadczenie w pracy z diamentami, co pozwala nam \u015bwiadczy\u0107 kompleksowe us\u0142ugi w zakresie ich oceny.<\/p>\n<p>Badanie gemmologiczne w Polsce, identyfikacja oraz ocena diament\u00f3w wykonywan\u0435 s\u0105 przez certyfikowanego gemmologa ZL Jewelry, zgodnie z aktualnymi przepisami obowi\u0105zuj\u0105cymi w krajach Unii Europejskiej.<\/p>\n<p>Profesjonalna ocena cech jako\u015bciowych polerowanych diament\u00f3w, w tym czysto\u015bci, barwy, proporcji oraz jako\u015bci szlifu \u2014 przeprowadzana jest przy u\u017cyciu nowoczesnego sprz\u0119tu gemmologicznego. Oferujemy r\u00f3wnie\u017c indywidualne doradztwo w zakresie doboru i zakupu diament\u00f3w do bi\u017cuterii.<\/p>\n<p>\u015awiadczymy nast\u0119puj\u0105ce us\u0142ugi:<\/p>\n<p>1. \u041ecena diament\u00f3w wed\u0142ug cech jako\u015bciowych, zgodnie z normami europejskimi<\/p>\n<p>2. Ocena diament\u00f3w wed\u0142ug cech jako\u015bciowych zgodnie z europejskimi normami dotycz\u0105cymi bi\u017cuterii<\/p>\n<p>3. Identyfikacja diament\u00f3w syntetycznych.<\/p>\n<p>Aby uzyska\u0107 konsultacj\u0119 gemmologa, zadzwo\u0144 pod numer +48 730 430 000<\/p>\n<\/div><\/div><\/div><\/div><\/div><\/div><\/div><\/section>\n","protected":false},"excerpt":{"rendered":"Ekspercka ocena diament\u00f3w ZL Jewelry specjalizuje si\u0119 w eksperckiej wycenie diament\u00f3w. Wiemy, \u017ce ka\u017cdy diament jest wyj\u0105tkowy, dlatego oferujemy indywidualne podej\u015bcie do ka\u017cdego klienta. Nasz wewn\u0119trzny gemmolog posiada wieloletnie do\u015bwiadczenie w pracy z diamentami, co pozwala nam \u015bwiadczy\u0107 kompleksowe us\u0142ugi w zakresie ich oceny. Badanie gemmologiczne w Polsce, identyfikacja oraz ocena diament\u00f3w wykonywan\u0435 s\u0105 przez...","protected":false},"author":1,"featured_media":0,"parent":0,"menu_order":0,"comment_status":"closed","ping_status":"closed","template":"","meta":{"_acf_changed":false,"footnotes":""},"class_list":["post-35062","page","type-page","status-publish","hentry"],"acf":[],"_links":{"self":[{"href":"https:\/\/zl.jewelry\/pl\/wp-json\/wp\/v2\/pages\/35062","targetHints":{"allow":["GET"]}}],"collection":[{"href":"https:\/\/zl.jewelry\/pl\/wp-json\/wp\/v2\/pages"}],"about":[{"href":"https:\/\/zl.jewelry\/pl\/wp-json\/wp\/v2\/types\/page"}],"author":[{"embeddable":true,"href":"https:\/\/zl.jewelry\/pl\/wp-json\/wp\/v2\/users\/1"}],"replies":[{"embeddable":true,"href":"https:\/\/zl.jewelry\/pl\/wp-json\/wp\/v2\/comments?post=35062"}],"version-history":[{"count":7,"href":"https:\/\/zl.jewelry\/pl\/wp-json\/wp\/v2\/pages\/35062\/revisions"}],"predecessor-version":[{"id":93215,"href":"https:\/\/zl.jewelry\/pl\/wp-json\/wp\/v2\/pages\/35062\/revisions\/93215"}],"wp:attachment":[{"href":"https:\/\/zl.jewelry\/pl\/wp-json\/wp\/v2\/media?parent=35062"}],"curies":[{"name":"wp","href":"https:\/\/api.w.org\/{rel}","templated":true}]}}