{"id":35061,"date":"2025-06-08T20:45:57","date_gmt":"2025-06-08T20:45:57","guid":{"rendered":"https:\/\/zl.jewelry\/exclusive-products-to-order\/"},"modified":"2026-01-13T13:04:58","modified_gmt":"2026-01-13T13:04:58","slug":"exclusive-products-to-order","status":"publish","type":"page","link":"https:\/\/zl.jewelry\/pl\/exclusive-products-to-order\/","title":{"rendered":"Ekskluzywna bi\u017cuteria na zam\u00f3wienie"},"content":{"rendered":"<section class=\"l-section wpb_row height_small\"><div class=\"l-section-h i-cf\"><div class=\"g-cols vc_row via_flex valign_top type_default stacking_default\"><div class=\"vc_col-sm-12 wpb_column vc_column_container\"><div class=\"vc_column-inner\"><div class=\"wpb_wrapper\"><div class=\"wpb_text_column\"><div class=\"wpb_wrapper\"><h1 style=\"text-align: center;\">Ekskluzywna bi\u017cuteria na zam\u00f3wienie<\/h1>\n<\/div><\/div><\/div><\/div><\/div><\/div><\/div><\/section><section class=\"l-section wpb_row height_small with_img\"><div class=\"l-section-img\" role=\"img\" data-img-width=\"1140\" data-img-height=\"585\" style=\"background-image: url(https:\/\/zl.jewelry\/wp-content\/uploads\/2025\/10\/handmade-banner-1.webp);background-repeat: no-repeat;\"><\/div><div class=\"l-section-h i-cf\"><div class=\"g-cols vc_row via_flex valign_top type_default stacking_default\"><div class=\"vc_col-sm-12 wpb_column vc_column_container\"><div class=\"vc_column-inner\"><div class=\"wpb_wrapper\"><div class=\"w-separator size_small\"><\/div><div class=\"wpb_text_column us_custom_8b3d6790 has_text_color\"><div class=\"wpb_wrapper\"><h2 class=\"banner-title\" style=\"text-align: center;\">10 powod\u00f3w, dla kt\u00f3rych warto wybra\u0107 bi\u017cuteri\u0119 na zam\u00f3wienie<\/h2>\n<p style=\"text-align: center;\" data-start=\"276\" data-end=\"506\">Wi\u0119kszo\u015b\u0107 os\u00f3b uwa\u017ca, \u017ce najlepiej kupowa\u0107 bi\u017cuteri\u0119 w sklepach du\u017cych producent\u00f3w. My jednak z pe\u0142nym przekonaniem obalamy ten mit \u2014 opieraj\u0105c si\u0119 na w\u0142asnym do\u015bwiadczeniu oraz wieloletniej, rzetelnej pracy w bran\u017cy jubilerskiej.<\/p>\n<div id=\"gtx-trans\" style=\"position: absolute; left: 878px; top: 146.188px;\">\n<div class=\"gtx-trans-icon\"><\/div>\n<\/div>\n<\/div><\/div><div class=\"w-separator size_small\"><\/div><\/div><\/div><\/div><\/div><\/div><\/section><section class=\"l-section wpb_row height_small\"><div class=\"l-section-h i-cf\"><div class=\"g-cols vc_row via_flex valign_top type_default stacking_default\"><div class=\"vc_col-sm-12 wpb_column vc_column_container\"><div class=\"vc_column-inner\"><div class=\"wpb_wrapper\"><div class=\"wpb_text_column\"><div class=\"wpb_wrapper\"><div class=\"handmade-banner\">\n<h3>Zastan\u00f3wmy si\u0119 wi\u0119c, <strong data-start=\"393\" data-end=\"470\">jakie korzy\u015bci otrzymuje Klient, decyduj\u0105c si\u0119 na indywidualne zam\u00f3wienie<\/strong>.<\/h3>\n<\/div>\n<div class=\"reasons-list\">\n<h3>dziesi\u0119\u0107 powod\u00f3w<\/h3>\n<ul>\n<li>Podczas realizacji zam\u00f3wienia indywidualnego nikt nie narzuca Ci zb\u0119dnych rozwi\u0105za\u0144. Zesp\u00f3\u0142 uwa\u017cnie wys\u0142ucha Twoich potrzeb i oczekiwa\u0144, aby wsp\u00f3lnie stworzy\u0107 co\u015b naprawd\u0119 wyj\u0105tkowego. Taki produkt jest ekskluzywny i niepowtarzalny \u2014 ekskluzywny, poniewa\u017c zawiera Twoje marzenia i osobiste znaczenie, oraz unikalny, poniewa\u017c wykonanie jego identycznej kopii jest praktycznie niemo\u017cliwe. Nawet je\u015bli mistrz wykona podobny projekt, dwa wyroby nigdy nie b\u0119d\u0105 absolutnie takie same. Jako Klient masz satysfakcj\u0119, \u017ce posiadasz bi\u017cuteri\u0119 w jednym, niepowtarzalnym egzemplarzu.<\/li>\n<li>Bi\u017cuteria tworzona na zam\u00f3wienie jest modelowana zgodnie z Twoimi \u017cyczeniami. Na etapie projektowania 3D mo\u017cliwe jest wprowadzanie zmian, uzupe\u0142nianie detali, usuwanie element\u00f3w oraz eksperymentowanie z form\u0105, a\u017c do osi\u0105gni\u0119cia idealnego efektu. Projektowanie 3D pozwala zobaczy\u0107 wyobra\u017cenie jeszcze przed rozpocz\u0119ciem produkcji.<\/li>\n<li>Projektanci 3D nie tylko \u201erysuj\u0105 wizualizacje\u201d, lecz przek\u0142adaj\u0105 Twoje jubilerskie marzenie na realny projekt, uwzgl\u0119dniaj\u0105c wiedz\u0119 techniczn\u0105 i do\u015bwiadczenie jubilerskie. Dzi\u0119ki temu ca\u0142y proces jest sp\u00f3jny i pozwala w pe\u0142ni zrealizowa\u0107 Tw\u00f3j pomys\u0142.<\/li>\n<li>Aby osi\u0105gn\u0105\u0107 doskona\u0142y efekt ko\u0144cowy, konieczna jest znajomo\u015b\u0107 ca\u0142ego procesu produkcyjnego, sk\u0142adu materia\u0142\u00f3w oraz ich w\u0142a\u015bciwo\u015bci. Nie ka\u017cdy pracownik masowej produkcji posiada tak\u0105 wiedz\u0119 \u2014 dlatego do\u015bwiadczony specjalista jubilerski jest niezb\u0119dny.<\/li>\n<li>Specjalista jubilerski dok\u0142adnie kontroluje ka\u017cdy etap produkcji: ka\u017cdy ruch, ka\u017cdy detal. Dobrze wykonany wyr\u00f3b to jego reputacja, dlatego w jego interesie le\u017cy doprowadzenie projektu do perfekcji, a nie zniszczenie Twojego marzenia.<\/li>\n<li>W produkcji seryjnej nie ma czasu na dopracowywanie detali \u2014 liczy si\u0119 tempo i ilo\u015b\u0107. Praca indywidualna daje zupe\u0142nie inny rezultat. Cho\u0107 nowoczesne technologie mog\u0105 przyspieszy\u0107 proces, nie s\u0105 w stanie zast\u0105pi\u0107 precyzji r\u0119cznego wyko\u0144czenia i dba\u0142o\u015bci o szczeg\u00f3\u0142y.<\/li>\n<li>Podczas osobistej konsultacji do\u015bwiadczony gemmolog pomo\u017ce Ci dobra\u0107 naturalne kamienie szlachetne, kt\u00f3re nadadz\u0105 bi\u017cuterii wyj\u0105tkowy charakter i zamieni\u0105 j\u0105 w prawdziwe dzie\u0142o sztuki.<\/li>\n<li>W du\u017cych fabrykach oszcz\u0119dno\u015bci s\u0105 jednym z priorytet\u00f3w, natomiast przy indywidualnych zam\u00f3wieniach nacisk k\u0142adziemy na jako\u015b\u0107. W naszej bran\u017cy najwa\u017cniejsza jest reputacja i zaufanie Klient\u00f3w \u2014 dlatego zadowoleni Klienci wracaj\u0105 do nas wielokrotnie.<\/li>\n<li>Du\u017ce zak\u0142ady ponosz\u0105 ogromne koszty zwi\u0105zane z reklam\u0105, promocj\u0105 i utrzymaniem marki, co finalnie obci\u0105\u017ca cen\u0119 produktu dla kupuj\u0105cego. Nasz\u0105 najlepsz\u0105 reklam\u0105 s\u0105 Wasze pozytywne opinie. W efekcie cena bi\u017cuterii wykonywanej na zam\u00f3wienie jest cz\u0119sto por\u00f3wnywalna z cen\u0105 wyrob\u00f3w du\u017cych producent\u00f3w.<\/li>\n<li>Je\u015bli bi\u017cuteria tworzona jest dla ukochanej osoby lub kogo\u015b szczeg\u00f3lnie bliskiego, jej warto\u015b\u0107 emocjonalna staje si\u0119 niepor\u00f3wnywalnie wi\u0119ksza. \u015awiadomo\u015b\u0107, \u017ce bra\u0142e\u015b udzia\u0142 w tworzeniu projektu i nada\u0142e\u015b mu osobiste znaczenie, czyni taki prezent wyj\u0105tkowym. Kupuj\u0105c gotowy produkt, wybierasz czyj\u0105\u015b wizj\u0119 \u2014 zamawiaj\u0105c bi\u017cuteri\u0119 indywidualn\u0105, spe\u0142niasz w\u0142asne marzenie.<\/li>\n<\/ul>\n<\/div>\n<\/div><\/div><\/div><\/div><\/div><\/div><\/div><\/section><section class=\"l-section wpb_row height_small\"><div class=\"l-section-h i-cf\"><div class=\"g-cols vc_row via_flex valign_top type_default stacking_default\"><div class=\"vc_col-sm-12 wpb_column vc_column_container\"><div class=\"vc_column-inner\"><div class=\"wpb_wrapper\"><div class=\"wpb_text_column\"><div class=\"wpb_wrapper\"><h2 class=\"h1\" style=\"text-align: center;\">Jak rodzi si\u0119 Twoje jubilerskie marzenie\u2026<\/h2>\n<div class=\"reasons-wrap\">\n<h2 class=\"craft-info\" style=\"text-align: center;\"><\/h2>\n<\/div>\n<div id=\"gtx-trans\" style=\"position: absolute; left: 648px; top: 40px;\">\n<div class=\"gtx-trans-icon\"><\/div>\n<\/div>\n<\/div><\/div><\/div><\/div><\/div><\/div><\/div><\/section><section class=\"l-section wpb_row height_small\"><div class=\"l-section-h i-cf\"><div class=\"g-cols vc_row via_flex valign_top type_default stacking_default\"><div class=\"vc_col-sm-6 wpb_column vc_column_container\"><div class=\"vc_column-inner\"><div class=\"wpb_wrapper\"><div class=\"wpb_text_column\"><div class=\"wpb_wrapper\"><h3>1. Om\u00f3wienie pomys\u0142u i koncepcji produktu<\/h3>\n<p data-start=\"297\" data-end=\"579\">Od ponad 18 lat omawiamy z naszymi Klientami pomys\u0142y i koncepcje bi\u017cuterii. Tworz\u0105c j\u0105, inspirujemy si\u0119 szczerymi emocjami oraz cennymi wspomnieniami ukrytymi w sercu. Unikalna wizja pi\u0119kna i mistrzowski kunszt \u0142\u0105cz\u0105 si\u0119 w bi\u017cuterii, kt\u00f3ra zatrzymuje najwa\u017cniejsze chwile \u017cycia. Doskonale rozumiemy, \u017ce gusta s\u0105 r\u00f3\u017cne, a dost\u0119pne kolekcje odzwierciedlaj\u0105 jedynie wizj\u0119 naszych projektant\u00f3w. Dlatego oferujemy indywidualne projektowanie bi\u017cuterii \u2014 rozwijamy Twoje pomys\u0142y i realizujemy je w najdrobniejszych detalach. Naszym celem jest stworzenie bi\u017cuterii, kt\u00f3ra spe\u0142ni Twoje marzenia i zaskoczy perfekcyjnym wykonaniem. Zatrudniamy wysoko wykwalifikowanych specjalist\u00f3w \u2014 prawdziwych mistrz\u00f3w swojego rzemios\u0142a, kt\u00f3rych kreatywno\u015b\u0107 pozwala tworzy\u0107 oryginalne, niepowtarzalne i ekskluzywne wyroby.<\/p>\n<\/div><\/div><\/div><\/div><\/div><div class=\"vc_col-sm-6 wpb_column vc_column_container\"><div class=\"vc_column-inner\"><div class=\"wpb_wrapper\"><div class=\"w-image align_center\"><div class=\"w-image-h\"><img decoding=\"async\" width=\"300\" height=\"300\" src=\"https:\/\/zl.jewelry\/wp-content\/uploads\/2025\/10\/1-1-300x300.webp\" class=\"attachment-woocommerce_thumbnail size-woocommerce_thumbnail\" alt=\"\" loading=\"lazy\" srcset=\"https:\/\/zl.jewelry\/wp-content\/uploads\/2025\/10\/1-1-300x300.webp 300w, https:\/\/zl.jewelry\/wp-content\/uploads\/2025\/10\/1-1-150x150.webp 150w\" sizes=\"auto, (max-width: 300px) 100vw, 300px\" \/><\/div><\/div><\/div><\/div><\/div><\/div><\/div><\/section><section class=\"l-section wpb_row height_small\"><div class=\"l-section-h i-cf\"><div class=\"g-cols vc_row via_flex valign_top type_default stacking_default\"><div class=\"vc_col-sm-6 wpb_column vc_column_container\"><div class=\"vc_column-inner\"><div class=\"wpb_wrapper\"><div class=\"w-image align_center\"><div class=\"w-image-h\"><img decoding=\"async\" width=\"300\" height=\"300\" src=\"https:\/\/zl.jewelry\/wp-content\/uploads\/2025\/10\/2-300x300.webp\" class=\"attachment-woocommerce_thumbnail size-woocommerce_thumbnail\" alt=\"\" loading=\"lazy\" srcset=\"https:\/\/zl.jewelry\/wp-content\/uploads\/2025\/10\/2-300x300.webp 300w, https:\/\/zl.jewelry\/wp-content\/uploads\/2025\/10\/2-150x150.webp 150w\" sizes=\"auto, (max-width: 300px) 100vw, 300px\" \/><\/div><\/div><\/div><\/div><\/div><div class=\"vc_col-sm-6 wpb_column vc_column_container\"><div class=\"vc_column-inner\"><div class=\"wpb_wrapper\"><div class=\"wpb_text_column\"><div class=\"wpb_wrapper\"><h3>2. Modelowanie 3D<\/h3>\n<p data-start=\"241\" data-end=\"438\">Zacieranie granic mi\u0119dzy \u015bwiatem dwuwymiarowym a tr\u00f3jwymiarowym nie jest \u0142atwym zadaniem. Nasi projektanci to jednak prawdziwi mistrzowie, kt\u00f3rzy potrafi\u0105 tchn\u0105\u0107 \u017cycie w szkice przysz\u0142ej bi\u017cuterii. Po otrzymaniu rysunku lub inspiracji od Klienta projekt trafia do specjalist\u00f3w od modelowania 3D. To w\u0142a\u015bnie na tym etapie, przy u\u017cyciu nowoczesnych narz\u0119dzi i oprogramowania, powstaje precyzyjny tr\u00f3jwymiarowy model bi\u017cuterii \u2014 wierna wizualizacja pierwotnego szkicu. Projektowanie 3D pozwala zobaczy\u0107 przysz\u0142y wyr\u00f3b w najmniejszych detalach, niemal tak, jakby mo\u017cna by\u0142o go dotkn\u0105\u0107. Klient na ka\u017cdym etapie ma mo\u017cliwo\u015b\u0107 wprowadzania zmian i modyfikacji bez ryzyka uszkodzenia projektu. Klient i projektant tworz\u0105 jeden zesp\u00f3\u0142, pracuj\u0105cy wsp\u00f3lnie nad doskona\u0142ym efektem ko\u0144cowym. Komputerowe projektowanie 3D usprawnia ca\u0142y proces tw\u00f3rczy, pozwala ograniczy\u0107 pracoch\u0142onno\u015b\u0107 produkcji oraz znacz\u0105co podnosi jako\u015b\u0107 finalnej bi\u017cuterii.<\/p>\n<\/div><\/div><\/div><\/div><\/div><\/div><\/div><\/section><section class=\"l-section wpb_row height_small\"><div class=\"l-section-h i-cf\"><div class=\"g-cols vc_row via_flex valign_top type_default stacking_default\"><div class=\"vc_col-sm-6 wpb_column vc_column_container\"><div class=\"vc_column-inner\"><div class=\"wpb_wrapper\"><div class=\"wpb_text_column\"><div class=\"wpb_wrapper\"><h3>3. Wytwarzanie i dopasowywanie modelu woskowego<\/h3>\n<p data-start=\"282\" data-end=\"484\">Podstaw\u0105 przysz\u0142ego modelu bi\u017cuterii jest forma przypominaj\u0105ca niewielki kawa\u0142ek plasteliny. Model woskowy (wax) to serce procesu produkcyjnego \u2014 \u0142\u0105cznik pomi\u0119dzy ide\u0105 a jej rzeczywistym wykonaniem. Produkcja bi\u017cuterii opiera si\u0119 na technologii precyzyjnego odlewania z wykorzystaniem modeli woskowych. Na tym etapie powstaje tr\u00f3jwymiarowy model w naturalnej skali, z zachowaniem wszystkich grubo\u015bci, faktur, zdobie\u0144 oraz napis\u00f3w. W procesie odlewania metal dok\u0142adnie odwzorowuje model woskowy, zachowuj\u0105c ka\u017cdy detal. Na tym etapie obr\u0105czki s\u0105 r\u00f3wnie\u017c przymierzane, aby precyzyjnie okre\u015bli\u0107 ich rozmiar i zapewni\u0107 idealne dopasowanie.<\/p>\n<div id=\"gtx-trans\" style=\"position: absolute; left: 965px; top: 153.203px;\">\n<div class=\"gtx-trans-icon\"><\/div>\n<\/div>\n<\/div><\/div><\/div><\/div><\/div><div class=\"vc_col-sm-6 wpb_column vc_column_container\"><div class=\"vc_column-inner\"><div class=\"wpb_wrapper\"><div class=\"w-image align_center\"><div class=\"w-image-h\"><img decoding=\"async\" width=\"300\" height=\"300\" src=\"https:\/\/zl.jewelry\/wp-content\/uploads\/2025\/10\/3-300x300.webp\" class=\"attachment-woocommerce_thumbnail size-woocommerce_thumbnail\" alt=\"\" loading=\"lazy\" srcset=\"https:\/\/zl.jewelry\/wp-content\/uploads\/2025\/10\/3-300x300.webp 300w, https:\/\/zl.jewelry\/wp-content\/uploads\/2025\/10\/3-150x150.webp 150w\" sizes=\"auto, (max-width: 300px) 100vw, 300px\" \/><\/div><\/div><\/div><\/div><\/div><\/div><\/div><\/section><section class=\"l-section wpb_row height_small\"><div class=\"l-section-h i-cf\"><div class=\"g-cols vc_row via_flex valign_top type_default stacking_default\"><div class=\"vc_col-sm-6 wpb_column vc_column_container\"><div class=\"vc_column-inner\"><div class=\"wpb_wrapper\"><div class=\"w-image align_center\"><div class=\"w-image-h\"><img decoding=\"async\" width=\"300\" height=\"300\" src=\"https:\/\/zl.jewelry\/wp-content\/uploads\/2025\/10\/4-300x300.webp\" class=\"attachment-woocommerce_thumbnail size-woocommerce_thumbnail\" alt=\"\" loading=\"lazy\" srcset=\"https:\/\/zl.jewelry\/wp-content\/uploads\/2025\/10\/4-300x300.webp 300w, https:\/\/zl.jewelry\/wp-content\/uploads\/2025\/10\/4-150x150.webp 150w\" sizes=\"auto, (max-width: 300px) 100vw, 300px\" \/><\/div><\/div><\/div><\/div><\/div><div class=\"vc_col-sm-6 wpb_column vc_column_container\"><div class=\"vc_column-inner\"><div class=\"wpb_wrapper\"><div class=\"wpb_text_column\"><div class=\"wpb_wrapper\"><h3>4. Obr\u00f3bka produktu<\/h3>\n<p data-start=\"270\" data-end=\"448\">Bi\u017cuteria tu\u017c po odlaniu z metalu nie jest jeszcze doskona\u0142a. Dlatego trafia do pracowni obr\u00f3bki, gdzie w r\u0119kach do\u015bwiadczonych jubiler\u00f3w z ka\u017cdym etapem zbli\u017ca si\u0119 do perfekcji. Na etapie monta\u017cu rozpoczyna si\u0119 jeden z najbardziej czasoch\u0142onnych i odpowiedzialnych proces\u00f3w produkcji. Wszystkie prace wykonywane s\u0105 wy\u0142\u0105cznie r\u0119cznie, z najwy\u017csz\u0105 precyzj\u0105 i dba\u0142o\u015bci\u0105 o detale. Najbardziej do\u015bwiadczeni rzemie\u015blnicy pracuj\u0105 nad ka\u017cdym elementem, wk\u0142adaj\u0105c w bi\u017cuteri\u0119 nie tylko swoje umiej\u0119tno\u015bci, lecz tak\u017ce pasj\u0119 i serce. To w\u0142a\u015bnie od jako\u015bci wyko\u0144czenia i osadzenia detali zale\u017cy ostateczne pi\u0119kno wyrobu, kt\u00f3ry zachwyca i przyci\u0105ga spojrzenia. W ten spos\u00f3b niezwyk\u0142e i luksusowe wizje projektant\u00f3w nabieraj\u0105 realnego kszta\u0142tu.<\/p>\n<div id=\"gtx-trans\" style=\"position: absolute; left: 426px; top: 153.203px;\">\n<div class=\"gtx-trans-icon\"><\/div>\n<\/div>\n<\/div><\/div><\/div><\/div><\/div><\/div><\/div><\/section><section class=\"l-section wpb_row height_small\"><div class=\"l-section-h i-cf\"><div class=\"g-cols vc_row via_flex valign_top type_default stacking_default\"><div class=\"vc_col-sm-6 wpb_column vc_column_container\"><div class=\"vc_column-inner\"><div class=\"wpb_wrapper\"><div class=\"wpb_text_column\"><div class=\"wpb_wrapper\"><h3>5. Wyb\u00f3r kamieni<\/h3>\n<p data-start=\"258\" data-end=\"552\">Dob\u00f3r kamieni pod wzgl\u0119dem czysto\u015bci, precyzji parametr\u00f3w geometrycznych oraz jako\u015bci szlifu ma kluczowe znaczenie. Ka\u017cdy element wykonany z kamienia naturalnego powinien nie tylko zachwyca\u0107, ale tak\u017ce dawa\u0107 rado\u015b\u0107 z noszenia \u2014 by\u0107 dok\u0142adnie tym, kt\u00f3ry najbardziej odpowiada Twoim oczekiwaniom. Kamienie szlachetne towarzysz\u0105 nam przez ca\u0142e \u017cycie. S\u0105 cenione nie tylko jako warto\u015b\u0107 inwestycyjna, lecz tak\u017ce jako istotny element sztuki jubilerskiej. Nasza kolekcja obejmuje szeroki wyb\u00f3r kamieni szlachetnych i p\u00f3\u0142szlachetnych, starannie dobranych pod wzgl\u0119dem jako\u015bci. Do\u015bwiadczony specjalista w dziedzinie kamieni naturalnych pomo\u017ce Ci wybra\u0107 idealny kamie\u0144, uwzgl\u0119dniaj\u0105c wszystkie kluczowe parametry, a nast\u0119pnie osadzi go r\u0119cznie w przeznaczonym dla niego miejscu, z najwy\u017csz\u0105 precyzj\u0105.<\/p>\n<div id=\"gtx-trans\" style=\"position: absolute; left: 950px; top: 177.203px;\">\n<div class=\"gtx-trans-icon\"><\/div>\n<\/div>\n<\/div><\/div><\/div><\/div><\/div><div class=\"vc_col-sm-6 wpb_column vc_column_container\"><div class=\"vc_column-inner\"><div class=\"wpb_wrapper\"><div class=\"w-image align_center\"><div class=\"w-image-h\"><img decoding=\"async\" width=\"300\" height=\"300\" src=\"https:\/\/zl.jewelry\/wp-content\/uploads\/2025\/10\/5-300x300.webp\" class=\"attachment-woocommerce_thumbnail size-woocommerce_thumbnail\" alt=\"\" loading=\"lazy\" srcset=\"https:\/\/zl.jewelry\/wp-content\/uploads\/2025\/10\/5-300x300.webp 300w, https:\/\/zl.jewelry\/wp-content\/uploads\/2025\/10\/5-150x150.webp 150w\" sizes=\"auto, (max-width: 300px) 100vw, 300px\" \/><\/div><\/div><\/div><\/div><\/div><\/div><\/div><\/section><section class=\"l-section wpb_row height_small\"><div class=\"l-section-h i-cf\"><div class=\"g-cols vc_row via_flex valign_top type_default stacking_default\"><div class=\"vc_col-sm-6 wpb_column vc_column_container\"><div class=\"vc_column-inner\"><div class=\"wpb_wrapper\"><div class=\"w-image align_center\"><div class=\"w-image-h\"><img decoding=\"async\" width=\"300\" height=\"300\" src=\"https:\/\/zl.jewelry\/wp-content\/uploads\/2025\/10\/6-300x300.webp\" class=\"attachment-woocommerce_thumbnail size-woocommerce_thumbnail\" alt=\"\" loading=\"lazy\" srcset=\"https:\/\/zl.jewelry\/wp-content\/uploads\/2025\/10\/6-300x300.webp 300w, https:\/\/zl.jewelry\/wp-content\/uploads\/2025\/10\/6-150x150.webp 150w, https:\/\/zl.jewelry\/wp-content\/uploads\/2025\/10\/6-600x600.webp 600w, https:\/\/zl.jewelry\/wp-content\/uploads\/2025\/10\/6.webp 650w\" sizes=\"auto, (max-width: 300px) 100vw, 300px\" \/><\/div><\/div><\/div><\/div><\/div><div class=\"vc_col-sm-6 wpb_column vc_column_container\"><div class=\"vc_column-inner\"><div class=\"wpb_wrapper\"><div class=\"wpb_text_column\"><div class=\"wpb_wrapper\"><h3>6. Szlifowanie, polerowanie i osadzanie kamieni<\/h3>\n<p data-start=\"292\" data-end=\"489\">Szlifowanie jest niezb\u0119dnym etapem, kt\u00f3ry pozwala nada\u0107 powierzchni metalu odpowiedni\u0105 precyzj\u0119, g\u0142adko\u015b\u0107 oraz dok\u0142adne wymiary. Na tym etapie bi\u017cuteria uzyskuje swoj\u0105 ostateczn\u0105 form\u0119 i proporcje. Fasetowane kamienie jubilerskie s\u0105 nast\u0119pnie r\u0119cznie osadzane w oprawach przez do\u015bwiadczonych jubiler\u00f3w, z zachowaniem najwy\u017cszej dok\u0142adno\u015bci i bezpiecze\u0144stwa mocowania. Polerowanie stanowi ko\u0144cowy etap obr\u00f3bki \u2014 to w\u0142a\u015bnie wtedy powierzchnia metalu nabiera intensywnego, szlachetnego po\u0142ysku, podkre\u015blaj\u0105cego pi\u0119kno ca\u0142ego wyrobu.Bi\u017cuteria wykonana z bia\u0142ych metali mo\u017ce zosta\u0107 pokryta warstw\u0105 rodu \u2014 szlachetnego metalu z grupy platynowc\u00f3w \u2014 w celu uzyskania efektu platynowego blasku. Na \u017cyczenie mo\u017cliwe jest r\u00f3wnie\u017c zastosowanie dekoracyjnego czernienia metod\u0105 galwaniczn\u0105.<\/p>\n<div id=\"gtx-trans\" style=\"position: absolute; left: -14px; top: 153.203px;\">\n<div class=\"gtx-trans-icon\"><\/div>\n<\/div>\n<\/div><\/div><\/div><\/div><\/div><\/div><\/div><\/section><section class=\"l-section wpb_row height_small\"><div class=\"l-section-h i-cf\"><div class=\"g-cols vc_row via_flex valign_top type_default stacking_default\"><div class=\"vc_col-sm-6 wpb_column vc_column_container\"><div class=\"vc_column-inner\"><div class=\"wpb_wrapper\"><div class=\"wpb_text_column\"><div class=\"wpb_wrapper\"><h3>7. Gotowa bi\u017cuteria<\/h3>\n<p data-start=\"250\" data-end=\"361\">I oto jest \u2014 bi\u017cuteria gotowa. Ale\u2026 chcesz nada\u0107 jej jeszcze bardziej osobisty i niezapomniany charakter?To w\u0142a\u015bnie pami\u0105tkowe grawerowanie pozwala zatrzyma\u0107 najpi\u0119kniejsze chwile Twojego \u017cycia. Do\u015bwiadczony grawer umieszcza na bi\u017cuterii napis, symbol, rysunek lub monogram, tworz\u0105c wyj\u0105tkowy detal o g\u0142\u0119bokim znaczeniu. R\u0119czne grawerowanie jest niezwyk\u0142e nie tylko dlatego, \u017ce ka\u017cdy wz\u00f3r jest unikalny, lecz tak\u017ce dlatego, \u017ce wykonywane jest wy\u0142\u0105cznie przez wysoko wykwalifikowanego jubilera, kt\u00f3ry wk\u0142ada w swoj\u0105 prac\u0119 pasj\u0119 i serce. W\u0142a\u015bciciel takiej bi\u017cuterii mo\u017ce z dum\u0105 uzna\u0107 j\u0105 za prawdziwie ekskluzywn\u0105 \u2014 istnieje bowiem du\u017ce prawdopodobie\u0144stwo, \u017ce nie ma drugiego identycznego egzemplarza. Nie sprzedajemy metalu. Tworzymy znaczenie, kt\u00f3re zostaje z Tob\u0105 na zawsze.<\/p>\n<\/div><\/div><\/div><\/div><\/div><div class=\"vc_col-sm-6 wpb_column vc_column_container\"><div class=\"vc_column-inner\"><div class=\"wpb_wrapper\"><div class=\"w-image align_center\"><div class=\"w-image-h\"><img decoding=\"async\" width=\"300\" height=\"300\" src=\"https:\/\/zl.jewelry\/wp-content\/uploads\/2025\/10\/7-300x300.webp\" class=\"attachment-woocommerce_thumbnail size-woocommerce_thumbnail\" alt=\"\" loading=\"lazy\" srcset=\"https:\/\/zl.jewelry\/wp-content\/uploads\/2025\/10\/7-300x300.webp 300w, https:\/\/zl.jewelry\/wp-content\/uploads\/2025\/10\/7-150x150.webp 150w, https:\/\/zl.jewelry\/wp-content\/uploads\/2025\/10\/7-600x600.webp 600w, https:\/\/zl.jewelry\/wp-content\/uploads\/2025\/10\/7.webp 650w\" sizes=\"auto, (max-width: 300px) 100vw, 300px\" \/><\/div><\/div><\/div><\/div><\/div><\/div><\/div><\/section><section class=\"l-section wpb_row height_small\"><div class=\"l-section-h i-cf\"><div class=\"g-cols vc_row via_flex valign_top type_default stacking_default\"><div class=\"vc_col-sm-12 wpb_column vc_column_container\"><div class=\"vc_column-inner\"><div class=\"wpb_wrapper\"><div class=\"wpb_text_column\"><div class=\"wpb_wrapper\"><div class=\"item-title\" style=\"text-align: center;\">\n<p>Drodzy klienci!<\/p>\n<p>W godzinach pracy nasz administrator strony skontaktuje si\u0119 z Tob\u0105 w ci\u0105gu 1 godziny od momentu otrzymania zg\u0142oszenia.<\/p>\n<p>Je\u015bli wy\u015blesz zapytanie po godzinie 18.00, w weekend lub w dni \u015bwi\u0105teczne, odpowied\u017a otrzymasz w nast\u0119pnym dniu roboczym.<\/p>\n<p>Aby uzyska\u0107 szybsz\u0105 odpowied\u017a, zadzwo\u0144 pod numer telefonu: +48 730 430 000<\/p>\n<\/div>\n<\/div><\/div><\/div><\/div><\/div><\/div><\/div><\/section>\n","protected":false},"excerpt":{"rendered":"Ekskluzywna bi\u017cuteria na zam\u00f3wienie 10 powod\u00f3w, dla kt\u00f3rych warto wybra\u0107 bi\u017cuteri\u0119 na zam\u00f3wienie Wi\u0119kszo\u015b\u0107 os\u00f3b uwa\u017ca, \u017ce najlepiej kupowa\u0107 bi\u017cuteri\u0119 w sklepach du\u017cych producent\u00f3w. My jednak z pe\u0142nym przekonaniem obalamy ten mit \u2014 opieraj\u0105c si\u0119 na w\u0142asnym do\u015bwiadczeniu oraz wieloletniej, rzetelnej pracy w bran\u017cy jubilerskiej. Zastan\u00f3wmy si\u0119 wi\u0119c, jakie korzy\u015bci otrzymuje Klient, decyduj\u0105c si\u0119 na...","protected":false},"author":1,"featured_media":0,"parent":0,"menu_order":0,"comment_status":"closed","ping_status":"closed","template":"","meta":{"_acf_changed":false,"footnotes":""},"class_list":["post-35061","page","type-page","status-publish","hentry"],"acf":[],"_links":{"self":[{"href":"https:\/\/zl.jewelry\/pl\/wp-json\/wp\/v2\/pages\/35061","targetHints":{"allow":["GET"]}}],"collection":[{"href":"https:\/\/zl.jewelry\/pl\/wp-json\/wp\/v2\/pages"}],"about":[{"href":"https:\/\/zl.jewelry\/pl\/wp-json\/wp\/v2\/types\/page"}],"author":[{"embeddable":true,"href":"https:\/\/zl.jewelry\/pl\/wp-json\/wp\/v2\/users\/1"}],"replies":[{"embeddable":true,"href":"https:\/\/zl.jewelry\/pl\/wp-json\/wp\/v2\/comments?post=35061"}],"version-history":[{"count":11,"href":"https:\/\/zl.jewelry\/pl\/wp-json\/wp\/v2\/pages\/35061\/revisions"}],"predecessor-version":[{"id":93214,"href":"https:\/\/zl.jewelry\/pl\/wp-json\/wp\/v2\/pages\/35061\/revisions\/93214"}],"wp:attachment":[{"href":"https:\/\/zl.jewelry\/pl\/wp-json\/wp\/v2\/media?parent=35061"}],"curies":[{"name":"wp","href":"https:\/\/api.w.org\/{rel}","templated":true}]}}