{"id":35059,"date":"2025-06-08T21:05:14","date_gmt":"2025-06-08T21:05:14","guid":{"rendered":"https:\/\/zl.jewelry\/product-warranty\/"},"modified":"2026-01-13T13:54:01","modified_gmt":"2026-01-13T13:54:01","slug":"product-warranty","status":"publish","type":"page","link":"https:\/\/zl.jewelry\/pl\/product-warranty\/","title":{"rendered":"Gwarancja na produkt"},"content":{"rendered":"<section class=\"l-section wpb_row height_small\"><div class=\"l-section-h i-cf\"><div class=\"g-cols vc_row via_flex valign_top type_default stacking_default\"><div class=\"vc_col-sm-12 wpb_column vc_column_container\"><div class=\"vc_column-inner\"><div class=\"wpb_wrapper\"><div class=\"wpb_text_column\"><div class=\"wpb_wrapper\"><h1 style=\"text-align: center;\"><strong data-start=\"180\" data-end=\"204\">Gwarancja na produkt<\/strong><\/h1>\n<\/div><\/div><\/div><\/div><\/div><\/div><\/div><\/section><section class=\"l-section wpb_row height_small\"><div class=\"l-section-h i-cf\"><div class=\"g-cols vc_row via_flex valign_top type_default stacking_default\"><div class=\"vc_col-sm-12 wpb_column vc_column_container\"><div class=\"vc_column-inner\"><div class=\"wpb_wrapper\"><div class=\"wpb_text_column\"><div class=\"wpb_wrapper\"><p><span>Ca\u0142a bi\u017cuteria produkowana przez <\/span><strong><a href=\"https:\/\/zl.jewelry\/\" data-cke-saved-href=\"https:\/\/zl.jewelry\/\">ZL Jewelry<\/a> <\/strong>jest badana i cechowana przez Okr\u0119gowy Urz\u0105d Probierczy w Warszawie. Wszystkie kamienie szlachetne oraz kamienie pochodzenia organogenicznego posiadaj\u0105 certyfikaty renomowanych laboratori\u00f3w gemmologicznych, takich jak GIA, HRD, IGI i inne, lub s\u0105 certyfikowane przez wewn\u0119trznego gemmologa ZL Jewelry.<\/p>\n<p>Bezp\u0142atny serwis obejmuje usuni\u0119cie ukrytych wad powsta\u0142ych z winy producenta.<br data-start=\"657\" data-end=\"660\" \/>W celu skorzystania z naprawy gwarancyjnej, wymiany lub bezp\u0142atnego serwisu Klient zobowi\u0105zany jest do okazania:<\/p>\n<ul>\n<li>dokumentu sprzeda\u017cy (zakupu, wymiany lub wykonania) z dat\u0105,<\/li>\n<li>dokumentu to\u017csamo\u015bci.<\/li>\n<\/ul>\n<h3 data-start=\"860\" data-end=\"905\">Wy\u0142\u0105czenia odpowiedzialno\u015bci gwarancyjnej<\/h3>\n<p data-start=\"907\" data-end=\"1041\">Gwarancja nie ma zastosowania w przypadku bi\u017cuterii, je\u017celi naruszone zosta\u0142y zasady u\u017cytkowania lub piel\u0119gnacji, w szczeg\u00f3lno\u015bci gdy:<\/p>\n<ul>\n<li>bi\u017cuteria uleg\u0142a uszkodzeniom mechanicznym w wyniku celowych lub przypadkowych dzia\u0142a\u0144 Klienta,<\/li>\n<li>uszkodzenia powsta\u0142y w wyniku nieostro\u017cnego u\u017cytkowania lub niew\u0142a\u015bciwego przeznaczenia,<\/li>\n<li>bi\u017cuteria zosta\u0142a uszkodzona na skutek nieprawid\u0142owej piel\u0119gnacji,<\/li>\n<li>bi\u017cuteria by\u0142a naprawiana przez Klienta lub osoby trzecie (innych jubiler\u00f3w),<\/li>\n<li>dosz\u0142o do utraty kamieni lub innych element\u00f3w osadzonych,<\/li>\n<li>bi\u017cuteria zosta\u0142a uszkodzona w wyniku dzia\u0142ania innych czynnik\u00f3w zewn\u0119trznych.<\/li>\n<\/ul>\n<h2 data-start=\"1538\" data-end=\"1574\"><strong data-start=\"1541\" data-end=\"1574\">Warunki serwisu gwarancyjnego<\/strong><\/h2>\n<p data-start=\"1576\" data-end=\"1784\">Naprawa bi\u017cuterii realizowana jest w terminie do <strong data-start=\"1625\" data-end=\"1635\">14 dni<\/strong> od daty przyj\u0119cia produktu do serwisu.<br data-start=\"1674\" data-end=\"1677\" \/>Podpis Klienta na potwierdzeniu przyj\u0119cia do naprawy oznacza akceptacj\u0119 czasu realizacji naprawy do 14 dni.<\/p>\n<p data-start=\"1786\" data-end=\"1914\">Klient potwierdza, \u017ce wszelkie uszkodzenia i wady ujawnione podczas naprawy istnia\u0142y przed przekazaniem produktu do serwisu.<\/p>\n<p data-start=\"1916\" data-end=\"2103\">ZL Jewelry zastrzega sobie prawo do odmowy przyj\u0119cia produktu do naprawy, je\u017celi w trakcie ogl\u0119dzin zostan\u0105 stwierdzone pr\u00f3by samodzielnej naprawy lub uszkodzenia powsta\u0142e z winy Klienta.<\/p>\n<p data-start=\"2105\" data-end=\"2266\">Podpisuj\u0105c zg\u0142oszenie naprawy gwarancyjnej, Klient akceptuje maksymalny mo\u017cliwy termin realizacji naprawy, je\u017celi uszkodzenie nie powsta\u0142o z winy producenta.<\/p>\n<p data-start=\"2268\" data-end=\"2408\">W przypadku wady losowej, za pocz\u0105tek terminu realizacji naprawy uznaje si\u0119 pierwszy dzie\u0144 roboczy po dostarczeniu produktu do pracowni.<\/p>\n<p data-start=\"2410\" data-end=\"2468\">Serwis gwarancyjny realizowany jest wy\u0142\u0105cznie po okazaniu:<\/p>\n<div>\n<ul>\n<li>paragonu lub dokumentu sprzeda\u017cy,<\/li>\n<li>metki produktu,<\/li>\n<li>paszportu wyrobu, wystawionego na osob\u0119, na kt\u00f3r\u0105 zarejestrowano zakup, wymian\u0119 lub wykonanie bi\u017cuterii.<\/li>\n<\/ul>\n<p>Gwarancja nie obejmuje wad powsta\u0142ych w wyniku nieprawid\u0142owego u\u017cytkowania, u\u017cytkowania niezgodnego z przeznaczeniem lub braku w\u0142a\u015bciwej piel\u0119gnacji bi\u017cuterii.<\/p>\n<\/div>\n<\/div><\/div><\/div><\/div><\/div><\/div><\/div><\/section>\n","protected":false},"excerpt":{"rendered":"Gwarancja na produkt Ca\u0142a bi\u017cuteria produkowana przez ZL Jewelry jest badana i cechowana przez Okr\u0119gowy Urz\u0105d Probierczy w Warszawie. Wszystkie kamienie szlachetne oraz kamienie pochodzenia organogenicznego posiadaj\u0105 certyfikaty renomowanych laboratori\u00f3w gemmologicznych, takich jak GIA, HRD, IGI i inne, lub s\u0105 certyfikowane przez wewn\u0119trznego gemmologa ZL Jewelry. Bezp\u0142atny serwis obejmuje usuni\u0119cie ukrytych wad powsta\u0142ych z winy...","protected":false},"author":1,"featured_media":0,"parent":0,"menu_order":0,"comment_status":"closed","ping_status":"closed","template":"","meta":{"_acf_changed":false,"footnotes":""},"class_list":["post-35059","page","type-page","status-publish","hentry"],"acf":[],"_links":{"self":[{"href":"https:\/\/zl.jewelry\/pl\/wp-json\/wp\/v2\/pages\/35059","targetHints":{"allow":["GET"]}}],"collection":[{"href":"https:\/\/zl.jewelry\/pl\/wp-json\/wp\/v2\/pages"}],"about":[{"href":"https:\/\/zl.jewelry\/pl\/wp-json\/wp\/v2\/types\/page"}],"author":[{"embeddable":true,"href":"https:\/\/zl.jewelry\/pl\/wp-json\/wp\/v2\/users\/1"}],"replies":[{"embeddable":true,"href":"https:\/\/zl.jewelry\/pl\/wp-json\/wp\/v2\/comments?post=35059"}],"version-history":[{"count":5,"href":"https:\/\/zl.jewelry\/pl\/wp-json\/wp\/v2\/pages\/35059\/revisions"}],"predecessor-version":[{"id":93221,"href":"https:\/\/zl.jewelry\/pl\/wp-json\/wp\/v2\/pages\/35059\/revisions\/93221"}],"wp:attachment":[{"href":"https:\/\/zl.jewelry\/pl\/wp-json\/wp\/v2\/media?parent=35059"}],"curies":[{"name":"wp","href":"https:\/\/api.w.org\/{rel}","templated":true}]}}