{"id":35057,"date":"2025-06-12T14:30:01","date_gmt":"2025-06-12T14:30:01","guid":{"rendered":"https:\/\/zl.jewelry\/exchange-of-the-old-to-a-new\/"},"modified":"2026-01-13T15:05:59","modified_gmt":"2026-01-13T15:05:59","slug":"exchange-of-the-old-to-a-new","status":"publish","type":"page","link":"https:\/\/zl.jewelry\/pl\/exchange-of-the-old-to-a-new\/","title":{"rendered":"Wymiana z\u0142ota na now\u0105 bi\u017cuteri\u0119 &#8211; m\u0105dry i stylowy wyb\u00f3r"},"content":{"rendered":"<section class=\"l-section wpb_row height_small\"><div class=\"l-section-h i-cf\"><div class=\"g-cols vc_row via_flex valign_top type_default stacking_default\"><div class=\"vc_col-sm-12 wpb_column vc_column_container\"><div class=\"vc_column-inner\"><div class=\"wpb_wrapper\"><div class=\"wpb_text_column\"><div class=\"wpb_wrapper\"><h1 style=\"text-align: center;\">Wymiana z\u0142ota na now\u0105 bi\u017cuteri\u0119 &#8211; m\u0105dry i stylowy wyb\u00f3r<\/h1>\n<\/div><\/div><\/div><\/div><\/div><\/div><\/div><\/section><section class=\"l-section wpb_row height_small\"><div class=\"l-section-h i-cf\"><div class=\"g-cols vc_row via_flex valign_top type_default stacking_default\"><div class=\"vc_col-sm-12 wpb_column vc_column_container\"><div class=\"vc_column-inner\"><div class=\"wpb_wrapper\"><div class=\"wpb_text_column\"><div class=\"wpb_wrapper\"><p>Stara bi\u017cuteria nie jest powodem do nostalgii. Je\u015bli zbiera kurz w szkatu\u0142ce i nie przynosi ju\u017c rado\u015bci, daj jej drugie \u017cycie! W ZL Jewelry mo\u017cesz wymieni\u0107 swoje z\u0142oto na gotow\u0105 bi\u017cuteri\u0119 lub stworzy\u0107 unikalny wyr\u00f3b na zam\u00f3wienie.<\/p>\n<p>Nie skupujemy z\u0142ota pod has\u0142em &#8222;najlepszych cen&#8221;.\u00a0 Zamiast tego oferujemy uczciw\u0105 i przejrzyst\u0105 wymian\u0119. Przyjmujemy wyroby z\u0142ote w ka\u017cdym karacie i w ka\u017cdym stanie \u2014 uszkodzone, z kamieniami lub bez. Nawet fragment bi\u017cuterii mo\u017ce zosta\u0107 wykorzystany i poddany recyklingowi.<\/p>\n<p data-end=\"598\" data-start=\"581\"><strong>Jak to dzia\u0142a?<\/strong><\/p>\n<ul data-end=\"1242\" data-start=\"813\">\n<li data-end=\"949\" data-start=\"813\">\n<p data-end=\"949\" data-start=\"815\">Podczas sk\u0142adania zam\u00f3wienia lub wymiany, je\u015bli waga Twojego z\u0142ota odpowiada wadze nowego wyrobu, p\u0142acisz jedynie za prac\u0119 jubilersk\u0105 \u2014 od 110 z\u0142 za gram.<\/p>\n<\/li>\n<li data-end=\"1029\" data-start=\"950\">\n<p data-end=\"1029\" data-start=\"952\">Naturalne straty metalu powstaj\u0105ce w procesie topienia (tzw. wypalanie) s\u0105 uwzgl\u0119dniane i wynosz\u0105 \u015brednio oko\u0142o 10%.<\/p>\n<\/li>\n<li data-end=\"1029\" data-start=\"950\">\n<p data-end=\"1029\" data-start=\"952\">Je\u017celi ilo\u015b\u0107 z\u0142ota jest niewystarczaj\u0105ca, mo\u017cesz pokry\u0107 cz\u0119\u015b\u0107 kosztu metalem, a pozosta\u0142\u0105 kwot\u0119 dop\u0142aci\u0107 got\u00f3wk\u0105. To rozwi\u0105zanie wygodne i op\u0142acalne.<\/p>\n<\/li>\n<li data-end=\"1029\" data-start=\"950\">\n<p data-start=\"1308\" data-end=\"1408\">Wszystkie kamienie s\u0105 ostro\u017cnie demontowane przez jubilera i \u2014 na \u017cyczenie \u2014 zwracane Klientowi.<\/p>\n<\/li>\n<\/ul>\n<p data-end=\"764\" data-start=\"600\"><strong>Wymiana z\u0142ota na bi\u017cuteri\u0119: prost\u043e i bezproblemow\u043e<\/strong><\/p>\n<p data-end=\"1505\" data-start=\"1134\"><span>Mo\u017cesz zam\u00f3wi\u0107 bi\u017cuteri\u0119, kt\u00f3ra opowie Twoj\u0105 wyj\u0105tkow\u0105 histori\u0119 \u2014 niezale\u017cnie od tego, czy b\u0119d\u0105 to obr\u0105czki \u015blubne, bransoletki, zawieszki czy kolczyki. Tworzymy wyroby z platyny, z\u0142ota lub srebra, z <\/span><strong><a href=\"https:\/\/zl.jewelry\/ru\/catalog\/142-sergi-s-brilliantami\/\" data-cke-saved-href=\"https:\/\/zl.jewelry\/ru\/catalog\/142-sergi-s-brilliantami\/\">diamentami<\/a><\/strong><span> lraz innymi kamieniami szlachetnymi. Oferujemy mo\u017cliwo\u015b\u0107 dodania indywidualnego grawerowania, niestandardowych opraw i detali o osobistym znaczeniu. To co\u015b wi\u0119cej ni\u017c bi\u017cuteria \u2014 to no\u015bnik wspomnie\u0144, emocji i stylu.<\/span><\/p>\n<p>Wymiana z\u0142ota na now\u0105 bi\u017cuteri\u0119 jest cz\u0119sto bardziej op\u0142acalna ni\u017c sprzeda\u017c za got\u00f3wk\u0119: otrzymujesz nowy, warto\u015bciowy wyr\u00f3b, jednocze\u015bnie obni\u017caj\u0105c jego koszt dzi\u0119ki wykorzystaniu w\u0142asnego metalu.<\/p>\n<p>Je\u015bli marzysz o idealnym pier\u015bcionku &#8211; wymiana z\u0142ota mo\u017ce by\u0107 pierwszym krokiem do spe\u0142nienia tego marzenia. Nie wiesz od czego zacz\u0105\u0107? Nasi konsultanci pomog\u0105 obliczy\u0107 wag\u0119, koszt oraz zaproponuj\u0105 najlepsz\u0105 rozwi\u0105zanie dopasowane do Twoich potrzeb.<\/p>\n<p data-end=\"1914\" data-start=\"1678\"><strong><span>Wsp\u00f3\u0142pracujemy z klientami w ca\u0142ej Europie <\/span><\/strong>\u2014 mo\u017cesz przes\u0142a\u0107 z\u0142oto z dowolnego kraju UE. Przeprowadzimy Ci\u0119 przez ca\u0142y proces: doradzimy, jak bezpiecznie zapakowa\u0107 przesy\u0142k\u0119, wyja\u015bnimy spos\u00f3b wysy\u0142ki oraz potwierdzimy otrzyman\u0105 wag\u0119. To rozwi\u0105zanie proste, bezpieczne i dost\u0119pne niezale\u017cnie od miejsca zamieszkania.<\/p>\n<div id=\"gtx-trans\" style=\"position: absolute; left: 310px; top: 799px;\">\n<div class=\"gtx-trans-icon\"><\/div>\n<\/div>\n<\/div><\/div><\/div><\/div><\/div><\/div><\/div><\/section><section class=\"l-section wpb_row height_small\"><div class=\"l-section-h i-cf\"><div class=\"g-cols vc_row via_flex valign_top type_default stacking_default\"><div class=\"vc_col-sm-6 wpb_column vc_column_container\"><div class=\"vc_column-inner\"><div class=\"wpb_wrapper\"><div class=\"wpb_text_column\"><div class=\"wpb_wrapper\"><p data-end=\"2085\" data-start=\"1916\"><strong data-end=\"1974\" data-start=\"1916\">Nadal masz pytania lub chcesz wyceni\u0107 swoj\u0105 bi\u017cuteri\u0119?<\/strong><\/p>\n<p>Zadzwo\u0144 do nas lub skontaktuj si\u0119 z nami za po\u015brednictwem dowolnego komunikatora, kt\u00f3ry jest dla Ciebie wygodny: +48 730 430 000 &#8211; wszystko wyja\u015bnimy i z przyjemno\u015bci\u0105 pomo\u017cemy Ci wymieni\u0107 star\u0105 bi\u017cuteri\u0119 na now\u0105!<\/p>\n<p>Tabela konwersji czysto\u015bci z\u0142ota: najpopularniejsze pr\u00f3by przeliczone na standard 585<\/p>\n<table border=\"1\" cellspacing=\"1\" cellpadding=\"1\" align=\"center\">\n<tbody>\n<tr>\n<td>Proof<\/td>\n<td>333<sup>*<\/sup><\/td>\n<td>375<sup>*<\/sup><\/td>\n<td>583<sup>*<\/sup><\/td>\n<td>585<sup>*<\/sup><\/td>\n<td>750<sup>*<\/sup><\/td>\n<td>850<sup><span>*<\/span><\/sup><\/td>\n<td>916<sup>*<\/sup><\/td>\n<td>999<sup>*<\/sup><\/td>\n<\/tr>\n<tr>\n<td>Coefficient<\/td>\n<td>0.56<\/td>\n<td>0.64<\/td>\n<td>0.98<\/td>\n<td>1.00<\/td>\n<td>1,28<\/td>\n<td>1.45<\/td>\n<td>1.56<\/td>\n<td>1.70<\/td>\n<\/tr>\n<\/tbody>\n<\/table>\n<p>Przeliczenie do pr\u00f3by 750.<\/p>\n<table border=\"1\" cellspacing=\"1\" cellpadding=\"1\" align=\"center\">\n<tbody>\n<tr>\n<td>Proof<\/td>\n<td>333<sup>*<\/sup><\/td>\n<td>375<sup>*<\/sup><\/td>\n<td>583<sup>*<\/sup><\/td>\n<td>585<sup>*<\/sup><\/td>\n<td>750<sup>*<\/sup><\/td>\n<td>850<sup>*<\/sup><\/td>\n<td>916<sup>*<\/sup><\/td>\n<td>999<sup>*<\/sup><\/td>\n<\/tr>\n<tr>\n<td>Coefficient<\/td>\n<td>0.44<\/td>\n<td>0.5<\/td>\n<td>0.77<\/td>\n<td>0.78<\/td>\n<td>1.00<\/td>\n<td>1,13<\/td>\n<td>1,22<\/td>\n<td>1.33<\/td>\n<\/tr>\n<\/tbody>\n<\/table>\n<p>* Odpady to nieodwracalne straty techniczne metalu (z\u0142ota lub srebra), powstaj\u0105ce podczas odlewania, lutowania, szlifowania, polerowania, ci\u0105gnienia drutu oraz innych proces\u00f3w technologicznych zwi\u0105zanych z obr\u00f3bk\u0105 metali szlachetnych.<\/p>\n<div id=\"gtx-trans\" style=\"position: absolute; left: 393px; top: 495.656px;\">\n<div class=\"gtx-trans-icon\"><\/div>\n<\/div>\n<\/div><\/div><\/div><\/div><\/div><div class=\"vc_col-sm-6 wpb_column vc_column_container\"><div class=\"vc_column-inner\"><div class=\"wpb_wrapper\"><div class=\"w-image align_none\"><div class=\"w-image-h\"><img decoding=\"async\" width=\"300\" height=\"300\" src=\"https:\/\/zl.jewelry\/wp-content\/uploads\/2025\/09\/1-1-300x300.webp\" class=\"attachment-woocommerce_thumbnail size-woocommerce_thumbnail\" alt=\"\" loading=\"lazy\" srcset=\"https:\/\/zl.jewelry\/wp-content\/uploads\/2025\/09\/1-1-300x300.webp 300w, https:\/\/zl.jewelry\/wp-content\/uploads\/2025\/09\/1-1-150x150.webp 150w\" sizes=\"auto, (max-width: 300px) 100vw, 300px\" \/><\/div><\/div><\/div><\/div><\/div><\/div><\/div><\/section>\n","protected":false},"excerpt":{"rendered":"Wymiana z\u0142ota na now\u0105 bi\u017cuteri\u0119 &#8211; m\u0105dry i stylowy wyb\u00f3r Stara bi\u017cuteria nie jest powodem do nostalgii. Je\u015bli zbiera kurz w szkatu\u0142ce i nie przynosi ju\u017c rado\u015bci, daj jej drugie \u017cycie! W ZL Jewelry mo\u017cesz wymieni\u0107 swoje z\u0142oto na gotow\u0105 bi\u017cuteri\u0119 lub stworzy\u0107 unikalny wyr\u00f3b na zam\u00f3wienie. Nie skupujemy z\u0142ota pod has\u0142em &#8222;najlepszych cen&#8221;.\u00a0 Zamiast...","protected":false},"author":1,"featured_media":0,"parent":0,"menu_order":0,"comment_status":"closed","ping_status":"closed","template":"","meta":{"_acf_changed":false,"footnotes":""},"class_list":["post-35057","page","type-page","status-publish","hentry"],"acf":[],"_links":{"self":[{"href":"https:\/\/zl.jewelry\/pl\/wp-json\/wp\/v2\/pages\/35057","targetHints":{"allow":["GET"]}}],"collection":[{"href":"https:\/\/zl.jewelry\/pl\/wp-json\/wp\/v2\/pages"}],"about":[{"href":"https:\/\/zl.jewelry\/pl\/wp-json\/wp\/v2\/types\/page"}],"author":[{"embeddable":true,"href":"https:\/\/zl.jewelry\/pl\/wp-json\/wp\/v2\/users\/1"}],"replies":[{"embeddable":true,"href":"https:\/\/zl.jewelry\/pl\/wp-json\/wp\/v2\/comments?post=35057"}],"version-history":[{"count":6,"href":"https:\/\/zl.jewelry\/pl\/wp-json\/wp\/v2\/pages\/35057\/revisions"}],"predecessor-version":[{"id":93233,"href":"https:\/\/zl.jewelry\/pl\/wp-json\/wp\/v2\/pages\/35057\/revisions\/93233"}],"wp:attachment":[{"href":"https:\/\/zl.jewelry\/pl\/wp-json\/wp\/v2\/media?parent=35057"}],"curies":[{"name":"wp","href":"https:\/\/api.w.org\/{rel}","templated":true}]}}