{"id":35054,"date":"2025-06-12T14:33:45","date_gmt":"2025-06-12T14:33:45","guid":{"rendered":"https:\/\/zl.jewelry\/free-booking-in-the-store\/"},"modified":"2026-01-13T12:32:37","modified_gmt":"2026-01-13T12:32:37","slug":"free-booking-in-the-store","status":"publish","type":"page","link":"https:\/\/zl.jewelry\/pl\/free-booking-in-the-store\/","title":{"rendered":"Bezp\u0142atna rezerwacja w sklepie"},"content":{"rendered":"<section class=\"l-section wpb_row height_small\"><div class=\"l-section-h i-cf\"><div class=\"g-cols vc_row via_flex valign_top type_default stacking_default\"><div class=\"vc_col-sm-12 wpb_column vc_column_container\"><div class=\"vc_column-inner\"><div class=\"wpb_wrapper\"><div class=\"wpb_text_column\"><div class=\"wpb_wrapper\"><h1 style=\"text-align: center;\">Bezp\u0142atna rezerwacja w sklepie<\/h1>\n<\/div><\/div><\/div><\/div><\/div><\/div><\/div><\/section><section class=\"l-section wpb_row height_small\"><div class=\"l-section-h i-cf\"><div class=\"g-cols vc_row via_flex valign_top type_default stacking_default\"><div class=\"vc_col-sm-12 wpb_column vc_column_container\"><div class=\"vc_column-inner\"><div class=\"wpb_wrapper\"><div class=\"wpb_text_column\"><div class=\"wpb_wrapper\"><p><span>Wszystkie nasze produkty s\u0105 dost\u0119pne w sprzeda\u017cy. Je\u015bli chcesz mie\u0107 pewno\u015b\u0107, \u017ce wybrany produkt b\u0119dzie na Ciebie czeka\u0142 &#8211; zalecamy dokonanie rezerwacji w naszym sklepie internetowym. <\/span><\/p>\n<p><span>Mened\u017cerowie sklepu internetowego skontaktuj\u0105 si\u0119 z Tob\u0105, skonsultuj\u0105 dost\u0119pno\u015b\u0107 i zarezerwuj\u0105 dla Ciebie ten produkt na okres 2 dni ca\u0142kowicie bezp\u0142atnie. <\/span><\/p>\n<p><span>Je\u015bli po up\u0142ywie uzgodnionego terminu produkt nie b\u0119dzie ju\u017c dost\u0119pny, zawsze mo\u017cesz z\u0142o\u017cy\u0107 indywidualne zam\u00f3wienie, <\/span>uwzgl\u0119dniaj\u0105ce Twoje \u017cyczenia.<\/p>\n<\/div><\/div><\/div><\/div><\/div><\/div><\/div><\/section>\n","protected":false},"excerpt":{"rendered":"Bezp\u0142atna rezerwacja w sklepie Wszystkie nasze produkty s\u0105 dost\u0119pne w sprzeda\u017cy. Je\u015bli chcesz mie\u0107 pewno\u015b\u0107, \u017ce wybrany produkt b\u0119dzie na Ciebie czeka\u0142 &#8211; zalecamy dokonanie rezerwacji w naszym sklepie internetowym. Mened\u017cerowie sklepu internetowego skontaktuj\u0105 si\u0119 z Tob\u0105, skonsultuj\u0105 dost\u0119pno\u015b\u0107 i zarezerwuj\u0105 dla Ciebie ten produkt na okres 2 dni ca\u0142kowicie bezp\u0142atnie. Je\u015bli po up\u0142ywie uzgodnionego...","protected":false},"author":1,"featured_media":0,"parent":0,"menu_order":0,"comment_status":"closed","ping_status":"closed","template":"","meta":{"_acf_changed":false,"footnotes":""},"class_list":["post-35054","page","type-page","status-publish","hentry"],"acf":[],"_links":{"self":[{"href":"https:\/\/zl.jewelry\/pl\/wp-json\/wp\/v2\/pages\/35054","targetHints":{"allow":["GET"]}}],"collection":[{"href":"https:\/\/zl.jewelry\/pl\/wp-json\/wp\/v2\/pages"}],"about":[{"href":"https:\/\/zl.jewelry\/pl\/wp-json\/wp\/v2\/types\/page"}],"author":[{"embeddable":true,"href":"https:\/\/zl.jewelry\/pl\/wp-json\/wp\/v2\/users\/1"}],"replies":[{"embeddable":true,"href":"https:\/\/zl.jewelry\/pl\/wp-json\/wp\/v2\/comments?post=35054"}],"version-history":[{"count":7,"href":"https:\/\/zl.jewelry\/pl\/wp-json\/wp\/v2\/pages\/35054\/revisions"}],"predecessor-version":[{"id":93209,"href":"https:\/\/zl.jewelry\/pl\/wp-json\/wp\/v2\/pages\/35054\/revisions\/93209"}],"wp:attachment":[{"href":"https:\/\/zl.jewelry\/pl\/wp-json\/wp\/v2\/media?parent=35054"}],"curies":[{"name":"wp","href":"https:\/\/api.w.org\/{rel}","templated":true}]}}